{"id":140,"date":"2025-03-23T21:25:09","date_gmt":"2025-03-23T21:25:09","guid":{"rendered":"https:\/\/iptvkonge.com\/?page_id=140"},"modified":"2026-04-08T08:23:08","modified_gmt":"2026-04-08T08:23:08","slug":"sport-tabla","status":"publish","type":"page","link":"https:\/\/iptvkonge.com\/da\/sport-tabla\/","title":{"rendered":"Sport Tabl\u00e5"},"content":{"rendered":"<div data-elementor-type=\"wp-page\" data-elementor-id=\"140\" class=\"elementor elementor-140\" data-elementor-post-type=\"page\">\n\t\t\t\t\t\t<section class=\"elementor-section elementor-top-section elementor-element elementor-element-d1e180d elementor-section-boxed elementor-section-height-default elementor-section-height-default\" data-id=\"d1e180d\" data-element_type=\"section\" data-e-type=\"section\" data-settings=\"{&quot;background_background&quot;:&quot;classic&quot;}\">\n\t\t\t\t\t\t<div class=\"elementor-container elementor-column-gap-default\">\n\t\t\t\t\t<div class=\"elementor-column elementor-col-100 elementor-top-column elementor-element elementor-element-ed2e086\" data-id=\"ed2e086\" data-element_type=\"column\" data-e-type=\"column\">\n\t\t\t<div class=\"elementor-widget-wrap elementor-element-populated\">\n\t\t\t\t\t\t<div class=\"elementor-element elementor-element-eac46d9 elementor-widget elementor-widget-heading\" data-id=\"eac46d9\" data-element_type=\"widget\" data-e-type=\"widget\" data-widget_type=\"heading.default\">\n\t\t\t\t<div class=\"elementor-widget-container\">\n\t\t\t\t\t<h2 class=\"elementor-heading-title elementor-size-default\">Sport Tabl\u00e5\n<\/h2>\t\t\t\t<\/div>\n\t\t\t\t<\/div>\n\t\t\t\t<div class=\"elementor-element elementor-element-f02823a elementor-widget elementor-widget-text-editor\" data-id=\"f02823a\" data-element_type=\"widget\" data-e-type=\"widget\" data-widget_type=\"text-editor.default\">\n\t\t\t\t<div class=\"elementor-widget-container\">\n\t\t\t\t\t\t\t\t\t<p>Missa inga viktiga sportevenemang! H\u00e4r hittar du alla tider och kanaler f\u00f6r sport p\u00e5 TV och streaming 3 dagar fram\u00e5t .<\/p>\t\t\t\t\t\t\t\t<\/div>\n\t\t\t\t<\/div>\n\t\t\t\t<div class=\"elementor-element elementor-element-87a3f33 elementor-widget elementor-widget-shortcode\" data-id=\"87a3f33\" data-element_type=\"widget\" data-e-type=\"widget\" data-widget_type=\"shortcode.default\">\n\t\t\t\t<div class=\"elementor-widget-container\">\n\t\t\t\t\t\t\t<div class=\"elementor-shortcode\"><iframe\n    src=\"https:\/\/www.tvmatchen.nu\/widget\/61719a4e0d33d?heading=Sport%20tabl%C3%A5%203%20dagar&border_color=custom&autoscroll=1&custom_colors=427ed1,f3f3f3,000c1e\"\n    width=\"100%\"\n    height=\"800\"\n    frameborder=\"0\">\n<\/iframe><\/div>\n\t\t\t\t\t\t<\/div>\n\t\t\t\t<\/div>\n\t\t\t\t\t<\/div>\n\t\t<\/div>\n\t\t\t\t\t<\/div>\n\t\t<\/section>\n\t\t\t\t<\/div>","protected":false},"excerpt":{"rendered":"<p>Sport Tabl\u00e5 Missa inga viktiga sportevenemang! H\u00e4r hittar du alla tider och kanaler f\u00f6r sport p\u00e5 TV och streaming 3 dagar fram\u00e5t .<\/p>","protected":false},"author":1,"featured_media":0,"parent":0,"menu_order":0,"comment_status":"closed","ping_status":"closed","template":"","meta":{"footnotes":""},"class_list":["post-140","page","type-page","status-publish","hentry"],"yoast_head":"<!-- This site is optimized with the Yoast SEO plugin v27.5 - https:\/\/yoast.com\/product\/yoast-seo-wordpress\/ -->\n<title>IPTV Sport Danmark 2026 | Se Alle Kampe Live i HD &amp; 4K<\/title>\n<meta name=\"description\" content=\"Se alle sportskanaler med IPTV i Danmark. F\u00e5 adgang til Superliga, Premier League, UFC og mere i HD &amp; 4K uden buffering.\" \/>\n<meta name=\"robots\" content=\"index, follow, max-snippet:-1, max-image-preview:large, max-video-preview:-1\" \/>\n<link rel=\"canonical\" href=\"https:\/\/iptvkonge.com\/da\/sport-tabla\/\" \/>\n<meta property=\"og:locale\" content=\"da_DK\" \/>\n<meta property=\"og:type\" content=\"article\" \/>\n<meta property=\"og:title\" content=\"IPTV Sport Danmark 2026 | Se Alle Kampe Live i HD &amp; 4K\" \/>\n<meta property=\"og:description\" content=\"Se alle sportskanaler med IPTV i Danmark. F\u00e5 adgang til Superliga, Premier League, UFC og mere i HD &amp; 4K uden buffering.\" \/>\n<meta property=\"og:url\" content=\"https:\/\/iptvkonge.com\/da\/sport-tabla\/\" \/>\n<meta property=\"og:site_name\" content=\"IPTV Konge\" \/>\n<meta property=\"article:modified_time\" content=\"2026-04-08T08:23:08+00:00\" \/>\n<meta name=\"twitter:card\" content=\"summary_large_image\" \/>\n<meta name=\"twitter:label1\" content=\"Estimeret l\u00e6setid\" \/>\n\t<meta name=\"twitter:data1\" content=\"1 minut\" \/>\n<script type=\"application\/ld+json\" class=\"yoast-schema-graph\">{\"@context\":\"https:\\\/\\\/schema.org\",\"@graph\":[{\"@type\":\"TechArticle\",\"@id\":\"https:\\\/\\\/iptvkonge.com\\\/sport-tabla\\\/#article\",\"isPartOf\":{\"@id\":\"https:\\\/\\\/iptvkonge.com\\\/sport-tabla\\\/\"},\"author\":{\"name\":\"admin\",\"@id\":\"https:\\\/\\\/iptvkonge.com\\\/#\\\/schema\\\/person\\\/2700f5d8f3f6a90979c88cc77c35f134\"},\"headline\":\"Sport Tabl\u00e5\",\"datePublished\":\"2025-03-23T21:25:09+00:00\",\"dateModified\":\"2026-04-08T08:23:08+00:00\",\"mainEntityOfPage\":{\"@id\":\"https:\\\/\\\/iptvkonge.com\\\/sport-tabla\\\/\"},\"wordCount\":26,\"inLanguage\":\"da-DK\"},{\"@type\":\"WebPage\",\"@id\":\"https:\\\/\\\/iptvkonge.com\\\/sport-tabla\\\/\",\"url\":\"https:\\\/\\\/iptvkonge.com\\\/sport-tabla\\\/\",\"name\":\"IPTV Sport Danmark 2026 | Se Alle Kampe Live i HD & 4K\",\"isPartOf\":{\"@id\":\"https:\\\/\\\/iptvkonge.com\\\/#website\"},\"datePublished\":\"2025-03-23T21:25:09+00:00\",\"dateModified\":\"2026-04-08T08:23:08+00:00\",\"description\":\"Se alle sportskanaler med IPTV i Danmark. F\u00e5 adgang til Superliga, Premier League, UFC og mere i HD & 4K uden buffering.\",\"breadcrumb\":{\"@id\":\"https:\\\/\\\/iptvkonge.com\\\/sport-tabla\\\/#breadcrumb\"},\"inLanguage\":\"da-DK\",\"potentialAction\":[{\"@type\":\"ReadAction\",\"target\":[\"https:\\\/\\\/iptvkonge.com\\\/sport-tabla\\\/\"]}]},{\"@type\":\"BreadcrumbList\",\"@id\":\"https:\\\/\\\/iptvkonge.com\\\/sport-tabla\\\/#breadcrumb\",\"itemListElement\":[{\"@type\":\"ListItem\",\"position\":1,\"name\":\"Home\",\"item\":\"https:\\\/\\\/iptvkonge.com\\\/\"},{\"@type\":\"ListItem\",\"position\":2,\"name\":\"Sport Tabl\u00e5\"}]},{\"@type\":\"WebSite\",\"@id\":\"https:\\\/\\\/iptvkonge.com\\\/#website\",\"url\":\"https:\\\/\\\/iptvkonge.com\\\/\",\"name\":\"IPTV Konge\",\"description\":\"\",\"potentialAction\":[{\"@type\":\"SearchAction\",\"target\":{\"@type\":\"EntryPoint\",\"urlTemplate\":\"https:\\\/\\\/iptvkonge.com\\\/?s={search_term_string}\"},\"query-input\":{\"@type\":\"PropertyValueSpecification\",\"valueRequired\":true,\"valueName\":\"search_term_string\"}}],\"inLanguage\":\"da-DK\"},{\"@type\":\"Person\",\"@id\":\"https:\\\/\\\/iptvkonge.com\\\/#\\\/schema\\\/person\\\/2700f5d8f3f6a90979c88cc77c35f134\",\"name\":\"admin\",\"image\":{\"@type\":\"ImageObject\",\"inLanguage\":\"da-DK\",\"@id\":\"https:\\\/\\\/secure.gravatar.com\\\/avatar\\\/ed0ebc66c502eb6b2fe8fc755b1286dee86bf48035e0cb80e3b853d453353cd3?s=96&d=mm&r=g\",\"url\":\"https:\\\/\\\/secure.gravatar.com\\\/avatar\\\/ed0ebc66c502eb6b2fe8fc755b1286dee86bf48035e0cb80e3b853d453353cd3?s=96&d=mm&r=g\",\"contentUrl\":\"https:\\\/\\\/secure.gravatar.com\\\/avatar\\\/ed0ebc66c502eb6b2fe8fc755b1286dee86bf48035e0cb80e3b853d453353cd3?s=96&d=mm&r=g\",\"caption\":\"admin\"},\"sameAs\":[\"https:\\\/\\\/iptvkonge.com\"],\"url\":\"https:\\\/\\\/iptvkonge.com\\\/da\\\/author\\\/admin_fcauls5o\\\/\"}]}<\/script>\n<!-- \/ Yoast SEO plugin. -->","yoast_head_json":{"title":"IPTV Sport Danmark 2026 | Se Alle Kampe Live i HD & 4K","description":"Se alle sportskanaler med IPTV i Danmark. F\u00e5 adgang til Superliga, Premier League, UFC og mere i HD & 4K uden buffering.","robots":{"index":"index","follow":"follow","max-snippet":"max-snippet:-1","max-image-preview":"max-image-preview:large","max-video-preview":"max-video-preview:-1"},"canonical":"https:\/\/iptvkonge.com\/da\/sport-tabla\/","og_locale":"da_DK","og_type":"article","og_title":"IPTV Sport Danmark 2026 | Se Alle Kampe Live i HD & 4K","og_description":"Se alle sportskanaler med IPTV i Danmark. F\u00e5 adgang til Superliga, Premier League, UFC og mere i HD & 4K uden buffering.","og_url":"https:\/\/iptvkonge.com\/da\/sport-tabla\/","og_site_name":"IPTV Konge","article_modified_time":"2026-04-08T08:23:08+00:00","twitter_card":"summary_large_image","twitter_misc":{"Estimeret l\u00e6setid":"1 minut"},"schema":{"@context":"https:\/\/schema.org","@graph":[{"@type":"TechArticle","@id":"https:\/\/iptvkonge.com\/sport-tabla\/#article","isPartOf":{"@id":"https:\/\/iptvkonge.com\/sport-tabla\/"},"author":{"name":"admin","@id":"https:\/\/iptvkonge.com\/#\/schema\/person\/2700f5d8f3f6a90979c88cc77c35f134"},"headline":"Sport Tabl\u00e5","datePublished":"2025-03-23T21:25:09+00:00","dateModified":"2026-04-08T08:23:08+00:00","mainEntityOfPage":{"@id":"https:\/\/iptvkonge.com\/sport-tabla\/"},"wordCount":26,"inLanguage":"da-DK"},{"@type":"WebPage","@id":"https:\/\/iptvkonge.com\/sport-tabla\/","url":"https:\/\/iptvkonge.com\/sport-tabla\/","name":"IPTV Sport Danmark 2026 | Se Alle Kampe Live i HD & 4K","isPartOf":{"@id":"https:\/\/iptvkonge.com\/#website"},"datePublished":"2025-03-23T21:25:09+00:00","dateModified":"2026-04-08T08:23:08+00:00","description":"Se alle sportskanaler med IPTV i Danmark. F\u00e5 adgang til Superliga, Premier League, UFC og mere i HD & 4K uden buffering.","breadcrumb":{"@id":"https:\/\/iptvkonge.com\/sport-tabla\/#breadcrumb"},"inLanguage":"da-DK","potentialAction":[{"@type":"ReadAction","target":["https:\/\/iptvkonge.com\/sport-tabla\/"]}]},{"@type":"BreadcrumbList","@id":"https:\/\/iptvkonge.com\/sport-tabla\/#breadcrumb","itemListElement":[{"@type":"ListItem","position":1,"name":"Home","item":"https:\/\/iptvkonge.com\/"},{"@type":"ListItem","position":2,"name":"Sport Tabl\u00e5"}]},{"@type":"WebSite","@id":"https:\/\/iptvkonge.com\/#website","url":"https:\/\/iptvkonge.com\/","name":"IPTV Konge","description":"","potentialAction":[{"@type":"SearchAction","target":{"@type":"EntryPoint","urlTemplate":"https:\/\/iptvkonge.com\/?s={search_term_string}"},"query-input":{"@type":"PropertyValueSpecification","valueRequired":true,"valueName":"search_term_string"}}],"inLanguage":"da-DK"},{"@type":"Person","@id":"https:\/\/iptvkonge.com\/#\/schema\/person\/2700f5d8f3f6a90979c88cc77c35f134","name":"admin","image":{"@type":"ImageObject","inLanguage":"da-DK","@id":"https:\/\/secure.gravatar.com\/avatar\/ed0ebc66c502eb6b2fe8fc755b1286dee86bf48035e0cb80e3b853d453353cd3?s=96&d=mm&r=g","url":"https:\/\/secure.gravatar.com\/avatar\/ed0ebc66c502eb6b2fe8fc755b1286dee86bf48035e0cb80e3b853d453353cd3?s=96&d=mm&r=g","contentUrl":"https:\/\/secure.gravatar.com\/avatar\/ed0ebc66c502eb6b2fe8fc755b1286dee86bf48035e0cb80e3b853d453353cd3?s=96&d=mm&r=g","caption":"admin"},"sameAs":["https:\/\/iptvkonge.com"],"url":"https:\/\/iptvkonge.com\/da\/author\/admin_fcauls5o\/"}]}},"_links":{"self":[{"href":"https:\/\/iptvkonge.com\/da\/wp-json\/wp\/v2\/pages\/140","targetHints":{"allow":["GET"]}}],"collection":[{"href":"https:\/\/iptvkonge.com\/da\/wp-json\/wp\/v2\/pages"}],"about":[{"href":"https:\/\/iptvkonge.com\/da\/wp-json\/wp\/v2\/types\/page"}],"author":[{"embeddable":true,"href":"https:\/\/iptvkonge.com\/da\/wp-json\/wp\/v2\/users\/1"}],"replies":[{"embeddable":true,"href":"https:\/\/iptvkonge.com\/da\/wp-json\/wp\/v2\/comments?post=140"}],"version-history":[{"count":2,"href":"https:\/\/iptvkonge.com\/da\/wp-json\/wp\/v2\/pages\/140\/revisions"}],"predecessor-version":[{"id":684,"href":"https:\/\/iptvkonge.com\/da\/wp-json\/wp\/v2\/pages\/140\/revisions\/684"}],"wp:attachment":[{"href":"https:\/\/iptvkonge.com\/da\/wp-json\/wp\/v2\/media?parent=140"}],"curies":[{"name":"wp","href":"https:\/\/api.w.org\/{rel}","templated":true}]}}