{"id":142,"date":"2025-03-23T21:25:40","date_gmt":"2025-03-23T21:25:40","guid":{"rendered":"https:\/\/iptvkonge.com\/?page_id=142"},"modified":"2026-04-08T08:26:59","modified_gmt":"2026-04-08T08:26:59","slug":"vlc-player-computer","status":"publish","type":"page","link":"https:\/\/iptvkonge.com\/da\/vlc-player-computer\/","title":{"rendered":"VLC Player (Computer)"},"content":{"rendered":"<div data-elementor-type=\"wp-page\" data-elementor-id=\"142\" class=\"elementor elementor-142\" data-elementor-post-type=\"page\">\n\t\t\t\t\t\t<section class=\"elementor-section elementor-top-section elementor-element elementor-element-7852644 elementor-section-boxed elementor-section-height-default elementor-section-height-default\" data-id=\"7852644\" data-element_type=\"section\" data-e-type=\"section\" data-settings=\"{&quot;background_background&quot;:&quot;classic&quot;}\">\n\t\t\t\t\t\t<div class=\"elementor-container elementor-column-gap-default\">\n\t\t\t\t\t<div class=\"elementor-column elementor-col-100 elementor-top-column elementor-element elementor-element-7b7eb34\" data-id=\"7b7eb34\" data-element_type=\"column\" data-e-type=\"column\">\n\t\t\t<div class=\"elementor-widget-wrap elementor-element-populated\">\n\t\t\t\t\t\t<div class=\"elementor-element elementor-element-ba1e277 elementor-widget elementor-widget-heading\" data-id=\"ba1e277\" data-element_type=\"widget\" data-e-type=\"widget\" data-widget_type=\"heading.default\">\n\t\t\t\t<div class=\"elementor-widget-container\">\n\t\t\t\t\t<h2 class=\"elementor-heading-title elementor-size-default\">Trin 1, f\u00f8r du l\u00e6ser vejledningerne, er, at du bestiller en service fra os<\/h2>\t\t\t\t<\/div>\n\t\t\t\t<\/div>\n\t\t\t\t<div class=\"elementor-element elementor-element-136bbfa elementor-align-center elementor-widget elementor-widget-button\" data-id=\"136bbfa\" data-element_type=\"widget\" data-e-type=\"widget\" data-widget_type=\"button.default\">\n\t\t\t\t<div class=\"elementor-widget-container\">\n\t\t\t\t\t\t\t\t\t<div class=\"elementor-button-wrapper\">\n\t\t\t\t\t<a class=\"elementor-button elementor-button-link elementor-size-xs\" href=\"https:\/\/iptvkonge.com\/shop\/\">\n\t\t\t\t\t\t<span class=\"elementor-button-content-wrapper\">\n\t\t\t\t\t\t\t\t\t<span class=\"elementor-button-text\"><font style=\"vertical-align: inherit\"><font style=\"vertical-align: inherit\"><font style=\"vertical-align: inherit\"><font style=\"vertical-align: inherit\">BESTILLE<\/font><\/font><\/font><\/font><font style=\"vertical-align: inherit\"><font style=\"vertical-align: inherit\"><\/font><\/font><\/span>\n\t\t\t\t\t<\/span>\n\t\t\t\t\t<\/a>\n\t\t\t\t<\/div>\n\t\t\t\t\t\t\t\t<\/div>\n\t\t\t\t<\/div>\n\t\t\t\t<div class=\"elementor-element elementor-element-15189b7 elementor-widget-divider--view-line elementor-widget elementor-widget-divider\" data-id=\"15189b7\" data-element_type=\"widget\" data-e-type=\"widget\" data-widget_type=\"divider.default\">\n\t\t\t\t<div class=\"elementor-widget-container\">\n\t\t\t\t\t\t\t<div class=\"elementor-divider\">\n\t\t\t<span class=\"elementor-divider-separator\">\n\t\t\t\t\t\t<\/span>\n\t\t<\/div>\n\t\t\t\t\t\t<\/div>\n\t\t\t\t<\/div>\n\t\t\t\t<div class=\"elementor-element elementor-element-4bd5d09 elementor-widget elementor-widget-heading\" data-id=\"4bd5d09\" data-element_type=\"widget\" data-e-type=\"widget\" data-widget_type=\"heading.default\">\n\t\t\t\t<div class=\"elementor-widget-container\">\n\t\t\t\t\t<h2 class=\"elementor-heading-title elementor-size-default\">VLC Player (computer)<\/h2>\t\t\t\t<\/div>\n\t\t\t\t<\/div>\n\t\t\t\t<div class=\"elementor-element elementor-element-d37edb1 elementor-widget elementor-widget-image\" data-id=\"d37edb1\" data-element_type=\"widget\" data-e-type=\"widget\" data-widget_type=\"image.default\">\n\t\t\t\t<div class=\"elementor-widget-container\">\n\t\t\t\t\t\t\t\t\t\t\t\t\t\t\t<img fetchpriority=\"high\" decoding=\"async\" width=\"476\" height=\"315\" src=\"https:\/\/iptvkonge.com\/wp-content\/uploads\/2025\/03\/VLC-1.png\" class=\"attachment-large size-large wp-image-233\" alt=\"\" srcset=\"https:\/\/iptvkonge.com\/wp-content\/uploads\/2025\/03\/VLC-1.png 476w, https:\/\/iptvkonge.com\/wp-content\/uploads\/2025\/03\/VLC-1-300x199.png 300w\" sizes=\"(max-width: 476px) 100vw, 476px\" \/>\t\t\t\t\t\t\t\t\t\t\t\t\t\t\t<\/div>\n\t\t\t\t<\/div>\n\t\t\t\t<div class=\"elementor-element elementor-element-889d2c2 elementor-widget elementor-widget-text-editor\" data-id=\"889d2c2\" data-element_type=\"widget\" data-e-type=\"widget\" data-widget_type=\"text-editor.default\">\n\t\t\t\t<div class=\"elementor-widget-container\">\n\t\t\t\t\t\t\t\t\t<div class=\"text-wrap tlid-copy-target\"><div class=\"result-shield-container tlid-copy-target\" tabindex=\"0\"><strong><span class=\"tlid-translation translation\" lang=\"da\"><span class=\"\" title=\"\">Mulighed 1<\/span><\/span><\/strong><\/div><\/div><p><strong>1. <span class=\"tlid-translation translation\" lang=\"da\"><span class=\"\" title=\"\">Download VLC p\u00e5 din computer fra google.<\/span><\/span>(<span class=\"tlid-translation translation\" lang=\"da\"><span class=\"\" title=\"\">her<\/span><\/span> <a href=\"https:\/\/www.videolan.org\/index.sv.html\" target=\"_blank\" rel=\"noopener\">https:\/\/www.videolan.org\/index.sv.html<\/a>)<\/strong><br \/><strong><span class=\"tlid-translation translation\" lang=\"da\"><span title=\"\">2. du vil modtage et link fra os (m3u), som vi sender til din e-mail.<\/span><br \/><span title=\"\">3. Klik p\u00e5 det link, du har modtaget fra os via e-mail, download m3u-filen.<\/span><br \/><span class=\"\" title=\"\">4. \u00c5bn m3u-filen i VLC, og alle kanaler indl\u00e6ses automatisk.<\/span><\/span><\/strong><br \/><strong>5. G\u00e5 til \u201cplaylist\u201d <span class=\"tlid-translation translation\" lang=\"da\"><span class=\"\" title=\"\">i menuen ser du hele kanallisten.<\/span><\/span><br \/><\/strong><\/p>\t\t\t\t\t\t\t\t<\/div>\n\t\t\t\t<\/div>\n\t\t\t\t<div class=\"elementor-element elementor-element-d371911 elementor-widget elementor-widget-text-editor\" data-id=\"d371911\" data-element_type=\"widget\" data-e-type=\"widget\" data-widget_type=\"text-editor.default\">\n\t\t\t\t<div class=\"elementor-widget-container\">\n\t\t\t\t\t\t\t\t\t<p><span class=\"tlid-translation translation\" lang=\"da\"><span class=\"\" title=\"\"><strong>Mulighed 2<\/strong><\/span><\/span><\/p><p><strong>1. <span class=\"tlid-translation translation\" lang=\"da\"><span class=\"\" title=\"\">Download VLC<\/span><\/span> -&gt; <a href=\"https:\/\/www.videolan.org\/vlc\/\">https:\/\/www.videolan.org\/vlc\/ \u00a0<\/a><br \/><span class=\"tlid-translation translation\" lang=\"da\"><span title=\"\">2. Installer.<\/span><br \/><span class=\"\" title=\"\">3. \u00c5bn<\/span><\/span> VLC -&gt; MEDIA -&gt; <span class=\"tlid-translation translation\" lang=\"da\"><span class=\"\" title=\"\">\u00c5bn vekselstr\u00f8m<\/span><\/span> (Open network stream).<br \/>4. <span class=\"tlid-translation translation\" lang=\"da\"><span class=\"\" title=\"\">Inds\u00e6t m3u Det link der, du har modtaget via e-mail.<\/span><\/span><br \/>5. <span class=\"tlid-translation translation\" lang=\"da\"><span class=\"\" title=\"\">Tryk p\u00e5 Play \/ start KLAR!<\/span> <span title=\"\">Hvis du f\u00f8lger alt korrekt, skal du kunne se tv.<\/span> <span class=\"\" title=\"\">(Vent et stykke tid efter tryk p\u00e5 PLAY, det kan tage et par sekunder F\u00d8R str\u00f8mmen starter, op til 30 sekunder ..)<\/span><\/span><br \/><\/strong><\/p>\t\t\t\t\t\t\t\t<\/div>\n\t\t\t\t<\/div>\n\t\t\t\t\t<\/div>\n\t\t<\/div>\n\t\t\t\t\t<\/div>\n\t\t<\/section>\n\t\t\t\t<\/div>","protected":false},"excerpt":{"rendered":"<p>Trin 1, f\u00f8r du l\u00e6ser vejledningerne, er, at du bestiller en service fra os BESTILLE VLC Player (computer) Mulighed 1 1. Download VLC p\u00e5 din computer fra google.(her https:\/\/www.videolan.org\/index.sv.html)2. du vil modtage et link fra os (m3u), som vi sender til din e-mail.3. Klik p\u00e5 det link, du har modtaget fra os via e-mail, download [&hellip;]<\/p>\n","protected":false},"author":1,"featured_media":0,"parent":0,"menu_order":0,"comment_status":"closed","ping_status":"closed","template":"","meta":{"footnotes":""},"class_list":["post-142","page","type-page","status-publish","hentry"],"yoast_head":"<!-- This site is optimized with the Yoast SEO plugin v27.5 - https:\/\/yoast.com\/product\/yoast-seo-wordpress\/ -->\n<title>IPTV p\u00e5 VLC Player Computer | Guide 2026 (PC &amp; Mac)<\/title>\n<meta name=\"description\" content=\"L\u00e6r hvordan du installerer IPTV p\u00e5 VLC Player p\u00e5 computer. Trin-for-trin guide til PC &amp; Mac med M3U link og stabil streaming.\" \/>\n<meta name=\"robots\" content=\"index, follow, max-snippet:-1, max-image-preview:large, max-video-preview:-1\" \/>\n<link rel=\"canonical\" href=\"https:\/\/iptvkonge.com\/da\/vlc-player-computer\/\" \/>\n<meta property=\"og:locale\" content=\"da_DK\" \/>\n<meta property=\"og:type\" content=\"article\" \/>\n<meta property=\"og:title\" content=\"IPTV p\u00e5 VLC Player Computer | Guide 2026 (PC &amp; Mac)\" \/>\n<meta property=\"og:description\" content=\"L\u00e6r hvordan du installerer IPTV p\u00e5 VLC Player p\u00e5 computer. Trin-for-trin guide til PC &amp; Mac med M3U link og stabil streaming.\" \/>\n<meta property=\"og:url\" content=\"https:\/\/iptvkonge.com\/da\/vlc-player-computer\/\" \/>\n<meta property=\"og:site_name\" content=\"IPTV Konge\" \/>\n<meta property=\"article:modified_time\" content=\"2026-04-08T08:26:59+00:00\" \/>\n<meta property=\"og:image\" content=\"https:\/\/iptvkonge.com\/wp-content\/uploads\/2025\/03\/VLC-1.png\" \/>\n<meta name=\"twitter:card\" content=\"summary_large_image\" \/>\n<meta name=\"twitter:label1\" content=\"Estimeret l\u00e6setid\" \/>\n\t<meta name=\"twitter:data1\" content=\"1 minut\" \/>\n<script type=\"application\/ld+json\" class=\"yoast-schema-graph\">{\"@context\":\"https:\\\/\\\/schema.org\",\"@graph\":[{\"@type\":\"TechArticle\",\"@id\":\"https:\\\/\\\/iptvkonge.com\\\/vlc-player-computer\\\/#article\",\"isPartOf\":{\"@id\":\"https:\\\/\\\/iptvkonge.com\\\/vlc-player-computer\\\/\"},\"author\":{\"name\":\"admin\",\"@id\":\"https:\\\/\\\/iptvkonge.com\\\/#\\\/schema\\\/person\\\/2700f5d8f3f6a90979c88cc77c35f134\"},\"headline\":\"VLC Player (Computer)\",\"datePublished\":\"2025-03-23T21:25:40+00:00\",\"dateModified\":\"2026-04-08T08:26:59+00:00\",\"mainEntityOfPage\":{\"@id\":\"https:\\\/\\\/iptvkonge.com\\\/vlc-player-computer\\\/\"},\"wordCount\":161,\"image\":{\"@id\":\"https:\\\/\\\/iptvkonge.com\\\/vlc-player-computer\\\/#primaryimage\"},\"thumbnailUrl\":\"https:\\\/\\\/iptvkonge.com\\\/wp-content\\\/uploads\\\/2025\\\/03\\\/VLC-1.png\",\"inLanguage\":\"da-DK\"},{\"@type\":\"WebPage\",\"@id\":\"https:\\\/\\\/iptvkonge.com\\\/vlc-player-computer\\\/\",\"url\":\"https:\\\/\\\/iptvkonge.com\\\/vlc-player-computer\\\/\",\"name\":\"IPTV p\u00e5 VLC Player Computer | Guide 2026 (PC & Mac)\",\"isPartOf\":{\"@id\":\"https:\\\/\\\/iptvkonge.com\\\/#website\"},\"primaryImageOfPage\":{\"@id\":\"https:\\\/\\\/iptvkonge.com\\\/vlc-player-computer\\\/#primaryimage\"},\"image\":{\"@id\":\"https:\\\/\\\/iptvkonge.com\\\/vlc-player-computer\\\/#primaryimage\"},\"thumbnailUrl\":\"https:\\\/\\\/iptvkonge.com\\\/wp-content\\\/uploads\\\/2025\\\/03\\\/VLC-1.png\",\"datePublished\":\"2025-03-23T21:25:40+00:00\",\"dateModified\":\"2026-04-08T08:26:59+00:00\",\"description\":\"L\u00e6r hvordan du installerer IPTV p\u00e5 VLC Player p\u00e5 computer. Trin-for-trin guide til PC & Mac med M3U link og stabil streaming.\",\"breadcrumb\":{\"@id\":\"https:\\\/\\\/iptvkonge.com\\\/vlc-player-computer\\\/#breadcrumb\"},\"inLanguage\":\"da-DK\",\"potentialAction\":[{\"@type\":\"ReadAction\",\"target\":[\"https:\\\/\\\/iptvkonge.com\\\/vlc-player-computer\\\/\"]}]},{\"@type\":\"ImageObject\",\"inLanguage\":\"da-DK\",\"@id\":\"https:\\\/\\\/iptvkonge.com\\\/vlc-player-computer\\\/#primaryimage\",\"url\":\"https:\\\/\\\/iptvkonge.com\\\/wp-content\\\/uploads\\\/2025\\\/03\\\/VLC-1.png\",\"contentUrl\":\"https:\\\/\\\/iptvkonge.com\\\/wp-content\\\/uploads\\\/2025\\\/03\\\/VLC-1.png\"},{\"@type\":\"BreadcrumbList\",\"@id\":\"https:\\\/\\\/iptvkonge.com\\\/vlc-player-computer\\\/#breadcrumb\",\"itemListElement\":[{\"@type\":\"ListItem\",\"position\":1,\"name\":\"Home\",\"item\":\"https:\\\/\\\/iptvkonge.com\\\/\"},{\"@type\":\"ListItem\",\"position\":2,\"name\":\"VLC Player (Computer)\"}]},{\"@type\":\"WebSite\",\"@id\":\"https:\\\/\\\/iptvkonge.com\\\/#website\",\"url\":\"https:\\\/\\\/iptvkonge.com\\\/\",\"name\":\"IPTV Konge\",\"description\":\"\",\"potentialAction\":[{\"@type\":\"SearchAction\",\"target\":{\"@type\":\"EntryPoint\",\"urlTemplate\":\"https:\\\/\\\/iptvkonge.com\\\/?s={search_term_string}\"},\"query-input\":{\"@type\":\"PropertyValueSpecification\",\"valueRequired\":true,\"valueName\":\"search_term_string\"}}],\"inLanguage\":\"da-DK\"},{\"@type\":\"Person\",\"@id\":\"https:\\\/\\\/iptvkonge.com\\\/#\\\/schema\\\/person\\\/2700f5d8f3f6a90979c88cc77c35f134\",\"name\":\"admin\",\"image\":{\"@type\":\"ImageObject\",\"inLanguage\":\"da-DK\",\"@id\":\"https:\\\/\\\/secure.gravatar.com\\\/avatar\\\/ed0ebc66c502eb6b2fe8fc755b1286dee86bf48035e0cb80e3b853d453353cd3?s=96&d=mm&r=g\",\"url\":\"https:\\\/\\\/secure.gravatar.com\\\/avatar\\\/ed0ebc66c502eb6b2fe8fc755b1286dee86bf48035e0cb80e3b853d453353cd3?s=96&d=mm&r=g\",\"contentUrl\":\"https:\\\/\\\/secure.gravatar.com\\\/avatar\\\/ed0ebc66c502eb6b2fe8fc755b1286dee86bf48035e0cb80e3b853d453353cd3?s=96&d=mm&r=g\",\"caption\":\"admin\"},\"sameAs\":[\"https:\\\/\\\/iptvkonge.com\"],\"url\":\"https:\\\/\\\/iptvkonge.com\\\/da\\\/author\\\/admin_fcauls5o\\\/\"}]}<\/script>\n<!-- \/ Yoast SEO plugin. -->","yoast_head_json":{"title":"IPTV p\u00e5 VLC Player Computer | Guide 2026 (PC & Mac)","description":"L\u00e6r hvordan du installerer IPTV p\u00e5 VLC Player p\u00e5 computer. Trin-for-trin guide til PC & Mac med M3U link og stabil streaming.","robots":{"index":"index","follow":"follow","max-snippet":"max-snippet:-1","max-image-preview":"max-image-preview:large","max-video-preview":"max-video-preview:-1"},"canonical":"https:\/\/iptvkonge.com\/da\/vlc-player-computer\/","og_locale":"da_DK","og_type":"article","og_title":"IPTV p\u00e5 VLC Player Computer | Guide 2026 (PC & Mac)","og_description":"L\u00e6r hvordan du installerer IPTV p\u00e5 VLC Player p\u00e5 computer. Trin-for-trin guide til PC & Mac med M3U link og stabil streaming.","og_url":"https:\/\/iptvkonge.com\/da\/vlc-player-computer\/","og_site_name":"IPTV Konge","article_modified_time":"2026-04-08T08:26:59+00:00","og_image":[{"url":"https:\/\/iptvkonge.com\/wp-content\/uploads\/2025\/03\/VLC-1.png","type":"","width":"","height":""}],"twitter_card":"summary_large_image","twitter_misc":{"Estimeret l\u00e6setid":"1 minut"},"schema":{"@context":"https:\/\/schema.org","@graph":[{"@type":"TechArticle","@id":"https:\/\/iptvkonge.com\/vlc-player-computer\/#article","isPartOf":{"@id":"https:\/\/iptvkonge.com\/vlc-player-computer\/"},"author":{"name":"admin","@id":"https:\/\/iptvkonge.com\/#\/schema\/person\/2700f5d8f3f6a90979c88cc77c35f134"},"headline":"VLC Player (Computer)","datePublished":"2025-03-23T21:25:40+00:00","dateModified":"2026-04-08T08:26:59+00:00","mainEntityOfPage":{"@id":"https:\/\/iptvkonge.com\/vlc-player-computer\/"},"wordCount":161,"image":{"@id":"https:\/\/iptvkonge.com\/vlc-player-computer\/#primaryimage"},"thumbnailUrl":"https:\/\/iptvkonge.com\/wp-content\/uploads\/2025\/03\/VLC-1.png","inLanguage":"da-DK"},{"@type":"WebPage","@id":"https:\/\/iptvkonge.com\/vlc-player-computer\/","url":"https:\/\/iptvkonge.com\/vlc-player-computer\/","name":"IPTV p\u00e5 VLC Player Computer | Guide 2026 (PC & Mac)","isPartOf":{"@id":"https:\/\/iptvkonge.com\/#website"},"primaryImageOfPage":{"@id":"https:\/\/iptvkonge.com\/vlc-player-computer\/#primaryimage"},"image":{"@id":"https:\/\/iptvkonge.com\/vlc-player-computer\/#primaryimage"},"thumbnailUrl":"https:\/\/iptvkonge.com\/wp-content\/uploads\/2025\/03\/VLC-1.png","datePublished":"2025-03-23T21:25:40+00:00","dateModified":"2026-04-08T08:26:59+00:00","description":"L\u00e6r hvordan du installerer IPTV p\u00e5 VLC Player p\u00e5 computer. Trin-for-trin guide til PC & Mac med M3U link og stabil streaming.","breadcrumb":{"@id":"https:\/\/iptvkonge.com\/vlc-player-computer\/#breadcrumb"},"inLanguage":"da-DK","potentialAction":[{"@type":"ReadAction","target":["https:\/\/iptvkonge.com\/vlc-player-computer\/"]}]},{"@type":"ImageObject","inLanguage":"da-DK","@id":"https:\/\/iptvkonge.com\/vlc-player-computer\/#primaryimage","url":"https:\/\/iptvkonge.com\/wp-content\/uploads\/2025\/03\/VLC-1.png","contentUrl":"https:\/\/iptvkonge.com\/wp-content\/uploads\/2025\/03\/VLC-1.png"},{"@type":"BreadcrumbList","@id":"https:\/\/iptvkonge.com\/vlc-player-computer\/#breadcrumb","itemListElement":[{"@type":"ListItem","position":1,"name":"Home","item":"https:\/\/iptvkonge.com\/"},{"@type":"ListItem","position":2,"name":"VLC Player (Computer)"}]},{"@type":"WebSite","@id":"https:\/\/iptvkonge.com\/#website","url":"https:\/\/iptvkonge.com\/","name":"IPTV Konge","description":"","potentialAction":[{"@type":"SearchAction","target":{"@type":"EntryPoint","urlTemplate":"https:\/\/iptvkonge.com\/?s={search_term_string}"},"query-input":{"@type":"PropertyValueSpecification","valueRequired":true,"valueName":"search_term_string"}}],"inLanguage":"da-DK"},{"@type":"Person","@id":"https:\/\/iptvkonge.com\/#\/schema\/person\/2700f5d8f3f6a90979c88cc77c35f134","name":"admin","image":{"@type":"ImageObject","inLanguage":"da-DK","@id":"https:\/\/secure.gravatar.com\/avatar\/ed0ebc66c502eb6b2fe8fc755b1286dee86bf48035e0cb80e3b853d453353cd3?s=96&d=mm&r=g","url":"https:\/\/secure.gravatar.com\/avatar\/ed0ebc66c502eb6b2fe8fc755b1286dee86bf48035e0cb80e3b853d453353cd3?s=96&d=mm&r=g","contentUrl":"https:\/\/secure.gravatar.com\/avatar\/ed0ebc66c502eb6b2fe8fc755b1286dee86bf48035e0cb80e3b853d453353cd3?s=96&d=mm&r=g","caption":"admin"},"sameAs":["https:\/\/iptvkonge.com"],"url":"https:\/\/iptvkonge.com\/da\/author\/admin_fcauls5o\/"}]}},"_links":{"self":[{"href":"https:\/\/iptvkonge.com\/da\/wp-json\/wp\/v2\/pages\/142","targetHints":{"allow":["GET"]}}],"collection":[{"href":"https:\/\/iptvkonge.com\/da\/wp-json\/wp\/v2\/pages"}],"about":[{"href":"https:\/\/iptvkonge.com\/da\/wp-json\/wp\/v2\/types\/page"}],"author":[{"embeddable":true,"href":"https:\/\/iptvkonge.com\/da\/wp-json\/wp\/v2\/users\/1"}],"replies":[{"embeddable":true,"href":"https:\/\/iptvkonge.com\/da\/wp-json\/wp\/v2\/comments?post=142"}],"version-history":[{"count":1,"href":"https:\/\/iptvkonge.com\/da\/wp-json\/wp\/v2\/pages\/142\/revisions"}],"predecessor-version":[{"id":685,"href":"https:\/\/iptvkonge.com\/da\/wp-json\/wp\/v2\/pages\/142\/revisions\/685"}],"wp:attachment":[{"href":"https:\/\/iptvkonge.com\/da\/wp-json\/wp\/v2\/media?parent=142"}],"curies":[{"name":"wp","href":"https:\/\/api.w.org\/{rel}","templated":true}]}}