{"id":146,"date":"2025-03-23T21:26:17","date_gmt":"2025-03-23T21:26:17","guid":{"rendered":"https:\/\/iptvkonge.com\/?page_id=146"},"modified":"2026-04-08T08:36:16","modified_gmt":"2026-04-08T08:36:16","slug":"tvip-box","status":"publish","type":"page","link":"https:\/\/iptvkonge.com\/da\/tvip-box\/","title":{"rendered":"TVIP box"},"content":{"rendered":"<div data-elementor-type=\"wp-page\" data-elementor-id=\"146\" class=\"elementor elementor-146\" data-elementor-post-type=\"page\">\n\t\t\t\t\t\t<section class=\"elementor-section elementor-top-section elementor-element elementor-element-bd106a0 elementor-section-boxed elementor-section-height-default elementor-section-height-default\" data-id=\"bd106a0\" data-element_type=\"section\" data-e-type=\"section\" data-settings=\"{&quot;background_background&quot;:&quot;classic&quot;}\">\n\t\t\t\t\t\t<div class=\"elementor-container elementor-column-gap-default\">\n\t\t\t\t\t<div class=\"elementor-column elementor-col-100 elementor-top-column elementor-element elementor-element-243c403\" data-id=\"243c403\" data-element_type=\"column\" data-e-type=\"column\">\n\t\t\t<div class=\"elementor-widget-wrap elementor-element-populated\">\n\t\t\t\t\t\t<div class=\"elementor-element elementor-element-fa2b5cc elementor-widget elementor-widget-heading\" data-id=\"fa2b5cc\" data-element_type=\"widget\" data-e-type=\"widget\" data-widget_type=\"heading.default\">\n\t\t\t\t<div class=\"elementor-widget-container\">\n\t\t\t\t\t<h2 class=\"elementor-heading-title elementor-size-xl\">TVIP box<\/h2>\t\t\t\t<\/div>\n\t\t\t\t<\/div>\n\t\t\t\t<div class=\"elementor-element elementor-element-52ba7d1 elementor-widget elementor-widget-image\" data-id=\"52ba7d1\" data-element_type=\"widget\" data-e-type=\"widget\" data-widget_type=\"image.default\">\n\t\t\t\t<div class=\"elementor-widget-container\">\n\t\t\t\t\t\t\t\t\t\t\t\t\t\t\t<img fetchpriority=\"high\" decoding=\"async\" width=\"476\" height=\"315\" src=\"https:\/\/iptvkonge.com\/wp-content\/uploads\/2025\/03\/TVIP-1.png\" class=\"attachment-large size-large wp-image-240\" alt=\"\" srcset=\"https:\/\/iptvkonge.com\/wp-content\/uploads\/2025\/03\/TVIP-1.png 476w, https:\/\/iptvkonge.com\/wp-content\/uploads\/2025\/03\/TVIP-1-300x199.png 300w\" sizes=\"(max-width: 476px) 100vw, 476px\" \/>\t\t\t\t\t\t\t\t\t\t\t\t\t\t\t<\/div>\n\t\t\t\t<\/div>\n\t\t\t\t<div class=\"elementor-element elementor-element-89572e4 elementor-widget elementor-widget-text-editor\" data-id=\"89572e4\" data-element_type=\"widget\" data-e-type=\"widget\" data-widget_type=\"text-editor.default\">\n\t\t\t\t<div class=\"elementor-widget-container\">\n\t\t\t\t\t\t\t\t\t<p><span class=\"tlid-translation translation\" lang=\"da\"><span title=\"\">Lorem ipsum dolor sidder amet, consectetur adipiscing elit.<\/span> <span title=\"\">Ut elit tellus, luctus nec ullamcorper mattis, pulvinar dapibus leo.<\/span><br \/><br \/><span class=\"\" title=\"\">Tilslut alt, og start kassen<\/span><\/span><\/p><p><span class=\"tlid-translation translation\" lang=\"da\"><span class=\"\" title=\"\">1. Indstil boksens sprog og tidszone, og tilslut det til netv\u00e6rket, s\u00e5 internettet er tilsluttet.<\/span><br \/><span class=\"\" title=\"\">2. G\u00e5 til TV i menuen til venstre, og skift alle indstillinger, s\u00e5 det er som f\u00f8lger:<\/span><\/span><br \/>*\u00a0<b>Stream Source<\/b>: Multicast<br \/>*\u00a0<b>UDPXY<\/b>\u00a0Server:<br \/>*\u00a0<b>MPEG-TS Buffering, msec<\/b>: 5000<br \/>*\u00a0<b>DVR Storage<\/b>: No storage<br \/>*\u00a0<b>Timeshift storage<\/b>: Internal storage<br \/>*\u00a0<b>Auto-timeshifting<\/b>: Off<br \/>*\u00a0<b>Content Source<\/b>: Web Portal<\/p><p><span class=\"tlid-translation translation\" lang=\"da\"><span class=\"\" title=\"\">Under<\/span><\/span> <b>Content Source<\/b>: Web Portal <span class=\"tlid-translation translation\" lang=\"da\"><span class=\"\" title=\"\">der er en knap, som den siger<\/span><\/span> <b>Setup Web portal<\/b>.<\/p><p><b><span class=\"tlid-translation translation\" lang=\"da\"><span class=\"\" title=\"\">Tap p\u00e5 det, og indstil f\u00f8lgende indstillinger:<\/span><\/span> Portal URL<\/b>: Denna f\u00e5r ni av oss n\u00e4r vi lagt till er box i v\u00e5rt system.<\/p><p><b>Portal Manager<\/b>: Off<br \/><b>Use Web portal<\/b>: Whole System<br \/><b>API Mode<\/b>: GSTB<\/p><p><span class=\"tlid-translation translation\" lang=\"da\"><span class=\"\" title=\"\">Tryk derefter p\u00e5<\/span><\/span> <b>Apply<\/b>. <span class=\"tlid-translation translation\" lang=\"da\"><span title=\"\">Det er helt klart.<\/span> <span title=\"\">Nu beh\u00f8ver du kun at k\u00f8be en konto fra os og angive din MAC-adresse i din ordre, og vi forbinder den til dig i vores system.<\/span><\/span><\/p><h3><span class=\"tlid-translation translation\" lang=\"da\"><span class=\"\" title=\"\">Hvis du skal nulstille din boks fra fabrikken, skal du g\u00f8re dette<\/span><\/span><\/h3><p><span class=\"tlid-translation translation\" lang=\"da\"><span title=\"\">1. Tryk p\u00e5 s.info, 4, 9, s.info p\u00e5 kontrollen, og v\u00e6lg derefter ok.<\/span><br \/><span title=\"\">2. Vent, indtil boksen er nulstillet.<\/span><br \/><span title=\"\">Indstil sprog og tidszone.<\/span><br \/><span class=\"\" title=\"\">4. Tryk derefter p\u00e5 gearet, og v\u00e6lg TV.<\/span><\/span><br \/>5. <span class=\"tlid-translation translation\" lang=\"da\"><span class=\"\" title=\"\">S\u00e5 g\u00e5r du ned til<\/span><\/span> \u201cContent Source\u201d <span class=\"tlid-translation translation\" lang=\"da\"><span class=\"\" title=\"\">og v\u00e6lger<\/span><\/span> \u201cWeb Portal\u201d.<br \/>6. <span class=\"tlid-translation translation\" lang=\"da\"><span class=\"\" title=\"\">Tryk derefter p\u00e5<\/span><\/span> \u201cSetup Web portal\u201d <span class=\"tlid-translation translation\" lang=\"da\"><span title=\"\">som du finder i bunden.<\/span> <span class=\"\" title=\"\">Der skal du udfylde, s\u00e5 det ser ud som nedenfor.<\/span><\/span><\/p><p>Portal URL: <span class=\"tlid-translation translation\" lang=\"da\"><span class=\"\" title=\"\">F\u00e5r du st\u00f8tte fra os<\/span><\/span><br \/>Portal manager: Off<br \/>Use Web portal: Whole system<br \/>API mode: GSTB eller MAG<\/p>\t\t\t\t\t\t\t\t<\/div>\n\t\t\t\t<\/div>\n\t\t\t\t\t<\/div>\n\t\t<\/div>\n\t\t\t\t\t<\/div>\n\t\t<\/section>\n\t\t\t\t<\/div>","protected":false},"excerpt":{"rendered":"<p>TVIP box Lorem ipsum dolor sidder amet, consectetur adipiscing elit. Ut elit tellus, luctus nec ullamcorper mattis, pulvinar dapibus leo. Tilslut alt, og start kassen 1. Indstil boksens sprog og tidszone, og tilslut det til netv\u00e6rket, s\u00e5 internettet er tilsluttet.2. G\u00e5 til TV i menuen til venstre, og skift alle indstillinger, s\u00e5 det er som [&hellip;]<\/p>\n","protected":false},"author":1,"featured_media":0,"parent":0,"menu_order":0,"comment_status":"closed","ping_status":"closed","template":"","meta":{"footnotes":""},"class_list":["post-146","page","type-page","status-publish","hentry"],"yoast_head":"<!-- This site is optimized with the Yoast SEO plugin v27.5 - https:\/\/yoast.com\/product\/yoast-seo-wordpress\/ -->\n<title>TVIP Box Danmark | IPTV Box 4K Guide &amp; Ops\u00e6tning 2026<\/title>\n<meta name=\"description\" content=\"L\u00e6r hvordan du bruger TVIP Box i Danmark til IPTV. Se sport, film og kanaler i HD &amp; 4K med stabil streaming og nem ops\u00e6tning.\" \/>\n<meta name=\"robots\" content=\"index, follow, max-snippet:-1, max-image-preview:large, max-video-preview:-1\" \/>\n<link rel=\"canonical\" href=\"https:\/\/iptvkonge.com\/da\/tvip-box\/\" \/>\n<meta property=\"og:locale\" content=\"da_DK\" \/>\n<meta property=\"og:type\" content=\"article\" \/>\n<meta property=\"og:title\" content=\"TVIP Box Danmark | IPTV Box 4K Guide &amp; Ops\u00e6tning 2026\" \/>\n<meta property=\"og:description\" content=\"L\u00e6r hvordan du bruger TVIP Box i Danmark til IPTV. Se sport, film og kanaler i HD &amp; 4K med stabil streaming og nem ops\u00e6tning.\" \/>\n<meta property=\"og:url\" content=\"https:\/\/iptvkonge.com\/da\/tvip-box\/\" \/>\n<meta property=\"og:site_name\" content=\"IPTV Konge\" \/>\n<meta property=\"article:modified_time\" content=\"2026-04-08T08:36:16+00:00\" \/>\n<meta property=\"og:image\" content=\"https:\/\/iptvkonge.com\/wp-content\/uploads\/2025\/03\/TVIP-1.png\" \/>\n<meta name=\"twitter:card\" content=\"summary_large_image\" \/>\n<meta name=\"twitter:label1\" content=\"Estimeret l\u00e6setid\" \/>\n\t<meta name=\"twitter:data1\" content=\"2 minutter\" \/>\n<script type=\"application\/ld+json\" class=\"yoast-schema-graph\">{\"@context\":\"https:\\\/\\\/schema.org\",\"@graph\":[{\"@type\":\"TechArticle\",\"@id\":\"https:\\\/\\\/iptvkonge.com\\\/tvip-box\\\/#article\",\"isPartOf\":{\"@id\":\"https:\\\/\\\/iptvkonge.com\\\/tvip-box\\\/\"},\"author\":{\"name\":\"admin\",\"@id\":\"https:\\\/\\\/iptvkonge.com\\\/#\\\/schema\\\/person\\\/2700f5d8f3f6a90979c88cc77c35f134\"},\"headline\":\"TVIP box\",\"datePublished\":\"2025-03-23T21:26:17+00:00\",\"dateModified\":\"2026-04-08T08:36:16+00:00\",\"mainEntityOfPage\":{\"@id\":\"https:\\\/\\\/iptvkonge.com\\\/tvip-box\\\/\"},\"wordCount\":266,\"image\":{\"@id\":\"https:\\\/\\\/iptvkonge.com\\\/tvip-box\\\/#primaryimage\"},\"thumbnailUrl\":\"https:\\\/\\\/iptvkonge.com\\\/wp-content\\\/uploads\\\/2025\\\/03\\\/TVIP-1.png\",\"inLanguage\":\"da-DK\"},{\"@type\":\"WebPage\",\"@id\":\"https:\\\/\\\/iptvkonge.com\\\/tvip-box\\\/\",\"url\":\"https:\\\/\\\/iptvkonge.com\\\/tvip-box\\\/\",\"name\":\"TVIP Box Danmark | IPTV Box 4K Guide & Ops\u00e6tning 2026\",\"isPartOf\":{\"@id\":\"https:\\\/\\\/iptvkonge.com\\\/#website\"},\"primaryImageOfPage\":{\"@id\":\"https:\\\/\\\/iptvkonge.com\\\/tvip-box\\\/#primaryimage\"},\"image\":{\"@id\":\"https:\\\/\\\/iptvkonge.com\\\/tvip-box\\\/#primaryimage\"},\"thumbnailUrl\":\"https:\\\/\\\/iptvkonge.com\\\/wp-content\\\/uploads\\\/2025\\\/03\\\/TVIP-1.png\",\"datePublished\":\"2025-03-23T21:26:17+00:00\",\"dateModified\":\"2026-04-08T08:36:16+00:00\",\"description\":\"L\u00e6r hvordan du bruger TVIP Box i Danmark til IPTV. Se sport, film og kanaler i HD & 4K med stabil streaming og nem ops\u00e6tning.\",\"breadcrumb\":{\"@id\":\"https:\\\/\\\/iptvkonge.com\\\/tvip-box\\\/#breadcrumb\"},\"inLanguage\":\"da-DK\",\"potentialAction\":[{\"@type\":\"ReadAction\",\"target\":[\"https:\\\/\\\/iptvkonge.com\\\/tvip-box\\\/\"]}]},{\"@type\":\"ImageObject\",\"inLanguage\":\"da-DK\",\"@id\":\"https:\\\/\\\/iptvkonge.com\\\/tvip-box\\\/#primaryimage\",\"url\":\"https:\\\/\\\/iptvkonge.com\\\/wp-content\\\/uploads\\\/2025\\\/03\\\/TVIP-1.png\",\"contentUrl\":\"https:\\\/\\\/iptvkonge.com\\\/wp-content\\\/uploads\\\/2025\\\/03\\\/TVIP-1.png\"},{\"@type\":\"BreadcrumbList\",\"@id\":\"https:\\\/\\\/iptvkonge.com\\\/tvip-box\\\/#breadcrumb\",\"itemListElement\":[{\"@type\":\"ListItem\",\"position\":1,\"name\":\"Home\",\"item\":\"https:\\\/\\\/iptvkonge.com\\\/\"},{\"@type\":\"ListItem\",\"position\":2,\"name\":\"TVIP box\"}]},{\"@type\":\"WebSite\",\"@id\":\"https:\\\/\\\/iptvkonge.com\\\/#website\",\"url\":\"https:\\\/\\\/iptvkonge.com\\\/\",\"name\":\"IPTV Konge\",\"description\":\"\",\"potentialAction\":[{\"@type\":\"SearchAction\",\"target\":{\"@type\":\"EntryPoint\",\"urlTemplate\":\"https:\\\/\\\/iptvkonge.com\\\/?s={search_term_string}\"},\"query-input\":{\"@type\":\"PropertyValueSpecification\",\"valueRequired\":true,\"valueName\":\"search_term_string\"}}],\"inLanguage\":\"da-DK\"},{\"@type\":\"Person\",\"@id\":\"https:\\\/\\\/iptvkonge.com\\\/#\\\/schema\\\/person\\\/2700f5d8f3f6a90979c88cc77c35f134\",\"name\":\"admin\",\"image\":{\"@type\":\"ImageObject\",\"inLanguage\":\"da-DK\",\"@id\":\"https:\\\/\\\/secure.gravatar.com\\\/avatar\\\/ed0ebc66c502eb6b2fe8fc755b1286dee86bf48035e0cb80e3b853d453353cd3?s=96&d=mm&r=g\",\"url\":\"https:\\\/\\\/secure.gravatar.com\\\/avatar\\\/ed0ebc66c502eb6b2fe8fc755b1286dee86bf48035e0cb80e3b853d453353cd3?s=96&d=mm&r=g\",\"contentUrl\":\"https:\\\/\\\/secure.gravatar.com\\\/avatar\\\/ed0ebc66c502eb6b2fe8fc755b1286dee86bf48035e0cb80e3b853d453353cd3?s=96&d=mm&r=g\",\"caption\":\"admin\"},\"sameAs\":[\"https:\\\/\\\/iptvkonge.com\"],\"url\":\"https:\\\/\\\/iptvkonge.com\\\/da\\\/author\\\/admin_fcauls5o\\\/\"}]}<\/script>\n<!-- \/ Yoast SEO plugin. -->","yoast_head_json":{"title":"TVIP Box Danmark | IPTV Box 4K Guide & Ops\u00e6tning 2026","description":"L\u00e6r hvordan du bruger TVIP Box i Danmark til IPTV. Se sport, film og kanaler i HD & 4K med stabil streaming og nem ops\u00e6tning.","robots":{"index":"index","follow":"follow","max-snippet":"max-snippet:-1","max-image-preview":"max-image-preview:large","max-video-preview":"max-video-preview:-1"},"canonical":"https:\/\/iptvkonge.com\/da\/tvip-box\/","og_locale":"da_DK","og_type":"article","og_title":"TVIP Box Danmark | IPTV Box 4K Guide & Ops\u00e6tning 2026","og_description":"L\u00e6r hvordan du bruger TVIP Box i Danmark til IPTV. Se sport, film og kanaler i HD & 4K med stabil streaming og nem ops\u00e6tning.","og_url":"https:\/\/iptvkonge.com\/da\/tvip-box\/","og_site_name":"IPTV Konge","article_modified_time":"2026-04-08T08:36:16+00:00","og_image":[{"url":"https:\/\/iptvkonge.com\/wp-content\/uploads\/2025\/03\/TVIP-1.png","type":"","width":"","height":""}],"twitter_card":"summary_large_image","twitter_misc":{"Estimeret l\u00e6setid":"2 minutter"},"schema":{"@context":"https:\/\/schema.org","@graph":[{"@type":"TechArticle","@id":"https:\/\/iptvkonge.com\/tvip-box\/#article","isPartOf":{"@id":"https:\/\/iptvkonge.com\/tvip-box\/"},"author":{"name":"admin","@id":"https:\/\/iptvkonge.com\/#\/schema\/person\/2700f5d8f3f6a90979c88cc77c35f134"},"headline":"TVIP box","datePublished":"2025-03-23T21:26:17+00:00","dateModified":"2026-04-08T08:36:16+00:00","mainEntityOfPage":{"@id":"https:\/\/iptvkonge.com\/tvip-box\/"},"wordCount":266,"image":{"@id":"https:\/\/iptvkonge.com\/tvip-box\/#primaryimage"},"thumbnailUrl":"https:\/\/iptvkonge.com\/wp-content\/uploads\/2025\/03\/TVIP-1.png","inLanguage":"da-DK"},{"@type":"WebPage","@id":"https:\/\/iptvkonge.com\/tvip-box\/","url":"https:\/\/iptvkonge.com\/tvip-box\/","name":"TVIP Box Danmark | IPTV Box 4K Guide & Ops\u00e6tning 2026","isPartOf":{"@id":"https:\/\/iptvkonge.com\/#website"},"primaryImageOfPage":{"@id":"https:\/\/iptvkonge.com\/tvip-box\/#primaryimage"},"image":{"@id":"https:\/\/iptvkonge.com\/tvip-box\/#primaryimage"},"thumbnailUrl":"https:\/\/iptvkonge.com\/wp-content\/uploads\/2025\/03\/TVIP-1.png","datePublished":"2025-03-23T21:26:17+00:00","dateModified":"2026-04-08T08:36:16+00:00","description":"L\u00e6r hvordan du bruger TVIP Box i Danmark til IPTV. Se sport, film og kanaler i HD & 4K med stabil streaming og nem ops\u00e6tning.","breadcrumb":{"@id":"https:\/\/iptvkonge.com\/tvip-box\/#breadcrumb"},"inLanguage":"da-DK","potentialAction":[{"@type":"ReadAction","target":["https:\/\/iptvkonge.com\/tvip-box\/"]}]},{"@type":"ImageObject","inLanguage":"da-DK","@id":"https:\/\/iptvkonge.com\/tvip-box\/#primaryimage","url":"https:\/\/iptvkonge.com\/wp-content\/uploads\/2025\/03\/TVIP-1.png","contentUrl":"https:\/\/iptvkonge.com\/wp-content\/uploads\/2025\/03\/TVIP-1.png"},{"@type":"BreadcrumbList","@id":"https:\/\/iptvkonge.com\/tvip-box\/#breadcrumb","itemListElement":[{"@type":"ListItem","position":1,"name":"Home","item":"https:\/\/iptvkonge.com\/"},{"@type":"ListItem","position":2,"name":"TVIP box"}]},{"@type":"WebSite","@id":"https:\/\/iptvkonge.com\/#website","url":"https:\/\/iptvkonge.com\/","name":"IPTV Konge","description":"","potentialAction":[{"@type":"SearchAction","target":{"@type":"EntryPoint","urlTemplate":"https:\/\/iptvkonge.com\/?s={search_term_string}"},"query-input":{"@type":"PropertyValueSpecification","valueRequired":true,"valueName":"search_term_string"}}],"inLanguage":"da-DK"},{"@type":"Person","@id":"https:\/\/iptvkonge.com\/#\/schema\/person\/2700f5d8f3f6a90979c88cc77c35f134","name":"admin","image":{"@type":"ImageObject","inLanguage":"da-DK","@id":"https:\/\/secure.gravatar.com\/avatar\/ed0ebc66c502eb6b2fe8fc755b1286dee86bf48035e0cb80e3b853d453353cd3?s=96&d=mm&r=g","url":"https:\/\/secure.gravatar.com\/avatar\/ed0ebc66c502eb6b2fe8fc755b1286dee86bf48035e0cb80e3b853d453353cd3?s=96&d=mm&r=g","contentUrl":"https:\/\/secure.gravatar.com\/avatar\/ed0ebc66c502eb6b2fe8fc755b1286dee86bf48035e0cb80e3b853d453353cd3?s=96&d=mm&r=g","caption":"admin"},"sameAs":["https:\/\/iptvkonge.com"],"url":"https:\/\/iptvkonge.com\/da\/author\/admin_fcauls5o\/"}]}},"_links":{"self":[{"href":"https:\/\/iptvkonge.com\/da\/wp-json\/wp\/v2\/pages\/146","targetHints":{"allow":["GET"]}}],"collection":[{"href":"https:\/\/iptvkonge.com\/da\/wp-json\/wp\/v2\/pages"}],"about":[{"href":"https:\/\/iptvkonge.com\/da\/wp-json\/wp\/v2\/types\/page"}],"author":[{"embeddable":true,"href":"https:\/\/iptvkonge.com\/da\/wp-json\/wp\/v2\/users\/1"}],"replies":[{"embeddable":true,"href":"https:\/\/iptvkonge.com\/da\/wp-json\/wp\/v2\/comments?post=146"}],"version-history":[{"count":1,"href":"https:\/\/iptvkonge.com\/da\/wp-json\/wp\/v2\/pages\/146\/revisions"}],"predecessor-version":[{"id":687,"href":"https:\/\/iptvkonge.com\/da\/wp-json\/wp\/v2\/pages\/146\/revisions\/687"}],"wp:attachment":[{"href":"https:\/\/iptvkonge.com\/da\/wp-json\/wp\/v2\/media?parent=146"}],"curies":[{"name":"wp","href":"https:\/\/api.w.org\/{rel}","templated":true}]}}