{"id":148,"date":"2025-03-23T21:27:01","date_gmt":"2025-03-23T21:27:01","guid":{"rendered":"https:\/\/iptvkonge.com\/?page_id=148"},"modified":"2026-04-08T08:40:22","modified_gmt":"2026-04-08T08:40:22","slug":"iptv-extreme-app","status":"publish","type":"page","link":"https:\/\/iptvkonge.com\/da\/iptv-extreme-app\/","title":{"rendered":"Iptv Extreme app"},"content":{"rendered":"<div data-elementor-type=\"wp-page\" data-elementor-id=\"148\" class=\"elementor elementor-148\" data-elementor-post-type=\"page\">\n\t\t\t\t\t\t<section class=\"elementor-section elementor-top-section elementor-element elementor-element-42ae61d elementor-section-boxed elementor-section-height-default elementor-section-height-default\" data-id=\"42ae61d\" data-element_type=\"section\" data-e-type=\"section\" data-settings=\"{&quot;background_background&quot;:&quot;classic&quot;}\">\n\t\t\t\t\t\t<div class=\"elementor-container elementor-column-gap-default\">\n\t\t\t\t\t<div class=\"elementor-column elementor-col-100 elementor-top-column elementor-element elementor-element-a3f81d1\" data-id=\"a3f81d1\" data-element_type=\"column\" data-e-type=\"column\">\n\t\t\t<div class=\"elementor-widget-wrap elementor-element-populated\">\n\t\t\t\t\t\t<div class=\"elementor-element elementor-element-bbd7eeb elementor-widget elementor-widget-heading\" data-id=\"bbd7eeb\" data-element_type=\"widget\" data-e-type=\"widget\" data-widget_type=\"heading.default\">\n\t\t\t\t<div class=\"elementor-widget-container\">\n\t\t\t\t\t<h2 class=\"elementor-heading-title elementor-size-default\">Trin 1, f\u00f8r du l\u00e6ser vejledningerne, er, at du bestiller en service fra os<\/h2>\t\t\t\t<\/div>\n\t\t\t\t<\/div>\n\t\t\t\t<div class=\"elementor-element elementor-element-f43d19d elementor-align-center elementor-widget elementor-widget-button\" data-id=\"f43d19d\" data-element_type=\"widget\" data-e-type=\"widget\" data-widget_type=\"button.default\">\n\t\t\t\t<div class=\"elementor-widget-container\">\n\t\t\t\t\t\t\t\t\t<div class=\"elementor-button-wrapper\">\n\t\t\t\t\t<a class=\"elementor-button elementor-button-link elementor-size-xs\" href=\"https:\/\/iptvkonge.com\/shop\/\">\n\t\t\t\t\t\t<span class=\"elementor-button-content-wrapper\">\n\t\t\t\t\t\t\t\t\t<span class=\"elementor-button-text\"><font style=\"vertical-align: inherit\"><font style=\"vertical-align: inherit\"><font style=\"vertical-align: inherit\"><font style=\"vertical-align: inherit\">BESTILLE<\/font><\/font><\/font><\/font><font style=\"vertical-align: inherit\"><font style=\"vertical-align: inherit\"><\/font><\/font><\/span>\n\t\t\t\t\t<\/span>\n\t\t\t\t\t<\/a>\n\t\t\t\t<\/div>\n\t\t\t\t\t\t\t\t<\/div>\n\t\t\t\t<\/div>\n\t\t\t\t<div class=\"elementor-element elementor-element-763b5e7 elementor-widget-divider--view-line elementor-widget elementor-widget-divider\" data-id=\"763b5e7\" data-element_type=\"widget\" data-e-type=\"widget\" data-widget_type=\"divider.default\">\n\t\t\t\t<div class=\"elementor-widget-container\">\n\t\t\t\t\t\t\t<div class=\"elementor-divider\">\n\t\t\t<span class=\"elementor-divider-separator\">\n\t\t\t\t\t\t<\/span>\n\t\t<\/div>\n\t\t\t\t\t\t<\/div>\n\t\t\t\t<\/div>\n\t\t\t\t<div class=\"elementor-element elementor-element-d5c628a elementor-widget elementor-widget-heading\" data-id=\"d5c628a\" data-element_type=\"widget\" data-e-type=\"widget\" data-widget_type=\"heading.default\">\n\t\t\t\t<div class=\"elementor-widget-container\">\n\t\t\t\t\t<h2 class=\"elementor-heading-title elementor-size-default\">SMART TV (iptv extreme app)<\/h2>\t\t\t\t<\/div>\n\t\t\t\t<\/div>\n\t\t\t\t<div class=\"elementor-element elementor-element-3cf9073 elementor-widget elementor-widget-text-editor\" data-id=\"3cf9073\" data-element_type=\"widget\" data-e-type=\"widget\" data-widget_type=\"text-editor.default\">\n\t\t\t\t<div class=\"elementor-widget-container\">\n\t\t\t\t\t\t\t\t\t<p><b><span class=\"tlid-translation translation\" lang=\"da\"><span class=\"\" title=\"\">Til<\/span><\/span> PHILIPS &amp; SONY TV<br \/><\/b><br \/><b>1.<\/b> <b><span class=\"tlid-translation translation\" lang=\"en\"><span class=\"\" title=\"\">Download<\/span><\/span> \u201cIPTV Extreme Pro\u201d<\/b> <span class=\"tlid-translation translation\" lang=\"da\"><span class=\"\" title=\"\">fra<\/span><\/span> <b>google play Store<\/b> <span class=\"tlid-translation translation\" lang=\"da\"><span title=\"\">i dit tv.<\/span><br \/><span class=\"\" title=\"\">(s\u00e5dan ser appen ud)<\/span><\/span><\/p>\t\t\t\t\t\t\t\t<\/div>\n\t\t\t\t<\/div>\n\t\t\t\t<div class=\"elementor-element elementor-element-2088b59 elementor-widget elementor-widget-image\" data-id=\"2088b59\" data-element_type=\"widget\" data-e-type=\"widget\" data-widget_type=\"image.default\">\n\t\t\t\t<div class=\"elementor-widget-container\">\n\t\t\t\t\t\t\t\t\t\t\t\t\t\t\t<img fetchpriority=\"high\" decoding=\"async\" width=\"300\" height=\"199\" src=\"https:\/\/iptvkonge.com\/wp-content\/uploads\/2025\/03\/IPTV-Extreme-Logo-600x398-1-300x199.jpg\" class=\"attachment-medium size-medium wp-image-263\" alt=\"\" srcset=\"https:\/\/iptvkonge.com\/wp-content\/uploads\/2025\/03\/IPTV-Extreme-Logo-600x398-1-300x199.jpg 300w, https:\/\/iptvkonge.com\/wp-content\/uploads\/2025\/03\/IPTV-Extreme-Logo-600x398-1.jpg 600w\" sizes=\"(max-width: 300px) 100vw, 300px\" \/>\t\t\t\t\t\t\t\t\t\t\t\t\t\t\t<\/div>\n\t\t\t\t<\/div>\n\t\t\t\t<div class=\"elementor-element elementor-element-e52bc3f elementor-widget elementor-widget-text-editor\" data-id=\"e52bc3f\" data-element_type=\"widget\" data-e-type=\"widget\" data-widget_type=\"text-editor.default\">\n\t\t\t\t<div class=\"elementor-widget-container\">\n\t\t\t\t\t\t\t\t\t<p><b>2.<\/b> <span class=\"tlid-translation translation\" lang=\"da\"><span title=\"\">Installer og \u00e5bn appen, og din &#8220;<strong>MAC ADDRESS<\/strong>&#8221; vil v\u00e6re p\u00e5 appens f\u00f8rste side.<\/span> <span class=\"\" title=\"\">(gr\u00f8n ring er din MAC-adresse)<\/span><\/span><\/p>\t\t\t\t\t\t\t\t<\/div>\n\t\t\t\t<\/div>\n\t\t\t\t<div class=\"elementor-element elementor-element-63dadf4 elementor-widget elementor-widget-image\" data-id=\"63dadf4\" data-element_type=\"widget\" data-e-type=\"widget\" data-widget_type=\"image.default\">\n\t\t\t\t<div class=\"elementor-widget-container\">\n\t\t\t\t\t\t\t\t\t\t\t\t\t\t\t<img decoding=\"async\" width=\"740\" height=\"373\" src=\"https:\/\/iptvkonge.com\/wp-content\/uploads\/2025\/03\/Ska\u0308rmavbild-2020-01-18-kl.-17.23.50-1.png\" class=\"attachment-large size-large wp-image-262\" alt=\"\" srcset=\"https:\/\/iptvkonge.com\/wp-content\/uploads\/2025\/03\/Ska\u0308rmavbild-2020-01-18-kl.-17.23.50-1.png 740w, https:\/\/iptvkonge.com\/wp-content\/uploads\/2025\/03\/Ska\u0308rmavbild-2020-01-18-kl.-17.23.50-1-600x302.png 600w, https:\/\/iptvkonge.com\/wp-content\/uploads\/2025\/03\/Ska\u0308rmavbild-2020-01-18-kl.-17.23.50-1-300x151.png 300w\" sizes=\"(max-width: 740px) 100vw, 740px\" \/>\t\t\t\t\t\t\t\t\t\t\t\t\t\t\t<\/div>\n\t\t\t\t<\/div>\n\t\t\t\t<div class=\"elementor-element elementor-element-0b94c71 elementor-widget elementor-widget-text-editor\" data-id=\"0b94c71\" data-element_type=\"widget\" data-e-type=\"widget\" data-widget_type=\"text-editor.default\">\n\t\t\t\t<div class=\"elementor-widget-container\">\n\t\t\t\t\t\t\t\t\t<p><b>3.\u00a0<\/b><span class=\"tlid-translation translation\" lang=\"da\"><span class=\"\" title=\"\">G\u00e5 derefter til deres hjemmeside<\/span><\/span> <a href=\"http:\/\/iptvextreme.eu\/\" target=\"_blank\" rel=\"noopener\">www.iptvextreme.eu<\/a><br \/>\u2013 <span class=\"tlid-translation translation\" lang=\"da\"><span class=\"\" title=\"\">Indtast din MAC-ADRESSE i feltet<\/span><\/span> \u201cMAC Address\u201d<br \/>\u2013 <span class=\"tlid-translation translation\" lang=\"da\"><span class=\"\" title=\"\">G\u00e5 ind<\/span><\/span> \u201cSmart iptv\u201d som \u201cplaylist name\u201d<br \/>\u2013 <strong><span class=\"tlid-translation translation\" lang=\"da\"><span class=\"\" title=\"\">s\u00e6t ind<\/span><\/span><\/strong> <span class=\"tlid-translation translation\" lang=\"da\"><span class=\"\" title=\"\">indtast derefter din M3U LINK i feltet<\/span><\/span> \u201cPlaylist Link\u201d <span class=\"tlid-translation translation\" lang=\"da\"><span class=\"\" title=\"\">og tryk p\u00e5<\/span><\/span> \u201cSave\u201d.<\/p><p><span class=\"tlid-translation translation\" lang=\"da\"><span class=\"\" title=\"\">S\u00e5 er det<\/span><\/span> <strong><span class=\"tlid-translation translation\" lang=\"da\"><span class=\"\" title=\"\">Fri bane<\/span><\/span><\/strong> <span class=\"tlid-translation translation\" lang=\"da\"><span class=\"\" title=\"\">og kanalerne er p\u00e5 dit tv.<\/span><\/span> <span class=\"tlid-translation translation\" lang=\"da\"><span class=\"\" title=\"\">Det beh\u00f8ver du bare<\/span><\/span>\u00a0<strong><span class=\"tlid-translation translation\" lang=\"da\"><span class=\"\" title=\"\">genstart<\/span><\/span><\/strong> <span class=\"tlid-translation translation\" lang=\"da\"><span class=\"\" title=\"\">dit tv, kanalerne skal vises.<\/span><\/span><\/p>\t\t\t\t\t\t\t\t<\/div>\n\t\t\t\t<\/div>\n\t\t\t\t<div class=\"elementor-element elementor-element-d9ec3b6 elementor-widget elementor-widget-image\" data-id=\"d9ec3b6\" data-element_type=\"widget\" data-e-type=\"widget\" data-widget_type=\"image.default\">\n\t\t\t\t<div class=\"elementor-widget-container\">\n\t\t\t\t\t\t\t\t\t\t\t\t\t\t\t<img decoding=\"async\" width=\"768\" height=\"438\" src=\"https:\/\/iptvkonge.com\/wp-content\/uploads\/2025\/03\/IPTV-Extreme-pro-768x438-1-1.png\" class=\"attachment-large size-large wp-image-261\" alt=\"\" srcset=\"https:\/\/iptvkonge.com\/wp-content\/uploads\/2025\/03\/IPTV-Extreme-pro-768x438-1-1.png 768w, https:\/\/iptvkonge.com\/wp-content\/uploads\/2025\/03\/IPTV-Extreme-pro-768x438-1-1-600x342.png 600w, https:\/\/iptvkonge.com\/wp-content\/uploads\/2025\/03\/IPTV-Extreme-pro-768x438-1-1-300x171.png 300w\" sizes=\"(max-width: 768px) 100vw, 768px\" \/>\t\t\t\t\t\t\t\t\t\t\t\t\t\t\t<\/div>\n\t\t\t\t<\/div>\n\t\t\t\t\t<\/div>\n\t\t<\/div>\n\t\t\t\t\t<\/div>\n\t\t<\/section>\n\t\t\t\t<\/div>","protected":false},"excerpt":{"rendered":"<p>Trin 1, f\u00f8r du l\u00e6ser vejledningerne, er, at du bestiller en service fra os BESTILLE SMART TV (iptv extreme app) Til PHILIPS &amp; SONY TV1. Download \u201cIPTV Extreme Pro\u201d fra google play Store i dit tv.(s\u00e5dan ser appen ud) 2. Installer og \u00e5bn appen, og din &#8220;MAC ADDRESS&#8221; vil v\u00e6re p\u00e5 appens f\u00f8rste side. (gr\u00f8n [&hellip;]<\/p>\n","protected":false},"author":1,"featured_media":0,"parent":0,"menu_order":0,"comment_status":"closed","ping_status":"closed","template":"","meta":{"footnotes":""},"class_list":["post-148","page","type-page","status-publish","hentry"],"yoast_head":"<!-- This site is optimized with the Yoast SEO plugin v27.5 - https:\/\/yoast.com\/product\/yoast-seo-wordpress\/ -->\n<title>IPTV Extreme App Danmark | Guide &amp; Ops\u00e6tning 2026<\/title>\n<meta name=\"description\" content=\"L\u00e6r hvordan du bruger IPTV Extreme app i Danmark. Komplet guide til ops\u00e6tning med M3U, EPG og stabil streaming p\u00e5 Android.\" \/>\n<meta name=\"robots\" content=\"index, follow, max-snippet:-1, max-image-preview:large, max-video-preview:-1\" \/>\n<link rel=\"canonical\" href=\"https:\/\/iptvkonge.com\/da\/iptv-extreme-app\/\" \/>\n<meta property=\"og:locale\" content=\"da_DK\" \/>\n<meta property=\"og:type\" content=\"article\" \/>\n<meta property=\"og:title\" content=\"IPTV Extreme App Danmark | Guide &amp; Ops\u00e6tning 2026\" \/>\n<meta property=\"og:description\" content=\"L\u00e6r hvordan du bruger IPTV Extreme app i Danmark. Komplet guide til ops\u00e6tning med M3U, EPG og stabil streaming p\u00e5 Android.\" \/>\n<meta property=\"og:url\" content=\"https:\/\/iptvkonge.com\/da\/iptv-extreme-app\/\" \/>\n<meta property=\"og:site_name\" content=\"IPTV Konge\" \/>\n<meta property=\"article:modified_time\" content=\"2026-04-08T08:40:22+00:00\" \/>\n<meta property=\"og:image\" content=\"https:\/\/iptvkonge.com\/wp-content\/uploads\/2025\/03\/IPTV-Extreme-Logo-600x398-1-300x199.jpg\" \/>\n<meta name=\"twitter:card\" content=\"summary_large_image\" \/>\n<meta name=\"twitter:label1\" content=\"Estimeret l\u00e6setid\" \/>\n\t<meta name=\"twitter:data1\" content=\"2 minutter\" \/>\n<script type=\"application\/ld+json\" class=\"yoast-schema-graph\">{\"@context\":\"https:\\\/\\\/schema.org\",\"@graph\":[{\"@type\":\"TechArticle\",\"@id\":\"https:\\\/\\\/iptvkonge.com\\\/iptv-extreme-app\\\/#article\",\"isPartOf\":{\"@id\":\"https:\\\/\\\/iptvkonge.com\\\/iptv-extreme-app\\\/\"},\"author\":{\"name\":\"admin\",\"@id\":\"https:\\\/\\\/iptvkonge.com\\\/#\\\/schema\\\/person\\\/2700f5d8f3f6a90979c88cc77c35f134\"},\"headline\":\"Iptv Extreme app\",\"datePublished\":\"2025-03-23T21:27:01+00:00\",\"dateModified\":\"2026-04-08T08:40:22+00:00\",\"mainEntityOfPage\":{\"@id\":\"https:\\\/\\\/iptvkonge.com\\\/iptv-extreme-app\\\/\"},\"wordCount\":128,\"image\":{\"@id\":\"https:\\\/\\\/iptvkonge.com\\\/iptv-extreme-app\\\/#primaryimage\"},\"thumbnailUrl\":\"https:\\\/\\\/iptvkonge.com\\\/wp-content\\\/uploads\\\/2025\\\/03\\\/IPTV-Extreme-Logo-600x398-1-300x199.jpg\",\"inLanguage\":\"da-DK\"},{\"@type\":\"WebPage\",\"@id\":\"https:\\\/\\\/iptvkonge.com\\\/iptv-extreme-app\\\/\",\"url\":\"https:\\\/\\\/iptvkonge.com\\\/iptv-extreme-app\\\/\",\"name\":\"IPTV Extreme App Danmark | Guide & Ops\u00e6tning 2026\",\"isPartOf\":{\"@id\":\"https:\\\/\\\/iptvkonge.com\\\/#website\"},\"primaryImageOfPage\":{\"@id\":\"https:\\\/\\\/iptvkonge.com\\\/iptv-extreme-app\\\/#primaryimage\"},\"image\":{\"@id\":\"https:\\\/\\\/iptvkonge.com\\\/iptv-extreme-app\\\/#primaryimage\"},\"thumbnailUrl\":\"https:\\\/\\\/iptvkonge.com\\\/wp-content\\\/uploads\\\/2025\\\/03\\\/IPTV-Extreme-Logo-600x398-1-300x199.jpg\",\"datePublished\":\"2025-03-23T21:27:01+00:00\",\"dateModified\":\"2026-04-08T08:40:22+00:00\",\"description\":\"L\u00e6r hvordan du bruger IPTV Extreme app i Danmark. Komplet guide til ops\u00e6tning med M3U, EPG og stabil streaming p\u00e5 Android.\",\"breadcrumb\":{\"@id\":\"https:\\\/\\\/iptvkonge.com\\\/iptv-extreme-app\\\/#breadcrumb\"},\"inLanguage\":\"da-DK\",\"potentialAction\":[{\"@type\":\"ReadAction\",\"target\":[\"https:\\\/\\\/iptvkonge.com\\\/iptv-extreme-app\\\/\"]}]},{\"@type\":\"ImageObject\",\"inLanguage\":\"da-DK\",\"@id\":\"https:\\\/\\\/iptvkonge.com\\\/iptv-extreme-app\\\/#primaryimage\",\"url\":\"https:\\\/\\\/iptvkonge.com\\\/wp-content\\\/uploads\\\/2025\\\/03\\\/IPTV-Extreme-Logo-600x398-1-300x199.jpg\",\"contentUrl\":\"https:\\\/\\\/iptvkonge.com\\\/wp-content\\\/uploads\\\/2025\\\/03\\\/IPTV-Extreme-Logo-600x398-1-300x199.jpg\"},{\"@type\":\"BreadcrumbList\",\"@id\":\"https:\\\/\\\/iptvkonge.com\\\/iptv-extreme-app\\\/#breadcrumb\",\"itemListElement\":[{\"@type\":\"ListItem\",\"position\":1,\"name\":\"Home\",\"item\":\"https:\\\/\\\/iptvkonge.com\\\/\"},{\"@type\":\"ListItem\",\"position\":2,\"name\":\"Iptv Extreme app\"}]},{\"@type\":\"WebSite\",\"@id\":\"https:\\\/\\\/iptvkonge.com\\\/#website\",\"url\":\"https:\\\/\\\/iptvkonge.com\\\/\",\"name\":\"IPTV Konge\",\"description\":\"\",\"potentialAction\":[{\"@type\":\"SearchAction\",\"target\":{\"@type\":\"EntryPoint\",\"urlTemplate\":\"https:\\\/\\\/iptvkonge.com\\\/?s={search_term_string}\"},\"query-input\":{\"@type\":\"PropertyValueSpecification\",\"valueRequired\":true,\"valueName\":\"search_term_string\"}}],\"inLanguage\":\"da-DK\"},{\"@type\":\"Person\",\"@id\":\"https:\\\/\\\/iptvkonge.com\\\/#\\\/schema\\\/person\\\/2700f5d8f3f6a90979c88cc77c35f134\",\"name\":\"admin\",\"image\":{\"@type\":\"ImageObject\",\"inLanguage\":\"da-DK\",\"@id\":\"https:\\\/\\\/secure.gravatar.com\\\/avatar\\\/ed0ebc66c502eb6b2fe8fc755b1286dee86bf48035e0cb80e3b853d453353cd3?s=96&d=mm&r=g\",\"url\":\"https:\\\/\\\/secure.gravatar.com\\\/avatar\\\/ed0ebc66c502eb6b2fe8fc755b1286dee86bf48035e0cb80e3b853d453353cd3?s=96&d=mm&r=g\",\"contentUrl\":\"https:\\\/\\\/secure.gravatar.com\\\/avatar\\\/ed0ebc66c502eb6b2fe8fc755b1286dee86bf48035e0cb80e3b853d453353cd3?s=96&d=mm&r=g\",\"caption\":\"admin\"},\"sameAs\":[\"https:\\\/\\\/iptvkonge.com\"],\"url\":\"https:\\\/\\\/iptvkonge.com\\\/da\\\/author\\\/admin_fcauls5o\\\/\"}]}<\/script>\n<!-- \/ Yoast SEO plugin. -->","yoast_head_json":{"title":"IPTV Extreme App Danmark | Guide & Ops\u00e6tning 2026","description":"L\u00e6r hvordan du bruger IPTV Extreme app i Danmark. Komplet guide til ops\u00e6tning med M3U, EPG og stabil streaming p\u00e5 Android.","robots":{"index":"index","follow":"follow","max-snippet":"max-snippet:-1","max-image-preview":"max-image-preview:large","max-video-preview":"max-video-preview:-1"},"canonical":"https:\/\/iptvkonge.com\/da\/iptv-extreme-app\/","og_locale":"da_DK","og_type":"article","og_title":"IPTV Extreme App Danmark | Guide & Ops\u00e6tning 2026","og_description":"L\u00e6r hvordan du bruger IPTV Extreme app i Danmark. Komplet guide til ops\u00e6tning med M3U, EPG og stabil streaming p\u00e5 Android.","og_url":"https:\/\/iptvkonge.com\/da\/iptv-extreme-app\/","og_site_name":"IPTV Konge","article_modified_time":"2026-04-08T08:40:22+00:00","og_image":[{"url":"https:\/\/iptvkonge.com\/wp-content\/uploads\/2025\/03\/IPTV-Extreme-Logo-600x398-1-300x199.jpg","type":"","width":"","height":""}],"twitter_card":"summary_large_image","twitter_misc":{"Estimeret l\u00e6setid":"2 minutter"},"schema":{"@context":"https:\/\/schema.org","@graph":[{"@type":"TechArticle","@id":"https:\/\/iptvkonge.com\/iptv-extreme-app\/#article","isPartOf":{"@id":"https:\/\/iptvkonge.com\/iptv-extreme-app\/"},"author":{"name":"admin","@id":"https:\/\/iptvkonge.com\/#\/schema\/person\/2700f5d8f3f6a90979c88cc77c35f134"},"headline":"Iptv Extreme app","datePublished":"2025-03-23T21:27:01+00:00","dateModified":"2026-04-08T08:40:22+00:00","mainEntityOfPage":{"@id":"https:\/\/iptvkonge.com\/iptv-extreme-app\/"},"wordCount":128,"image":{"@id":"https:\/\/iptvkonge.com\/iptv-extreme-app\/#primaryimage"},"thumbnailUrl":"https:\/\/iptvkonge.com\/wp-content\/uploads\/2025\/03\/IPTV-Extreme-Logo-600x398-1-300x199.jpg","inLanguage":"da-DK"},{"@type":"WebPage","@id":"https:\/\/iptvkonge.com\/iptv-extreme-app\/","url":"https:\/\/iptvkonge.com\/iptv-extreme-app\/","name":"IPTV Extreme App Danmark | Guide & Ops\u00e6tning 2026","isPartOf":{"@id":"https:\/\/iptvkonge.com\/#website"},"primaryImageOfPage":{"@id":"https:\/\/iptvkonge.com\/iptv-extreme-app\/#primaryimage"},"image":{"@id":"https:\/\/iptvkonge.com\/iptv-extreme-app\/#primaryimage"},"thumbnailUrl":"https:\/\/iptvkonge.com\/wp-content\/uploads\/2025\/03\/IPTV-Extreme-Logo-600x398-1-300x199.jpg","datePublished":"2025-03-23T21:27:01+00:00","dateModified":"2026-04-08T08:40:22+00:00","description":"L\u00e6r hvordan du bruger IPTV Extreme app i Danmark. Komplet guide til ops\u00e6tning med M3U, EPG og stabil streaming p\u00e5 Android.","breadcrumb":{"@id":"https:\/\/iptvkonge.com\/iptv-extreme-app\/#breadcrumb"},"inLanguage":"da-DK","potentialAction":[{"@type":"ReadAction","target":["https:\/\/iptvkonge.com\/iptv-extreme-app\/"]}]},{"@type":"ImageObject","inLanguage":"da-DK","@id":"https:\/\/iptvkonge.com\/iptv-extreme-app\/#primaryimage","url":"https:\/\/iptvkonge.com\/wp-content\/uploads\/2025\/03\/IPTV-Extreme-Logo-600x398-1-300x199.jpg","contentUrl":"https:\/\/iptvkonge.com\/wp-content\/uploads\/2025\/03\/IPTV-Extreme-Logo-600x398-1-300x199.jpg"},{"@type":"BreadcrumbList","@id":"https:\/\/iptvkonge.com\/iptv-extreme-app\/#breadcrumb","itemListElement":[{"@type":"ListItem","position":1,"name":"Home","item":"https:\/\/iptvkonge.com\/"},{"@type":"ListItem","position":2,"name":"Iptv Extreme app"}]},{"@type":"WebSite","@id":"https:\/\/iptvkonge.com\/#website","url":"https:\/\/iptvkonge.com\/","name":"IPTV Konge","description":"","potentialAction":[{"@type":"SearchAction","target":{"@type":"EntryPoint","urlTemplate":"https:\/\/iptvkonge.com\/?s={search_term_string}"},"query-input":{"@type":"PropertyValueSpecification","valueRequired":true,"valueName":"search_term_string"}}],"inLanguage":"da-DK"},{"@type":"Person","@id":"https:\/\/iptvkonge.com\/#\/schema\/person\/2700f5d8f3f6a90979c88cc77c35f134","name":"admin","image":{"@type":"ImageObject","inLanguage":"da-DK","@id":"https:\/\/secure.gravatar.com\/avatar\/ed0ebc66c502eb6b2fe8fc755b1286dee86bf48035e0cb80e3b853d453353cd3?s=96&d=mm&r=g","url":"https:\/\/secure.gravatar.com\/avatar\/ed0ebc66c502eb6b2fe8fc755b1286dee86bf48035e0cb80e3b853d453353cd3?s=96&d=mm&r=g","contentUrl":"https:\/\/secure.gravatar.com\/avatar\/ed0ebc66c502eb6b2fe8fc755b1286dee86bf48035e0cb80e3b853d453353cd3?s=96&d=mm&r=g","caption":"admin"},"sameAs":["https:\/\/iptvkonge.com"],"url":"https:\/\/iptvkonge.com\/da\/author\/admin_fcauls5o\/"}]}},"_links":{"self":[{"href":"https:\/\/iptvkonge.com\/da\/wp-json\/wp\/v2\/pages\/148","targetHints":{"allow":["GET"]}}],"collection":[{"href":"https:\/\/iptvkonge.com\/da\/wp-json\/wp\/v2\/pages"}],"about":[{"href":"https:\/\/iptvkonge.com\/da\/wp-json\/wp\/v2\/types\/page"}],"author":[{"embeddable":true,"href":"https:\/\/iptvkonge.com\/da\/wp-json\/wp\/v2\/users\/1"}],"replies":[{"embeddable":true,"href":"https:\/\/iptvkonge.com\/da\/wp-json\/wp\/v2\/comments?post=148"}],"version-history":[{"count":1,"href":"https:\/\/iptvkonge.com\/da\/wp-json\/wp\/v2\/pages\/148\/revisions"}],"predecessor-version":[{"id":689,"href":"https:\/\/iptvkonge.com\/da\/wp-json\/wp\/v2\/pages\/148\/revisions\/689"}],"wp:attachment":[{"href":"https:\/\/iptvkonge.com\/da\/wp-json\/wp\/v2\/media?parent=148"}],"curies":[{"name":"wp","href":"https:\/\/api.w.org\/{rel}","templated":true}]}}