{"id":149,"date":"2025-03-23T21:27:27","date_gmt":"2025-03-23T21:27:27","guid":{"rendered":"https:\/\/iptvkonge.com\/?page_id=149"},"modified":"2026-04-08T08:41:42","modified_gmt":"2026-04-08T08:41:42","slug":"smart-iptv-app","status":"publish","type":"page","link":"https:\/\/iptvkonge.com\/da\/smart-iptv-app\/","title":{"rendered":"Smart iptv app"},"content":{"rendered":"<div data-elementor-type=\"wp-page\" data-elementor-id=\"149\" class=\"elementor elementor-149\" data-elementor-post-type=\"page\">\n\t\t\t\t\t\t<section class=\"elementor-section elementor-top-section elementor-element elementor-element-785eff8 elementor-section-boxed elementor-section-height-default elementor-section-height-default\" data-id=\"785eff8\" data-element_type=\"section\" data-e-type=\"section\">\n\t\t\t\t\t\t<div class=\"elementor-container elementor-column-gap-default\">\n\t\t\t\t\t<div class=\"elementor-column elementor-col-100 elementor-top-column elementor-element elementor-element-85adcce\" data-id=\"85adcce\" data-element_type=\"column\" data-e-type=\"column\">\n\t\t\t<div class=\"elementor-widget-wrap elementor-element-populated\">\n\t\t\t\t\t\t<div class=\"elementor-element elementor-element-ab28aaa elementor-widget elementor-widget-heading\" data-id=\"ab28aaa\" data-element_type=\"widget\" data-e-type=\"widget\" data-widget_type=\"heading.default\">\n\t\t\t\t<div class=\"elementor-widget-container\">\n\t\t\t\t\t<h2 class=\"elementor-heading-title elementor-size-default\">Trin 1, f\u00f8r du l\u00e6ser vejledningerne, er, at du bestiller en service fra os<\/h2>\t\t\t\t<\/div>\n\t\t\t\t<\/div>\n\t\t\t\t<div class=\"elementor-element elementor-element-caa23fc elementor-align-center elementor-widget elementor-widget-button\" data-id=\"caa23fc\" data-element_type=\"widget\" data-e-type=\"widget\" data-widget_type=\"button.default\">\n\t\t\t\t<div class=\"elementor-widget-container\">\n\t\t\t\t\t\t\t\t\t<div class=\"elementor-button-wrapper\">\n\t\t\t\t\t<a class=\"elementor-button elementor-button-link elementor-size-xs\" href=\"https:\/\/iptvkonge.com\/shop\/\">\n\t\t\t\t\t\t<span class=\"elementor-button-content-wrapper\">\n\t\t\t\t\t\t\t\t\t<span class=\"elementor-button-text\"><font style=\"vertical-align: inherit\"><font style=\"vertical-align: inherit\"><font style=\"vertical-align: inherit\"><font style=\"vertical-align: inherit\">BESTILLE<\/font><\/font><\/font><\/font><font style=\"vertical-align: inherit\"><font style=\"vertical-align: inherit\"><\/font><\/font><\/span>\n\t\t\t\t\t<\/span>\n\t\t\t\t\t<\/a>\n\t\t\t\t<\/div>\n\t\t\t\t\t\t\t\t<\/div>\n\t\t\t\t<\/div>\n\t\t\t\t<div class=\"elementor-element elementor-element-ebcf6f1 elementor-widget-divider--view-line elementor-widget elementor-widget-divider\" data-id=\"ebcf6f1\" data-element_type=\"widget\" data-e-type=\"widget\" data-widget_type=\"divider.default\">\n\t\t\t\t<div class=\"elementor-widget-container\">\n\t\t\t\t\t\t\t<div class=\"elementor-divider\">\n\t\t\t<span class=\"elementor-divider-separator\">\n\t\t\t\t\t\t<\/span>\n\t\t<\/div>\n\t\t\t\t\t\t<\/div>\n\t\t\t\t<\/div>\n\t\t\t\t<div class=\"elementor-element elementor-element-de13bdf elementor-widget elementor-widget-heading\" data-id=\"de13bdf\" data-element_type=\"widget\" data-e-type=\"widget\" data-widget_type=\"heading.default\">\n\t\t\t\t<div class=\"elementor-widget-container\">\n\t\t\t\t\t<h2 class=\"elementor-heading-title elementor-size-default\">SMART TV (Smart iptv app)<\/h2>\t\t\t\t<\/div>\n\t\t\t\t<\/div>\n\t\t\t\t\t<\/div>\n\t\t<\/div>\n\t\t\t\t\t<\/div>\n\t\t<\/section>\n\t\t\t\t<section class=\"elementor-section elementor-top-section elementor-element elementor-element-af1c7ac elementor-section-boxed elementor-section-height-default elementor-section-height-default\" data-id=\"af1c7ac\" data-element_type=\"section\" data-e-type=\"section\">\n\t\t\t\t\t\t<div class=\"elementor-container elementor-column-gap-default\">\n\t\t\t\t\t<div class=\"elementor-column elementor-col-100 elementor-top-column elementor-element elementor-element-a249a63\" data-id=\"a249a63\" data-element_type=\"column\" data-e-type=\"column\">\n\t\t\t<div class=\"elementor-widget-wrap elementor-element-populated\">\n\t\t\t\t\t\t<div class=\"elementor-element elementor-element-b995136 elementor-widget elementor-widget-text-editor\" data-id=\"b995136\" data-element_type=\"widget\" data-e-type=\"widget\" data-widget_type=\"text-editor.default\">\n\t\t\t\t<div class=\"elementor-widget-container\">\n\t\t\t\t\t\t\t\t\t<p><span class=\"tlid-translation translation\" lang=\"da\"><span title=\"\">p\u00e5 dit tv.<\/span> <span class=\"\" title=\"\">(S\u00e5dan ser appen ud)<\/span><\/span><\/p><p><span class=\"tlid-translation translation\" lang=\"da\"><span class=\"\" title=\"\">Til <\/span><\/span><b>SAMSUNG &amp; LG TV<\/b><br \/><b>1.<\/b> <span class=\"tlid-translation translation\" lang=\"da\"><span class=\"\" title=\"\">Hent<\/span><\/span> <b>\u201cSmart IPTV\u201d\u00a0<\/b><\/p>\t\t\t\t\t\t\t\t<\/div>\n\t\t\t\t<\/div>\n\t\t\t\t\t<\/div>\n\t\t<\/div>\n\t\t\t\t\t<\/div>\n\t\t<\/section>\n\t\t\t\t<section class=\"elementor-section elementor-top-section elementor-element elementor-element-44f1124 elementor-section-boxed elementor-section-height-default elementor-section-height-default\" data-id=\"44f1124\" data-element_type=\"section\" data-e-type=\"section\">\n\t\t\t\t\t\t<div class=\"elementor-container elementor-column-gap-default\">\n\t\t\t\t\t<div class=\"elementor-column elementor-col-100 elementor-top-column elementor-element elementor-element-2c6e281\" data-id=\"2c6e281\" data-element_type=\"column\" data-e-type=\"column\">\n\t\t\t<div class=\"elementor-widget-wrap elementor-element-populated\">\n\t\t\t\t\t\t<div class=\"elementor-element elementor-element-4528f65 elementor-widget elementor-widget-image\" data-id=\"4528f65\" data-element_type=\"widget\" data-e-type=\"widget\" data-widget_type=\"image.default\">\n\t\t\t\t<div class=\"elementor-widget-container\">\n\t\t\t\t\t\t\t\t\t\t\t\t\t\t\t<img fetchpriority=\"high\" decoding=\"async\" width=\"300\" height=\"199\" src=\"https:\/\/iptvkonge.com\/wp-content\/uploads\/2025\/03\/Smartiptv-300x199.png\" class=\"attachment-medium size-medium wp-image-272\" alt=\"\" srcset=\"https:\/\/iptvkonge.com\/wp-content\/uploads\/2025\/03\/Smartiptv-300x199.png 300w, https:\/\/iptvkonge.com\/wp-content\/uploads\/2025\/03\/Smartiptv.png 476w\" sizes=\"(max-width: 300px) 100vw, 300px\" \/>\t\t\t\t\t\t\t\t\t\t\t\t\t\t\t<\/div>\n\t\t\t\t<\/div>\n\t\t\t\t<div class=\"elementor-element elementor-element-9bde39e elementor-widget elementor-widget-text-editor\" data-id=\"9bde39e\" data-element_type=\"widget\" data-e-type=\"widget\" data-widget_type=\"text-editor.default\">\n\t\t\t\t<div class=\"elementor-widget-container\">\n\t\t\t\t\t\t\t\t\t<p><b>2.<\/b> <span class=\"tlid-translation translation\" lang=\"da\"><span title=\"\">Installer og \u00e5bn appen p\u00e5 dit tv, og din \u201c<strong>MAC ADDRESS<\/strong>\u201d vil v\u00e6re p\u00e5 appens f\u00f8rste side.<\/span> <span class=\"\" title=\"\">(Den r\u00f8de ring er din MAC-adresse)<\/span><\/span><\/p>\t\t\t\t\t\t\t\t<\/div>\n\t\t\t\t<\/div>\n\t\t\t\t<div class=\"elementor-element elementor-element-e624b47 elementor-widget elementor-widget-image\" data-id=\"e624b47\" data-element_type=\"widget\" data-e-type=\"widget\" data-widget_type=\"image.default\">\n\t\t\t\t<div class=\"elementor-widget-container\">\n\t\t\t\t\t\t\t\t\t\t\t\t\t\t\t<img decoding=\"async\" width=\"768\" height=\"446\" src=\"https:\/\/iptvkonge.com\/wp-content\/uploads\/2025\/03\/Ska\u0308rmavbild-2020-01-18-kl.-17.06.06-768x446-1-1.png\" class=\"attachment-large size-large wp-image-271\" alt=\"\" srcset=\"https:\/\/iptvkonge.com\/wp-content\/uploads\/2025\/03\/Ska\u0308rmavbild-2020-01-18-kl.-17.06.06-768x446-1-1.png 768w, https:\/\/iptvkonge.com\/wp-content\/uploads\/2025\/03\/Ska\u0308rmavbild-2020-01-18-kl.-17.06.06-768x446-1-1-600x348.png 600w, https:\/\/iptvkonge.com\/wp-content\/uploads\/2025\/03\/Ska\u0308rmavbild-2020-01-18-kl.-17.06.06-768x446-1-1-300x174.png 300w\" sizes=\"(max-width: 768px) 100vw, 768px\" \/>\t\t\t\t\t\t\t\t\t\t\t\t\t\t\t<\/div>\n\t\t\t\t<\/div>\n\t\t\t\t<div class=\"elementor-element elementor-element-5ce5364 elementor-widget elementor-widget-text-editor\" data-id=\"5ce5364\" data-element_type=\"widget\" data-e-type=\"widget\" data-widget_type=\"text-editor.default\">\n\t\t\t\t<div class=\"elementor-widget-container\">\n\t\t\t\t\t\t\t\t\t<p><b>3.\u00a0<\/b><span class=\"tlid-translation translation\" lang=\"da\"><span class=\"\" title=\"\">G\u00e5 derefter til deres hjemmeside<\/span><\/span> <a href=\"https:\/\/siptv.app\/mylist\/\" target=\"_blank\" rel=\"noopener\">www.siptv.eu<\/a> <span class=\"tlid-translation translation\" lang=\"da\"><span class=\"\" title=\"\">og tryk p\u00e5<\/span><\/span> \u201c<b><u>My List<\/u><\/b>\u201c.<br \/>\u2013 <span class=\"tlid-translation translation\" lang=\"da\"><span class=\"\" title=\"\">Indtast din MAC-ADRESSE i feltet<\/span><\/span> \u201cdelete playlist\u201d <span class=\"tlid-translation translation\" lang=\"da\"><span class=\"\" title=\"\">og tryk p\u00e5 <\/span><\/span>\u201c<u><b>Delete<\/b><\/u>\u201c<br \/>\u2013\u00a0<b>Skrive<\/b> <span class=\"tlid-translation translation\" lang=\"da\"><span class=\"\" title=\"\">indtast derefter din MAC-ADRESSE i feltet<\/span><\/span> \u201c<u><b>MAC<\/b><\/u>\u201c<br \/>\u2013 <strong><span class=\"tlid-translation translation\" lang=\"da\"><span class=\"\" title=\"\">s\u00e6t ind<\/span><\/span><\/strong> <span class=\"tlid-translation translation\" lang=\"da\"><span class=\"\" title=\"\">indtast derefter din <strong>M3U LINK<\/strong> i feltet<\/span><\/span> \u201c<u><b>URL<\/b><\/u>\u201d <span class=\"tlid-translation translation\" lang=\"da\"><span class=\"\" title=\"\">og b\u00f8j dig ind<\/span><\/span> \u201c<b><u>save online &amp; detect EPG<\/u><\/b>\u201d <span class=\"tlid-translation translation\" lang=\"da\"><span class=\"\" title=\"\">og tryk p\u00e5 knappen<\/span><\/span> \u201c<u><b>SEND<\/b><\/u>\u201c.<br \/>\u2013 <span class=\"tlid-translation translation\" lang=\"da\"><span class=\"\" title=\"\">S\u00e5 det st\u00e5r i bunden<\/span><\/span> \u201c1 URL added! Restart the App.\u201d <span class=\"tlid-translation translation\" lang=\"da\"><span class=\"\" title=\"\">s\u00e5 er det<\/span><\/span> <strong><span class=\"tlid-translation translation\" lang=\"da\"><span class=\"\" title=\"\">Fri bane<\/span><\/span><\/strong> <span class=\"tlid-translation translation\" lang=\"da\"><span class=\"\" title=\"\">og kanalerne er p\u00e5 dit tv.<\/span><\/span><\/p>\t\t\t\t\t\t\t\t<\/div>\n\t\t\t\t<\/div>\n\t\t\t\t<div class=\"elementor-element elementor-element-356eb91 elementor-widget elementor-widget-image\" data-id=\"356eb91\" data-element_type=\"widget\" data-e-type=\"widget\" data-widget_type=\"image.default\">\n\t\t\t\t<div class=\"elementor-widget-container\">\n\t\t\t\t\t\t\t\t\t\t\t\t\t\t\t<img decoding=\"async\" width=\"768\" height=\"572\" src=\"https:\/\/iptvkonge.com\/wp-content\/uploads\/2025\/03\/Smart-IPTV-768x572-1-1.png\" class=\"attachment-large size-large wp-image-270\" alt=\"\" srcset=\"https:\/\/iptvkonge.com\/wp-content\/uploads\/2025\/03\/Smart-IPTV-768x572-1-1.png 768w, https:\/\/iptvkonge.com\/wp-content\/uploads\/2025\/03\/Smart-IPTV-768x572-1-1-600x447.png 600w, https:\/\/iptvkonge.com\/wp-content\/uploads\/2025\/03\/Smart-IPTV-768x572-1-1-300x223.png 300w\" sizes=\"(max-width: 768px) 100vw, 768px\" \/>\t\t\t\t\t\t\t\t\t\t\t\t\t\t\t<\/div>\n\t\t\t\t<\/div>\n\t\t\t\t\t<\/div>\n\t\t<\/div>\n\t\t\t\t\t<\/div>\n\t\t<\/section>\n\t\t\t\t<\/div>","protected":false},"excerpt":{"rendered":"<p>Trin 1, f\u00f8r du l\u00e6ser vejledningerne, er, at du bestiller en service fra os BESTILLE SMART TV (Smart iptv app) p\u00e5 dit tv. (S\u00e5dan ser appen ud) Til SAMSUNG &amp; LG TV1. Hent \u201cSmart IPTV\u201d\u00a0 2. Installer og \u00e5bn appen p\u00e5 dit tv, og din \u201cMAC ADDRESS\u201d vil v\u00e6re p\u00e5 appens f\u00f8rste side. (Den r\u00f8de [&hellip;]<\/p>\n","protected":false},"author":1,"featured_media":0,"parent":0,"menu_order":0,"comment_status":"closed","ping_status":"closed","template":"","meta":{"footnotes":""},"class_list":["post-149","page","type-page","status-publish","hentry"],"yoast_head":"<!-- This site is optimized with the Yoast SEO plugin v27.5 - https:\/\/yoast.com\/product\/yoast-seo-wordpress\/ -->\n<title>Smart IPTV App Danmark | Guide &amp; Ops\u00e6tning 2026<\/title>\n<meta name=\"description\" content=\"L\u00e6r hvordan du bruger Smart IPTV app i Danmark. Komplet guide til ops\u00e6tning med M3U, aktivering og stabil streaming p\u00e5 Smart TV.\" \/>\n<meta name=\"robots\" content=\"index, follow, max-snippet:-1, max-image-preview:large, max-video-preview:-1\" \/>\n<link rel=\"canonical\" href=\"https:\/\/iptvkonge.com\/da\/smart-iptv-app\/\" \/>\n<meta property=\"og:locale\" content=\"da_DK\" \/>\n<meta property=\"og:type\" content=\"article\" \/>\n<meta property=\"og:title\" content=\"Smart IPTV App Danmark | Guide &amp; Ops\u00e6tning 2026\" \/>\n<meta property=\"og:description\" content=\"L\u00e6r hvordan du bruger Smart IPTV app i Danmark. Komplet guide til ops\u00e6tning med M3U, aktivering og stabil streaming p\u00e5 Smart TV.\" \/>\n<meta property=\"og:url\" content=\"https:\/\/iptvkonge.com\/da\/smart-iptv-app\/\" \/>\n<meta property=\"og:site_name\" content=\"IPTV Konge\" \/>\n<meta property=\"article:modified_time\" content=\"2026-04-08T08:41:42+00:00\" \/>\n<meta property=\"og:image\" content=\"https:\/\/iptvkonge.com\/wp-content\/uploads\/2025\/03\/Smartiptv-300x199.png\" \/>\n<meta name=\"twitter:card\" content=\"summary_large_image\" \/>\n<meta name=\"twitter:label1\" content=\"Estimeret l\u00e6setid\" \/>\n\t<meta name=\"twitter:data1\" content=\"2 minutter\" \/>\n<script type=\"application\/ld+json\" class=\"yoast-schema-graph\">{\"@context\":\"https:\\\/\\\/schema.org\",\"@graph\":[{\"@type\":\"TechArticle\",\"@id\":\"https:\\\/\\\/iptvkonge.com\\\/smart-iptv-app\\\/#article\",\"isPartOf\":{\"@id\":\"https:\\\/\\\/iptvkonge.com\\\/smart-iptv-app\\\/\"},\"author\":{\"name\":\"admin\",\"@id\":\"https:\\\/\\\/iptvkonge.com\\\/#\\\/schema\\\/person\\\/2700f5d8f3f6a90979c88cc77c35f134\"},\"headline\":\"Smart iptv app\",\"datePublished\":\"2025-03-23T21:27:27+00:00\",\"dateModified\":\"2026-04-08T08:41:42+00:00\",\"mainEntityOfPage\":{\"@id\":\"https:\\\/\\\/iptvkonge.com\\\/smart-iptv-app\\\/\"},\"wordCount\":147,\"image\":{\"@id\":\"https:\\\/\\\/iptvkonge.com\\\/smart-iptv-app\\\/#primaryimage\"},\"thumbnailUrl\":\"https:\\\/\\\/iptvkonge.com\\\/wp-content\\\/uploads\\\/2025\\\/03\\\/Smartiptv-300x199.png\",\"inLanguage\":\"da-DK\"},{\"@type\":\"WebPage\",\"@id\":\"https:\\\/\\\/iptvkonge.com\\\/smart-iptv-app\\\/\",\"url\":\"https:\\\/\\\/iptvkonge.com\\\/smart-iptv-app\\\/\",\"name\":\"Smart IPTV App Danmark | Guide & Ops\u00e6tning 2026\",\"isPartOf\":{\"@id\":\"https:\\\/\\\/iptvkonge.com\\\/#website\"},\"primaryImageOfPage\":{\"@id\":\"https:\\\/\\\/iptvkonge.com\\\/smart-iptv-app\\\/#primaryimage\"},\"image\":{\"@id\":\"https:\\\/\\\/iptvkonge.com\\\/smart-iptv-app\\\/#primaryimage\"},\"thumbnailUrl\":\"https:\\\/\\\/iptvkonge.com\\\/wp-content\\\/uploads\\\/2025\\\/03\\\/Smartiptv-300x199.png\",\"datePublished\":\"2025-03-23T21:27:27+00:00\",\"dateModified\":\"2026-04-08T08:41:42+00:00\",\"description\":\"L\u00e6r hvordan du bruger Smart IPTV app i Danmark. Komplet guide til ops\u00e6tning med M3U, aktivering og stabil streaming p\u00e5 Smart TV.\",\"breadcrumb\":{\"@id\":\"https:\\\/\\\/iptvkonge.com\\\/smart-iptv-app\\\/#breadcrumb\"},\"inLanguage\":\"da-DK\",\"potentialAction\":[{\"@type\":\"ReadAction\",\"target\":[\"https:\\\/\\\/iptvkonge.com\\\/smart-iptv-app\\\/\"]}]},{\"@type\":\"ImageObject\",\"inLanguage\":\"da-DK\",\"@id\":\"https:\\\/\\\/iptvkonge.com\\\/smart-iptv-app\\\/#primaryimage\",\"url\":\"https:\\\/\\\/iptvkonge.com\\\/wp-content\\\/uploads\\\/2025\\\/03\\\/Smartiptv-300x199.png\",\"contentUrl\":\"https:\\\/\\\/iptvkonge.com\\\/wp-content\\\/uploads\\\/2025\\\/03\\\/Smartiptv-300x199.png\"},{\"@type\":\"BreadcrumbList\",\"@id\":\"https:\\\/\\\/iptvkonge.com\\\/smart-iptv-app\\\/#breadcrumb\",\"itemListElement\":[{\"@type\":\"ListItem\",\"position\":1,\"name\":\"Home\",\"item\":\"https:\\\/\\\/iptvkonge.com\\\/\"},{\"@type\":\"ListItem\",\"position\":2,\"name\":\"Smart iptv app\"}]},{\"@type\":\"WebSite\",\"@id\":\"https:\\\/\\\/iptvkonge.com\\\/#website\",\"url\":\"https:\\\/\\\/iptvkonge.com\\\/\",\"name\":\"IPTV Konge\",\"description\":\"\",\"potentialAction\":[{\"@type\":\"SearchAction\",\"target\":{\"@type\":\"EntryPoint\",\"urlTemplate\":\"https:\\\/\\\/iptvkonge.com\\\/?s={search_term_string}\"},\"query-input\":{\"@type\":\"PropertyValueSpecification\",\"valueRequired\":true,\"valueName\":\"search_term_string\"}}],\"inLanguage\":\"da-DK\"},{\"@type\":\"Person\",\"@id\":\"https:\\\/\\\/iptvkonge.com\\\/#\\\/schema\\\/person\\\/2700f5d8f3f6a90979c88cc77c35f134\",\"name\":\"admin\",\"image\":{\"@type\":\"ImageObject\",\"inLanguage\":\"da-DK\",\"@id\":\"https:\\\/\\\/secure.gravatar.com\\\/avatar\\\/ed0ebc66c502eb6b2fe8fc755b1286dee86bf48035e0cb80e3b853d453353cd3?s=96&d=mm&r=g\",\"url\":\"https:\\\/\\\/secure.gravatar.com\\\/avatar\\\/ed0ebc66c502eb6b2fe8fc755b1286dee86bf48035e0cb80e3b853d453353cd3?s=96&d=mm&r=g\",\"contentUrl\":\"https:\\\/\\\/secure.gravatar.com\\\/avatar\\\/ed0ebc66c502eb6b2fe8fc755b1286dee86bf48035e0cb80e3b853d453353cd3?s=96&d=mm&r=g\",\"caption\":\"admin\"},\"sameAs\":[\"https:\\\/\\\/iptvkonge.com\"],\"url\":\"https:\\\/\\\/iptvkonge.com\\\/da\\\/author\\\/admin_fcauls5o\\\/\"}]}<\/script>\n<!-- \/ Yoast SEO plugin. -->","yoast_head_json":{"title":"Smart IPTV App Danmark | Guide & Ops\u00e6tning 2026","description":"L\u00e6r hvordan du bruger Smart IPTV app i Danmark. Komplet guide til ops\u00e6tning med M3U, aktivering og stabil streaming p\u00e5 Smart TV.","robots":{"index":"index","follow":"follow","max-snippet":"max-snippet:-1","max-image-preview":"max-image-preview:large","max-video-preview":"max-video-preview:-1"},"canonical":"https:\/\/iptvkonge.com\/da\/smart-iptv-app\/","og_locale":"da_DK","og_type":"article","og_title":"Smart IPTV App Danmark | Guide & Ops\u00e6tning 2026","og_description":"L\u00e6r hvordan du bruger Smart IPTV app i Danmark. Komplet guide til ops\u00e6tning med M3U, aktivering og stabil streaming p\u00e5 Smart TV.","og_url":"https:\/\/iptvkonge.com\/da\/smart-iptv-app\/","og_site_name":"IPTV Konge","article_modified_time":"2026-04-08T08:41:42+00:00","og_image":[{"url":"https:\/\/iptvkonge.com\/wp-content\/uploads\/2025\/03\/Smartiptv-300x199.png","type":"","width":"","height":""}],"twitter_card":"summary_large_image","twitter_misc":{"Estimeret l\u00e6setid":"2 minutter"},"schema":{"@context":"https:\/\/schema.org","@graph":[{"@type":"TechArticle","@id":"https:\/\/iptvkonge.com\/smart-iptv-app\/#article","isPartOf":{"@id":"https:\/\/iptvkonge.com\/smart-iptv-app\/"},"author":{"name":"admin","@id":"https:\/\/iptvkonge.com\/#\/schema\/person\/2700f5d8f3f6a90979c88cc77c35f134"},"headline":"Smart iptv app","datePublished":"2025-03-23T21:27:27+00:00","dateModified":"2026-04-08T08:41:42+00:00","mainEntityOfPage":{"@id":"https:\/\/iptvkonge.com\/smart-iptv-app\/"},"wordCount":147,"image":{"@id":"https:\/\/iptvkonge.com\/smart-iptv-app\/#primaryimage"},"thumbnailUrl":"https:\/\/iptvkonge.com\/wp-content\/uploads\/2025\/03\/Smartiptv-300x199.png","inLanguage":"da-DK"},{"@type":"WebPage","@id":"https:\/\/iptvkonge.com\/smart-iptv-app\/","url":"https:\/\/iptvkonge.com\/smart-iptv-app\/","name":"Smart IPTV App Danmark | Guide & Ops\u00e6tning 2026","isPartOf":{"@id":"https:\/\/iptvkonge.com\/#website"},"primaryImageOfPage":{"@id":"https:\/\/iptvkonge.com\/smart-iptv-app\/#primaryimage"},"image":{"@id":"https:\/\/iptvkonge.com\/smart-iptv-app\/#primaryimage"},"thumbnailUrl":"https:\/\/iptvkonge.com\/wp-content\/uploads\/2025\/03\/Smartiptv-300x199.png","datePublished":"2025-03-23T21:27:27+00:00","dateModified":"2026-04-08T08:41:42+00:00","description":"L\u00e6r hvordan du bruger Smart IPTV app i Danmark. Komplet guide til ops\u00e6tning med M3U, aktivering og stabil streaming p\u00e5 Smart TV.","breadcrumb":{"@id":"https:\/\/iptvkonge.com\/smart-iptv-app\/#breadcrumb"},"inLanguage":"da-DK","potentialAction":[{"@type":"ReadAction","target":["https:\/\/iptvkonge.com\/smart-iptv-app\/"]}]},{"@type":"ImageObject","inLanguage":"da-DK","@id":"https:\/\/iptvkonge.com\/smart-iptv-app\/#primaryimage","url":"https:\/\/iptvkonge.com\/wp-content\/uploads\/2025\/03\/Smartiptv-300x199.png","contentUrl":"https:\/\/iptvkonge.com\/wp-content\/uploads\/2025\/03\/Smartiptv-300x199.png"},{"@type":"BreadcrumbList","@id":"https:\/\/iptvkonge.com\/smart-iptv-app\/#breadcrumb","itemListElement":[{"@type":"ListItem","position":1,"name":"Home","item":"https:\/\/iptvkonge.com\/"},{"@type":"ListItem","position":2,"name":"Smart iptv app"}]},{"@type":"WebSite","@id":"https:\/\/iptvkonge.com\/#website","url":"https:\/\/iptvkonge.com\/","name":"IPTV Konge","description":"","potentialAction":[{"@type":"SearchAction","target":{"@type":"EntryPoint","urlTemplate":"https:\/\/iptvkonge.com\/?s={search_term_string}"},"query-input":{"@type":"PropertyValueSpecification","valueRequired":true,"valueName":"search_term_string"}}],"inLanguage":"da-DK"},{"@type":"Person","@id":"https:\/\/iptvkonge.com\/#\/schema\/person\/2700f5d8f3f6a90979c88cc77c35f134","name":"admin","image":{"@type":"ImageObject","inLanguage":"da-DK","@id":"https:\/\/secure.gravatar.com\/avatar\/ed0ebc66c502eb6b2fe8fc755b1286dee86bf48035e0cb80e3b853d453353cd3?s=96&d=mm&r=g","url":"https:\/\/secure.gravatar.com\/avatar\/ed0ebc66c502eb6b2fe8fc755b1286dee86bf48035e0cb80e3b853d453353cd3?s=96&d=mm&r=g","contentUrl":"https:\/\/secure.gravatar.com\/avatar\/ed0ebc66c502eb6b2fe8fc755b1286dee86bf48035e0cb80e3b853d453353cd3?s=96&d=mm&r=g","caption":"admin"},"sameAs":["https:\/\/iptvkonge.com"],"url":"https:\/\/iptvkonge.com\/da\/author\/admin_fcauls5o\/"}]}},"_links":{"self":[{"href":"https:\/\/iptvkonge.com\/da\/wp-json\/wp\/v2\/pages\/149","targetHints":{"allow":["GET"]}}],"collection":[{"href":"https:\/\/iptvkonge.com\/da\/wp-json\/wp\/v2\/pages"}],"about":[{"href":"https:\/\/iptvkonge.com\/da\/wp-json\/wp\/v2\/types\/page"}],"author":[{"embeddable":true,"href":"https:\/\/iptvkonge.com\/da\/wp-json\/wp\/v2\/users\/1"}],"replies":[{"embeddable":true,"href":"https:\/\/iptvkonge.com\/da\/wp-json\/wp\/v2\/comments?post=149"}],"version-history":[{"count":1,"href":"https:\/\/iptvkonge.com\/da\/wp-json\/wp\/v2\/pages\/149\/revisions"}],"predecessor-version":[{"id":690,"href":"https:\/\/iptvkonge.com\/da\/wp-json\/wp\/v2\/pages\/149\/revisions\/690"}],"wp:attachment":[{"href":"https:\/\/iptvkonge.com\/da\/wp-json\/wp\/v2\/media?parent=149"}],"curies":[{"name":"wp","href":"https:\/\/api.w.org\/{rel}","templated":true}]}}