{"id":176,"date":"2025-03-23T21:33:21","date_gmt":"2025-03-23T21:33:21","guid":{"rendered":"https:\/\/iptvkonge.com\/?page_id=176"},"modified":"2026-04-08T08:32:25","modified_gmt":"2026-04-08T08:32:25","slug":"formuler-box","status":"publish","type":"page","link":"https:\/\/iptvkonge.com\/da\/formuler-box\/","title":{"rendered":"Formuler Box"},"content":{"rendered":"<div data-elementor-type=\"wp-page\" data-elementor-id=\"176\" class=\"elementor elementor-176\" data-elementor-post-type=\"page\">\n\t\t\t\t\t\t<section class=\"elementor-section elementor-top-section elementor-element elementor-element-bb140c0 elementor-section-boxed elementor-section-height-default elementor-section-height-default\" data-id=\"bb140c0\" data-element_type=\"section\" data-e-type=\"section\">\n\t\t\t\t\t\t<div class=\"elementor-container elementor-column-gap-default\">\n\t\t\t\t\t<div class=\"elementor-column elementor-col-100 elementor-top-column elementor-element elementor-element-8230a6d\" data-id=\"8230a6d\" data-element_type=\"column\" data-e-type=\"column\">\n\t\t\t<div class=\"elementor-widget-wrap elementor-element-populated\">\n\t\t\t\t\t\t<div class=\"elementor-element elementor-element-ada8692 elementor-widget elementor-widget-heading\" data-id=\"ada8692\" data-element_type=\"widget\" data-e-type=\"widget\" data-widget_type=\"heading.default\">\n\t\t\t\t<div class=\"elementor-widget-container\">\n\t\t\t\t\t<h2 class=\"elementor-heading-title elementor-size-default\">Trin 1, f\u00f8r du l\u00e6ser vejledningerne, er, at du bestiller en service fra os<\/h2>\t\t\t\t<\/div>\n\t\t\t\t<\/div>\n\t\t\t\t<div class=\"elementor-element elementor-element-a7de691 elementor-align-center elementor-widget elementor-widget-button\" data-id=\"a7de691\" data-element_type=\"widget\" data-e-type=\"widget\" data-widget_type=\"button.default\">\n\t\t\t\t<div class=\"elementor-widget-container\">\n\t\t\t\t\t\t\t\t\t<div class=\"elementor-button-wrapper\">\n\t\t\t\t\t<a class=\"elementor-button elementor-button-link elementor-size-xs\" href=\"https:\/\/iptvkonge.com\/shop\/\">\n\t\t\t\t\t\t<span class=\"elementor-button-content-wrapper\">\n\t\t\t\t\t\t\t\t\t<span class=\"elementor-button-text\"><font style=\"vertical-align: inherit\"><font style=\"vertical-align: inherit\"><font style=\"vertical-align: inherit\"><font style=\"vertical-align: inherit\">BESTILLE<\/font><\/font><\/font><\/font><font style=\"vertical-align: inherit\"><font style=\"vertical-align: inherit\"><\/font><\/font><\/span>\n\t\t\t\t\t<\/span>\n\t\t\t\t\t<\/a>\n\t\t\t\t<\/div>\n\t\t\t\t\t\t\t\t<\/div>\n\t\t\t\t<\/div>\n\t\t\t\t<div class=\"elementor-element elementor-element-405b2c9 elementor-widget-divider--view-line elementor-widget elementor-widget-divider\" data-id=\"405b2c9\" data-element_type=\"widget\" data-e-type=\"widget\" data-widget_type=\"divider.default\">\n\t\t\t\t<div class=\"elementor-widget-container\">\n\t\t\t\t\t\t\t<div class=\"elementor-divider\">\n\t\t\t<span class=\"elementor-divider-separator\">\n\t\t\t\t\t\t<\/span>\n\t\t<\/div>\n\t\t\t\t\t\t<\/div>\n\t\t\t\t<\/div>\n\t\t\t\t<div class=\"elementor-element elementor-element-9249dee elementor-widget elementor-widget-heading\" data-id=\"9249dee\" data-element_type=\"widget\" data-e-type=\"widget\" data-widget_type=\"heading.default\">\n\t\t\t\t<div class=\"elementor-widget-container\">\n\t\t\t\t\t<h2 class=\"elementor-heading-title elementor-size-default\">Formuler box<\/h2>\t\t\t\t<\/div>\n\t\t\t\t<\/div>\n\t\t\t\t<div class=\"elementor-element elementor-element-5752f50 elementor-widget elementor-widget-image\" data-id=\"5752f50\" data-element_type=\"widget\" data-e-type=\"widget\" data-widget_type=\"image.default\">\n\t\t\t\t<div class=\"elementor-widget-container\">\n\t\t\t\t\t\t\t\t\t\t\t\t\t\t\t<img fetchpriority=\"high\" decoding=\"async\" width=\"600\" height=\"513\" src=\"https:\/\/iptvkonge.com\/wp-content\/uploads\/2025\/03\/FormulerZ83-600x513-1.jpg\" class=\"attachment-full size-full wp-image-287\" alt=\"\" srcset=\"https:\/\/iptvkonge.com\/wp-content\/uploads\/2025\/03\/FormulerZ83-600x513-1.jpg 600w, https:\/\/iptvkonge.com\/wp-content\/uploads\/2025\/03\/FormulerZ83-600x513-1-300x257.jpg 300w\" sizes=\"(max-width: 600px) 100vw, 600px\" \/>\t\t\t\t\t\t\t\t\t\t\t\t\t\t\t<\/div>\n\t\t\t\t<\/div>\n\t\t\t\t<div class=\"elementor-element elementor-element-76898f6 elementor-widget elementor-widget-text-editor\" data-id=\"76898f6\" data-element_type=\"widget\" data-e-type=\"widget\" data-widget_type=\"text-editor.default\">\n\t\t\t\t<div class=\"elementor-widget-container\">\n\t\t\t\t\t\t\t\t\t<div class=\"elementor-element elementor-element-6f0cebe9 elementor-widget elementor-widget-text-editor\" data-id=\"6f0cebe9\" data-element_type=\"widget\" data-widget_type=\"text-editor.default\"><div class=\"elementor-widget-container\"><div class=\"elementor-text-editor elementor-clearfix\"><ul><li><span class=\"tlid-translation translation\" lang=\"da\"><span class=\"\" title=\"\">G\u00e5 til appen MY TV Online<\/span><\/span><\/li><li><span class=\"tlid-translation translation\" lang=\"da\"><span class=\"\" title=\"\">Du f\u00e5r en pop-up-boks, klik p\u00e5 rediger,<\/span><\/span><p>\u2013\u00a0<b>Portal name<\/b>: SmartIPTV<br \/>\u2013\u00a0<b>Portal URL<\/b>: <span class=\"tlid-translation translation\" lang=\"da\"><span title=\"\">Du modtager det fra os, n\u00e5r vi har tilf\u00f8jet dig som kunde.<\/span><br \/><span class=\"\" title=\"\">&#8211; tryk derefter p\u00e5<\/span><\/span>\u201csave\u201d<\/p><p><strong><span class=\"tlid-translation translation\" lang=\"da\"><span class=\"\" title=\"\">(BEM\u00c6RK !!! Bem\u00e6rk, at det altid er ID&#8217;et p\u00e5 bagsiden af \u200b\u200bFormuleringsfeltet, der skal indtastes som MAC-adresse til os (starter kl. 00: 1A)<\/span><\/span><\/strong><\/p><\/li><\/ul><\/div><\/div><\/div><div class=\"elementor-element elementor-element-9543baa elementor-widget elementor-widget-text-editor\" data-id=\"9543baa\" data-element_type=\"widget\" data-widget_type=\"text-editor.default\"><div class=\"elementor-widget-container\"><div class=\"elementor-text-editor elementor-clearfix\"><p><strong><span class=\"tlid-translation translation\" lang=\"da\"><span class=\"\" title=\"\">Tip og funktioner<\/span><\/span><\/strong><\/p><ul><li><span class=\"tlid-translation translation\" lang=\"da\"><span class=\"\" title=\"\">Med den r\u00f8de knap kan du tilf\u00f8je tekst til kanaler og Vod<\/span><\/span><\/li><li><span class=\"tlid-translation translation\" lang=\"da\"><span class=\"\" title=\"\">For at oprette forbindelse til vores massive filmbibliotek skal du g\u00e5 til appen MY TVonline \/ Menu \/ vod<\/span><\/span><\/li><li><span class=\"tlid-translation translation\" lang=\"da\"><span title=\"\">Hvis du vil oprette en favoritliste fra forskellige lande, kan du g\u00f8re det ved at trykke p\u00e5 den bl\u00e5 knap.<\/span> <span title=\"\">Denne kanal gemmes derefter under favoritter.<\/span> <span class=\"\" title=\"\">Det bedste ved Formler er, at du kan tilf\u00f8je kanaler fra forskellige lande til en og samme liste.<\/span><\/span><\/li><\/ul><\/div><\/div><\/div>\t\t\t\t\t\t\t\t<\/div>\n\t\t\t\t<\/div>\n\t\t\t\t\t<\/div>\n\t\t<\/div>\n\t\t\t\t\t<\/div>\n\t\t<\/section>\n\t\t\t\t<\/div>","protected":false},"excerpt":{"rendered":"<p>Trin 1, f\u00f8r du l\u00e6ser vejledningerne, er, at du bestiller en service fra os BESTILLE Formuler box G\u00e5 til appen MY TV Online Du f\u00e5r en pop-up-boks, klik p\u00e5 rediger, \u2013\u00a0Portal name: SmartIPTV\u2013\u00a0Portal URL: Du modtager det fra os, n\u00e5r vi har tilf\u00f8jet dig som kunde.&#8211; tryk derefter p\u00e5\u201csave\u201d (BEM\u00c6RK !!! Bem\u00e6rk, at det altid [&hellip;]<\/p>\n","protected":false},"author":1,"featured_media":0,"parent":0,"menu_order":0,"comment_status":"closed","ping_status":"closed","template":"","meta":{"footnotes":""},"class_list":["post-176","page","type-page","status-publish","hentry"],"yoast_head":"<!-- This site is optimized with the Yoast SEO plugin v27.5 - https:\/\/yoast.com\/product\/yoast-seo-wordpress\/ -->\n<title>Formuler IPTV Box Danmark | Bedste IPTV Box 4K 2026<\/title>\n<meta name=\"description\" content=\"K\u00f8b Formuler IPTV Box i Danmark og stream TV i HD &amp; 4K. Hurtig Android TV box med MYTVOnline app og stabil IPTV oplevelse.\" \/>\n<meta name=\"robots\" content=\"index, follow, max-snippet:-1, max-image-preview:large, max-video-preview:-1\" \/>\n<link rel=\"canonical\" href=\"https:\/\/iptvkonge.com\/da\/formuler-box\/\" \/>\n<meta property=\"og:locale\" content=\"da_DK\" \/>\n<meta property=\"og:type\" content=\"article\" \/>\n<meta property=\"og:title\" content=\"Formuler IPTV Box Danmark | Bedste IPTV Box 4K 2026\" \/>\n<meta property=\"og:description\" content=\"K\u00f8b Formuler IPTV Box i Danmark og stream TV i HD &amp; 4K. Hurtig Android TV box med MYTVOnline app og stabil IPTV oplevelse.\" \/>\n<meta property=\"og:url\" content=\"https:\/\/iptvkonge.com\/da\/formuler-box\/\" \/>\n<meta property=\"og:site_name\" content=\"IPTV Konge\" \/>\n<meta property=\"article:modified_time\" content=\"2026-04-08T08:32:25+00:00\" \/>\n<meta property=\"og:image\" content=\"https:\/\/iptvkonge.com\/wp-content\/uploads\/2025\/03\/FormulerZ83-600x513-1.jpg\" \/>\n<meta name=\"twitter:card\" content=\"summary_large_image\" \/>\n<meta name=\"twitter:label1\" content=\"Estimeret l\u00e6setid\" \/>\n\t<meta name=\"twitter:data1\" content=\"1 minut\" \/>\n<script type=\"application\/ld+json\" class=\"yoast-schema-graph\">{\"@context\":\"https:\\\/\\\/schema.org\",\"@graph\":[{\"@type\":\"TechArticle\",\"@id\":\"https:\\\/\\\/iptvkonge.com\\\/formuler-box\\\/#article\",\"isPartOf\":{\"@id\":\"https:\\\/\\\/iptvkonge.com\\\/formuler-box\\\/\"},\"author\":{\"name\":\"admin\",\"@id\":\"https:\\\/\\\/iptvkonge.com\\\/#\\\/schema\\\/person\\\/2700f5d8f3f6a90979c88cc77c35f134\"},\"headline\":\"Formuler Box\",\"datePublished\":\"2025-03-23T21:33:21+00:00\",\"dateModified\":\"2026-04-08T08:32:25+00:00\",\"mainEntityOfPage\":{\"@id\":\"https:\\\/\\\/iptvkonge.com\\\/formuler-box\\\/\"},\"wordCount\":161,\"image\":{\"@id\":\"https:\\\/\\\/iptvkonge.com\\\/formuler-box\\\/#primaryimage\"},\"thumbnailUrl\":\"https:\\\/\\\/iptvkonge.com\\\/wp-content\\\/uploads\\\/2025\\\/03\\\/FormulerZ83-600x513-1.jpg\",\"inLanguage\":\"da-DK\"},{\"@type\":\"WebPage\",\"@id\":\"https:\\\/\\\/iptvkonge.com\\\/formuler-box\\\/\",\"url\":\"https:\\\/\\\/iptvkonge.com\\\/formuler-box\\\/\",\"name\":\"Formuler IPTV Box Danmark | Bedste IPTV Box 4K 2026\",\"isPartOf\":{\"@id\":\"https:\\\/\\\/iptvkonge.com\\\/#website\"},\"primaryImageOfPage\":{\"@id\":\"https:\\\/\\\/iptvkonge.com\\\/formuler-box\\\/#primaryimage\"},\"image\":{\"@id\":\"https:\\\/\\\/iptvkonge.com\\\/formuler-box\\\/#primaryimage\"},\"thumbnailUrl\":\"https:\\\/\\\/iptvkonge.com\\\/wp-content\\\/uploads\\\/2025\\\/03\\\/FormulerZ83-600x513-1.jpg\",\"datePublished\":\"2025-03-23T21:33:21+00:00\",\"dateModified\":\"2026-04-08T08:32:25+00:00\",\"description\":\"K\u00f8b Formuler IPTV Box i Danmark og stream TV i HD & 4K. Hurtig Android TV box med MYTVOnline app og stabil IPTV oplevelse.\",\"breadcrumb\":{\"@id\":\"https:\\\/\\\/iptvkonge.com\\\/formuler-box\\\/#breadcrumb\"},\"inLanguage\":\"da-DK\",\"potentialAction\":[{\"@type\":\"ReadAction\",\"target\":[\"https:\\\/\\\/iptvkonge.com\\\/formuler-box\\\/\"]}]},{\"@type\":\"ImageObject\",\"inLanguage\":\"da-DK\",\"@id\":\"https:\\\/\\\/iptvkonge.com\\\/formuler-box\\\/#primaryimage\",\"url\":\"https:\\\/\\\/iptvkonge.com\\\/wp-content\\\/uploads\\\/2025\\\/03\\\/FormulerZ83-600x513-1.jpg\",\"contentUrl\":\"https:\\\/\\\/iptvkonge.com\\\/wp-content\\\/uploads\\\/2025\\\/03\\\/FormulerZ83-600x513-1.jpg\"},{\"@type\":\"BreadcrumbList\",\"@id\":\"https:\\\/\\\/iptvkonge.com\\\/formuler-box\\\/#breadcrumb\",\"itemListElement\":[{\"@type\":\"ListItem\",\"position\":1,\"name\":\"Home\",\"item\":\"https:\\\/\\\/iptvkonge.com\\\/\"},{\"@type\":\"ListItem\",\"position\":2,\"name\":\"Formuler Box\"}]},{\"@type\":\"WebSite\",\"@id\":\"https:\\\/\\\/iptvkonge.com\\\/#website\",\"url\":\"https:\\\/\\\/iptvkonge.com\\\/\",\"name\":\"IPTV Konge\",\"description\":\"\",\"potentialAction\":[{\"@type\":\"SearchAction\",\"target\":{\"@type\":\"EntryPoint\",\"urlTemplate\":\"https:\\\/\\\/iptvkonge.com\\\/?s={search_term_string}\"},\"query-input\":{\"@type\":\"PropertyValueSpecification\",\"valueRequired\":true,\"valueName\":\"search_term_string\"}}],\"inLanguage\":\"da-DK\"},{\"@type\":\"Person\",\"@id\":\"https:\\\/\\\/iptvkonge.com\\\/#\\\/schema\\\/person\\\/2700f5d8f3f6a90979c88cc77c35f134\",\"name\":\"admin\",\"image\":{\"@type\":\"ImageObject\",\"inLanguage\":\"da-DK\",\"@id\":\"https:\\\/\\\/secure.gravatar.com\\\/avatar\\\/ed0ebc66c502eb6b2fe8fc755b1286dee86bf48035e0cb80e3b853d453353cd3?s=96&d=mm&r=g\",\"url\":\"https:\\\/\\\/secure.gravatar.com\\\/avatar\\\/ed0ebc66c502eb6b2fe8fc755b1286dee86bf48035e0cb80e3b853d453353cd3?s=96&d=mm&r=g\",\"contentUrl\":\"https:\\\/\\\/secure.gravatar.com\\\/avatar\\\/ed0ebc66c502eb6b2fe8fc755b1286dee86bf48035e0cb80e3b853d453353cd3?s=96&d=mm&r=g\",\"caption\":\"admin\"},\"sameAs\":[\"https:\\\/\\\/iptvkonge.com\"],\"url\":\"https:\\\/\\\/iptvkonge.com\\\/da\\\/author\\\/admin_fcauls5o\\\/\"}]}<\/script>\n<!-- \/ Yoast SEO plugin. -->","yoast_head_json":{"title":"Formuler IPTV Box Danmark | Bedste IPTV Box 4K 2026","description":"K\u00f8b Formuler IPTV Box i Danmark og stream TV i HD & 4K. Hurtig Android TV box med MYTVOnline app og stabil IPTV oplevelse.","robots":{"index":"index","follow":"follow","max-snippet":"max-snippet:-1","max-image-preview":"max-image-preview:large","max-video-preview":"max-video-preview:-1"},"canonical":"https:\/\/iptvkonge.com\/da\/formuler-box\/","og_locale":"da_DK","og_type":"article","og_title":"Formuler IPTV Box Danmark | Bedste IPTV Box 4K 2026","og_description":"K\u00f8b Formuler IPTV Box i Danmark og stream TV i HD & 4K. Hurtig Android TV box med MYTVOnline app og stabil IPTV oplevelse.","og_url":"https:\/\/iptvkonge.com\/da\/formuler-box\/","og_site_name":"IPTV Konge","article_modified_time":"2026-04-08T08:32:25+00:00","og_image":[{"url":"https:\/\/iptvkonge.com\/wp-content\/uploads\/2025\/03\/FormulerZ83-600x513-1.jpg","type":"","width":"","height":""}],"twitter_card":"summary_large_image","twitter_misc":{"Estimeret l\u00e6setid":"1 minut"},"schema":{"@context":"https:\/\/schema.org","@graph":[{"@type":"TechArticle","@id":"https:\/\/iptvkonge.com\/formuler-box\/#article","isPartOf":{"@id":"https:\/\/iptvkonge.com\/formuler-box\/"},"author":{"name":"admin","@id":"https:\/\/iptvkonge.com\/#\/schema\/person\/2700f5d8f3f6a90979c88cc77c35f134"},"headline":"Formuler Box","datePublished":"2025-03-23T21:33:21+00:00","dateModified":"2026-04-08T08:32:25+00:00","mainEntityOfPage":{"@id":"https:\/\/iptvkonge.com\/formuler-box\/"},"wordCount":161,"image":{"@id":"https:\/\/iptvkonge.com\/formuler-box\/#primaryimage"},"thumbnailUrl":"https:\/\/iptvkonge.com\/wp-content\/uploads\/2025\/03\/FormulerZ83-600x513-1.jpg","inLanguage":"da-DK"},{"@type":"WebPage","@id":"https:\/\/iptvkonge.com\/formuler-box\/","url":"https:\/\/iptvkonge.com\/formuler-box\/","name":"Formuler IPTV Box Danmark | Bedste IPTV Box 4K 2026","isPartOf":{"@id":"https:\/\/iptvkonge.com\/#website"},"primaryImageOfPage":{"@id":"https:\/\/iptvkonge.com\/formuler-box\/#primaryimage"},"image":{"@id":"https:\/\/iptvkonge.com\/formuler-box\/#primaryimage"},"thumbnailUrl":"https:\/\/iptvkonge.com\/wp-content\/uploads\/2025\/03\/FormulerZ83-600x513-1.jpg","datePublished":"2025-03-23T21:33:21+00:00","dateModified":"2026-04-08T08:32:25+00:00","description":"K\u00f8b Formuler IPTV Box i Danmark og stream TV i HD & 4K. Hurtig Android TV box med MYTVOnline app og stabil IPTV oplevelse.","breadcrumb":{"@id":"https:\/\/iptvkonge.com\/formuler-box\/#breadcrumb"},"inLanguage":"da-DK","potentialAction":[{"@type":"ReadAction","target":["https:\/\/iptvkonge.com\/formuler-box\/"]}]},{"@type":"ImageObject","inLanguage":"da-DK","@id":"https:\/\/iptvkonge.com\/formuler-box\/#primaryimage","url":"https:\/\/iptvkonge.com\/wp-content\/uploads\/2025\/03\/FormulerZ83-600x513-1.jpg","contentUrl":"https:\/\/iptvkonge.com\/wp-content\/uploads\/2025\/03\/FormulerZ83-600x513-1.jpg"},{"@type":"BreadcrumbList","@id":"https:\/\/iptvkonge.com\/formuler-box\/#breadcrumb","itemListElement":[{"@type":"ListItem","position":1,"name":"Home","item":"https:\/\/iptvkonge.com\/"},{"@type":"ListItem","position":2,"name":"Formuler Box"}]},{"@type":"WebSite","@id":"https:\/\/iptvkonge.com\/#website","url":"https:\/\/iptvkonge.com\/","name":"IPTV Konge","description":"","potentialAction":[{"@type":"SearchAction","target":{"@type":"EntryPoint","urlTemplate":"https:\/\/iptvkonge.com\/?s={search_term_string}"},"query-input":{"@type":"PropertyValueSpecification","valueRequired":true,"valueName":"search_term_string"}}],"inLanguage":"da-DK"},{"@type":"Person","@id":"https:\/\/iptvkonge.com\/#\/schema\/person\/2700f5d8f3f6a90979c88cc77c35f134","name":"admin","image":{"@type":"ImageObject","inLanguage":"da-DK","@id":"https:\/\/secure.gravatar.com\/avatar\/ed0ebc66c502eb6b2fe8fc755b1286dee86bf48035e0cb80e3b853d453353cd3?s=96&d=mm&r=g","url":"https:\/\/secure.gravatar.com\/avatar\/ed0ebc66c502eb6b2fe8fc755b1286dee86bf48035e0cb80e3b853d453353cd3?s=96&d=mm&r=g","contentUrl":"https:\/\/secure.gravatar.com\/avatar\/ed0ebc66c502eb6b2fe8fc755b1286dee86bf48035e0cb80e3b853d453353cd3?s=96&d=mm&r=g","caption":"admin"},"sameAs":["https:\/\/iptvkonge.com"],"url":"https:\/\/iptvkonge.com\/da\/author\/admin_fcauls5o\/"}]}},"_links":{"self":[{"href":"https:\/\/iptvkonge.com\/da\/wp-json\/wp\/v2\/pages\/176","targetHints":{"allow":["GET"]}}],"collection":[{"href":"https:\/\/iptvkonge.com\/da\/wp-json\/wp\/v2\/pages"}],"about":[{"href":"https:\/\/iptvkonge.com\/da\/wp-json\/wp\/v2\/types\/page"}],"author":[{"embeddable":true,"href":"https:\/\/iptvkonge.com\/da\/wp-json\/wp\/v2\/users\/1"}],"replies":[{"embeddable":true,"href":"https:\/\/iptvkonge.com\/da\/wp-json\/wp\/v2\/comments?post=176"}],"version-history":[{"count":1,"href":"https:\/\/iptvkonge.com\/da\/wp-json\/wp\/v2\/pages\/176\/revisions"}],"predecessor-version":[{"id":686,"href":"https:\/\/iptvkonge.com\/da\/wp-json\/wp\/v2\/pages\/176\/revisions\/686"}],"wp:attachment":[{"href":"https:\/\/iptvkonge.com\/da\/wp-json\/wp\/v2\/media?parent=176"}],"curies":[{"name":"wp","href":"https:\/\/api.w.org\/{rel}","templated":true}]}}