{"id":733,"date":"2026-04-10T12:42:57","date_gmt":"2026-04-10T12:42:57","guid":{"rendered":"https:\/\/iptvkonge.com\/?page_id=733"},"modified":"2026-04-13T07:00:24","modified_gmt":"2026-04-13T07:00:24","slug":"blogs","status":"publish","type":"page","link":"https:\/\/iptvkonge.com\/da\/blogs\/","title":{"rendered":"Blogs"},"content":{"rendered":"<div data-elementor-type=\"wp-page\" data-elementor-id=\"733\" class=\"elementor elementor-733\">\n\t\t\t\t<div class=\"elementor-element elementor-element-7292feb e-flex e-con-boxed e-con e-parent\" data-id=\"7292feb\" data-element_type=\"container\" data-e-type=\"container\">\n\t\t\t\t\t<div class=\"e-con-inner\">\n\t\t\t\t<div class=\"elementor-element elementor-element-cf2efa2 elementor-grid-eael-col-3 elementor-grid-tablet-eael-col-2 elementor-grid-mobile-eael-col-1 elementor-widget elementor-widget-eael-post-grid\" data-id=\"cf2efa2\" data-element_type=\"widget\" data-e-type=\"widget\" data-settings=\"{&quot;eael_post_grid_columns&quot;:&quot;eael-col-3&quot;,&quot;eael_post_grid_columns_tablet&quot;:&quot;eael-col-2&quot;,&quot;eael_post_grid_columns_mobile&quot;:&quot;eael-col-1&quot;}\" data-widget_type=\"eael-post-grid.default\">\n\t\t\t\t<div class=\"elementor-widget-container\">\n\t\t\t\t\t<div id=\"eael-post-grid-cf2efa2\" class=\"eael-post-grid-container\">\n            <div class=\"eael-post-grid eael-post-appender eael-post-appender-cf2efa2 eael-post-grid-style-one\" data-layout-mode=\"masonry\"><article class=\"eael-grid-post  eael-post-grid-column eael-pg-post-799 category-uncategorized\" data-id=\"799\">\n        <div class=\"eael-grid-post-holder\">\n            <div class=\"eael-grid-post-holder-inner\"><div class=\"eael-entry-media\"><div class=\"eael-entry-overlay fade-in\"><i class=\"fas fa-long-arrow-alt-right\" aria-hidden=\"true\"><\/i><a href=\"https:\/\/iptvkonge.com\/da\/champions-league-iptv\/\"><\/a><\/div><div class=\"eael-entry-thumbnail\">\n                <img fetchpriority=\"high\" decoding=\"async\" width=\"300\" height=\"174\" src=\"data:image\/gif;base64,R0lGODlhAQABAIAAAAAAAP\/\/\/yH5BAEAAAAALAAAAAABAAEAAAIBRAA7\" data-src=\"https:\/\/iptvkonge.com\/wp-content\/uploads\/2026\/04\/Champions_League_IPTV-300x174.webp\" class=\"attachment-medium size-medium wp-image-800 lazyload\" alt=\"Champions League IPTV\" \/><noscript><img decoding=\"async\" width=\"300\" height=\"174\" src=\"https:\/\/iptvkonge.com\/wp-content\/uploads\/2026\/04\/Champions_League_IPTV-300x174.webp\" class=\"attachment-medium size-medium wp-image-800 lazyload\" alt=\"Champions League IPTV\" srcset=\"https:\/\/iptvkonge.com\/wp-content\/uploads\/2026\/04\/Champions_League_IPTV-300x174.webp 300w, https:\/\/iptvkonge.com\/wp-content\/uploads\/2026\/04\/Champions_League_IPTV-1024x594.webp 1024w, https:\/\/iptvkonge.com\/wp-content\/uploads\/2026\/04\/Champions_League_IPTV-768x445.webp 768w, https:\/\/iptvkonge.com\/wp-content\/uploads\/2026\/04\/Champions_League_IPTV-18x10.webp 18w, https:\/\/iptvkonge.com\/wp-content\/uploads\/2026\/04\/Champions_League_IPTV-600x348.webp 600w, https:\/\/iptvkonge.com\/wp-content\/uploads\/2026\/04\/Champions_League_IPTV.webp 1325w\" sizes=\"(max-width: 300px) 100vw, 300px\" \/><\/noscript>\n            <\/div>\n        <\/div><div class=\"eael-entry-wrapper\"><header class=\"eael-entry-header\"><h2 class=\"eael-entry-title\"><a class=\"eael-grid-post-link\" href=\"https:\/\/iptvkonge.com\/da\/champions-league-iptv\/\" title=\"Champions League IPTV: S\u00e5dan ser du turneringen p\u00e5 den rigtige m\u00e5de i 2026\">Champions League IPTV: S\u00e5dan ser du turneringen p\u00e5 den rigtige m\u00e5de i 2026<\/a><\/h2><\/header><div class=\"eael-entry-content\">\n                        <div class=\"eael-grid-post-excerpt\"><p>UEFA Champions League er fortsat en af de st\u00f8rste klubturneringer...<\/p><a href=\"https:\/\/iptvkonge.com\/da\/champions-league-iptv\/\" class=\"eael-post-elements-readmore-btn\">Read More<\/a><\/div>\n                    <\/div><\/div><\/div>\n        <\/div>\n    <\/article><article class=\"eael-grid-post  eael-post-grid-column eael-pg-post-702 category-uncategorized\" data-id=\"702\">\n        <div class=\"eael-grid-post-holder\">\n            <div class=\"eael-grid-post-holder-inner\"><div class=\"eael-entry-media\"><div class=\"eael-entry-overlay fade-in\"><i class=\"fas fa-long-arrow-alt-right\" aria-hidden=\"true\"><\/i><a href=\"https:\/\/iptvkonge.com\/da\/bedste-iptv-abonnement-danmark\/\"><\/a><\/div><div class=\"eael-entry-thumbnail\">\n                <img decoding=\"async\" width=\"300\" height=\"161\" src=\"data:image\/gif;base64,R0lGODlhAQABAIAAAAAAAP\/\/\/yH5BAEAAAAALAAAAAABAAEAAAIBRAA7\" data-src=\"https:\/\/iptvkonge.com\/wp-content\/uploads\/2026\/04\/Gemini_Generated_Image_7x6gbz7x6gbz7x6g-1-e1775820045428-300x161.png\" class=\"attachment-medium size-medium wp-image-703 lazyload\" alt=\"bedste IPTV abonnement Danmark\" \/><noscript><img loading=\"lazy\" decoding=\"async\" width=\"300\" height=\"161\" src=\"https:\/\/iptvkonge.com\/wp-content\/uploads\/2026\/04\/Gemini_Generated_Image_7x6gbz7x6gbz7x6g-1-e1775820045428-300x161.png\" class=\"attachment-medium size-medium wp-image-703 lazyload\" alt=\"bedste IPTV abonnement Danmark\" srcset=\"https:\/\/iptvkonge.com\/wp-content\/uploads\/2026\/04\/Gemini_Generated_Image_7x6gbz7x6gbz7x6g-1-e1775820045428-300x161.png 300w, https:\/\/iptvkonge.com\/wp-content\/uploads\/2026\/04\/Gemini_Generated_Image_7x6gbz7x6gbz7x6g-1-e1775820045428-1024x549.png 1024w, https:\/\/iptvkonge.com\/wp-content\/uploads\/2026\/04\/Gemini_Generated_Image_7x6gbz7x6gbz7x6g-1-e1775820045428-768x412.png 768w, https:\/\/iptvkonge.com\/wp-content\/uploads\/2026\/04\/Gemini_Generated_Image_7x6gbz7x6gbz7x6g-1-e1775820045428-18x10.png 18w, https:\/\/iptvkonge.com\/wp-content\/uploads\/2026\/04\/Gemini_Generated_Image_7x6gbz7x6gbz7x6g-1-e1775820045428-600x321.png 600w, https:\/\/iptvkonge.com\/wp-content\/uploads\/2026\/04\/Gemini_Generated_Image_7x6gbz7x6gbz7x6g-1-e1775820045428.png 1284w\" sizes=\"(max-width: 300px) 100vw, 300px\" \/><\/noscript>\n            <\/div>\n        <\/div><div class=\"eael-entry-wrapper\"><header class=\"eael-entry-header\"><h2 class=\"eael-entry-title\"><a class=\"eael-grid-post-link\" href=\"https:\/\/iptvkonge.com\/da\/bedste-iptv-abonnement-danmark\/\" title=\"V\u00e6lg det Bedste IPTV Abonnement i Danmark for \u00d8jeblikkelig Full HD Streaming\">V\u00e6lg det Bedste IPTV Abonnement i Danmark for \u00d8jeblikkelig Full HD Streaming<\/a><\/h2><\/header><div class=\"eael-entry-content\">\n                        <div class=\"eael-grid-post-excerpt\"><p>TV-streaming i Danmark har udviklet sig hurtigt de seneste \u00e5r,...<\/p><a href=\"https:\/\/iptvkonge.com\/da\/bedste-iptv-abonnement-danmark\/\" class=\"eael-post-elements-readmore-btn\">Read More<\/a><\/div>\n                    <\/div><\/div><\/div>\n        <\/div>\n    <\/article><article class=\"eael-grid-post  eael-post-grid-column eael-pg-post-691 category-uncategorized\" data-id=\"691\">\n        <div class=\"eael-grid-post-holder\">\n            <div class=\"eael-grid-post-holder-inner\"><div class=\"eael-entry-media\"><div class=\"eael-entry-overlay fade-in\"><i class=\"fas fa-long-arrow-alt-right\" aria-hidden=\"true\"><\/i><a href=\"https:\/\/iptvkonge.com\/da\/bedste-iptv-abonnement-ekspert-tips\/\"><\/a><\/div><div class=\"eael-entry-thumbnail\">\n                <img loading=\"lazy\" decoding=\"async\" width=\"300\" height=\"154\" src=\"data:image\/gif;base64,R0lGODlhAQABAIAAAAAAAP\/\/\/yH5BAEAAAAALAAAAAABAAEAAAIBRAA7\" data-src=\"https:\/\/iptvkonge.com\/wp-content\/uploads\/2026\/04\/Gemini_Generated_Image_dwvv3udwvv3udwvv1-300x154.png\" class=\"attachment-medium size-medium wp-image-692 lazyload\" alt=\"bedste IPTV abonnement\" \/><noscript><img loading=\"lazy\" decoding=\"async\" width=\"300\" height=\"154\" src=\"https:\/\/iptvkonge.com\/wp-content\/uploads\/2026\/04\/Gemini_Generated_Image_dwvv3udwvv3udwvv1-300x154.png\" class=\"attachment-medium size-medium wp-image-692 lazyload\" alt=\"bedste IPTV abonnement\" srcset=\"https:\/\/iptvkonge.com\/wp-content\/uploads\/2026\/04\/Gemini_Generated_Image_dwvv3udwvv3udwvv1-300x154.png 300w, https:\/\/iptvkonge.com\/wp-content\/uploads\/2026\/04\/Gemini_Generated_Image_dwvv3udwvv3udwvv1-1024x524.png 1024w, https:\/\/iptvkonge.com\/wp-content\/uploads\/2026\/04\/Gemini_Generated_Image_dwvv3udwvv3udwvv1-768x393.png 768w, https:\/\/iptvkonge.com\/wp-content\/uploads\/2026\/04\/Gemini_Generated_Image_dwvv3udwvv3udwvv1-18x9.png 18w, https:\/\/iptvkonge.com\/wp-content\/uploads\/2026\/04\/Gemini_Generated_Image_dwvv3udwvv3udwvv1-600x307.png 600w, https:\/\/iptvkonge.com\/wp-content\/uploads\/2026\/04\/Gemini_Generated_Image_dwvv3udwvv3udwvv1.png 1350w\" sizes=\"(max-width: 300px) 100vw, 300px\" \/><\/noscript>\n            <\/div>\n        <\/div><div class=\"eael-entry-wrapper\"><header class=\"eael-entry-header\"><h2 class=\"eael-entry-title\"><a class=\"eael-grid-post-link\" href=\"https:\/\/iptvkonge.com\/da\/bedste-iptv-abonnement-ekspert-tips\/\" title=\"V\u00e6lg det Bedste IPTV Abonnement med Ekspert Tips\">V\u00e6lg det Bedste IPTV Abonnement med Ekspert Tips<\/a><\/h2><\/header><div class=\"eael-entry-content\">\n                        <div class=\"eael-grid-post-excerpt\"><p>Streaming af TV i Danmark har aldrig v\u00e6ret nemmere \u2013...<\/p><a href=\"https:\/\/iptvkonge.com\/da\/bedste-iptv-abonnement-ekspert-tips\/\" class=\"eael-post-elements-readmore-btn\">Read More<\/a><\/div>\n                    <\/div><\/div><\/div>\n        <\/div>\n    <\/article><\/div>\n            <div class=\"clearfix\"><\/div>\n        <\/div>\t\t\t\t<\/div>\n\t\t\t\t<\/div>\n\t\t\t\t\t<\/div>\n\t\t\t\t<\/div>\n\t\t\t\t<\/div>","protected":false},"excerpt":{"rendered":"<p>V\u00e6lg det Bedste IPTV Abonnement i Danmark for \u00d8jeblikkelig Full HD Streaming TV-streaming i Danmark har udviklet sig hurtigt de seneste \u00e5r,&#8230; Read More V\u00e6lg det Bedste IPTV Abonnement med Ekspert Tips Streaming af TV i Danmark har aldrig v\u00e6ret nemmere \u2013&#8230; Read More<\/p>","protected":false},"author":2,"featured_media":0,"parent":0,"menu_order":0,"comment_status":"open","ping_status":"closed","template":"elementor_header_footer","meta":{"footnotes":""},"class_list":["post-733","page","type-page","status-publish","hentry"],"yoast_head":"<!-- This site is optimized with the Yoast SEO plugin v27.3 - https:\/\/yoast.com\/product\/yoast-seo-wordpress\/ -->\n<title>Blogs - IPTV Tips og Guides | IPTVKonge<\/title>\n<meta name=\"description\" content=\"Udforsk IPTVKonge blogs for IPTV guides, tips og streaming indsigt i Danmark. L\u00e6r at v\u00e6lge det bedste IPTV abonnement og stream i h\u00f8j kvalitet.\" \/>\n<meta name=\"robots\" content=\"index, follow, max-snippet:-1, max-image-preview:large, max-video-preview:-1\" \/>\n<link rel=\"canonical\" href=\"https:\/\/iptvkonge.com\/da\/blogs\/\" \/>\n<meta property=\"og:locale\" content=\"da_DK\" \/>\n<meta property=\"og:type\" content=\"article\" \/>\n<meta property=\"og:title\" content=\"Blogs - IPTV Tips og Guides | IPTVKonge\" \/>\n<meta property=\"og:description\" content=\"Udforsk IPTVKonge blogs for IPTV guides, tips og streaming indsigt i Danmark. L\u00e6r at v\u00e6lge det bedste IPTV abonnement og stream i h\u00f8j kvalitet.\" \/>\n<meta property=\"og:url\" content=\"https:\/\/iptvkonge.com\/da\/blogs\/\" \/>\n<meta property=\"og:site_name\" content=\"IPTV Konge\" \/>\n<meta property=\"article:modified_time\" content=\"2026-04-13T07:00:24+00:00\" \/>\n<meta property=\"og:image\" content=\"https:\/\/iptvkonge.com\/wp-content\/uploads\/2026\/04\/Gemini_Generated_Image_7x6gbz7x6gbz7x6g-1-e1775820045428-300x161.png\" \/>\n<meta name=\"twitter:card\" content=\"summary_large_image\" \/>\n<meta name=\"twitter:label1\" content=\"Estimeret l\u00e6setid\" \/>\n\t<meta name=\"twitter:data1\" content=\"1 minut\" \/>\n<script type=\"application\/ld+json\" class=\"yoast-schema-graph\">{\"@context\":\"https:\\\/\\\/schema.org\",\"@graph\":[{\"@type\":\"WebPage\",\"@id\":\"https:\\\/\\\/iptvkonge.com\\\/blogs\\\/\",\"url\":\"https:\\\/\\\/iptvkonge.com\\\/blogs\\\/\",\"name\":\"Blogs - IPTV Tips og Guides | IPTVKonge\",\"isPartOf\":{\"@id\":\"https:\\\/\\\/iptvkonge.com\\\/#website\"},\"primaryImageOfPage\":{\"@id\":\"https:\\\/\\\/iptvkonge.com\\\/blogs\\\/#primaryimage\"},\"image\":{\"@id\":\"https:\\\/\\\/iptvkonge.com\\\/blogs\\\/#primaryimage\"},\"thumbnailUrl\":\"https:\\\/\\\/iptvkonge.com\\\/wp-content\\\/uploads\\\/2026\\\/04\\\/Gemini_Generated_Image_7x6gbz7x6gbz7x6g-1-e1775820045428-300x161.png\",\"datePublished\":\"2026-04-10T12:42:57+00:00\",\"dateModified\":\"2026-04-13T07:00:24+00:00\",\"description\":\"Udforsk IPTVKonge blogs for IPTV guides, tips og streaming indsigt i Danmark. L\u00e6r at v\u00e6lge det bedste IPTV abonnement og stream i h\u00f8j kvalitet.\",\"breadcrumb\":{\"@id\":\"https:\\\/\\\/iptvkonge.com\\\/blogs\\\/#breadcrumb\"},\"inLanguage\":\"da-DK\",\"potentialAction\":[{\"@type\":\"ReadAction\",\"target\":[\"https:\\\/\\\/iptvkonge.com\\\/blogs\\\/\"]}]},{\"@type\":\"ImageObject\",\"inLanguage\":\"da-DK\",\"@id\":\"https:\\\/\\\/iptvkonge.com\\\/blogs\\\/#primaryimage\",\"url\":\"https:\\\/\\\/iptvkonge.com\\\/wp-content\\\/uploads\\\/2026\\\/04\\\/Gemini_Generated_Image_7x6gbz7x6gbz7x6g-1-e1775820045428-300x161.png\",\"contentUrl\":\"https:\\\/\\\/iptvkonge.com\\\/wp-content\\\/uploads\\\/2026\\\/04\\\/Gemini_Generated_Image_7x6gbz7x6gbz7x6g-1-e1775820045428-300x161.png\"},{\"@type\":\"BreadcrumbList\",\"@id\":\"https:\\\/\\\/iptvkonge.com\\\/blogs\\\/#breadcrumb\",\"itemListElement\":[{\"@type\":\"ListItem\",\"position\":1,\"name\":\"Home\",\"item\":\"https:\\\/\\\/iptvkonge.com\\\/\"},{\"@type\":\"ListItem\",\"position\":2,\"name\":\"Blogs\"}]},{\"@type\":\"WebSite\",\"@id\":\"https:\\\/\\\/iptvkonge.com\\\/#website\",\"url\":\"https:\\\/\\\/iptvkonge.com\\\/\",\"name\":\"IPTV Konge\",\"description\":\"\",\"potentialAction\":[{\"@type\":\"SearchAction\",\"target\":{\"@type\":\"EntryPoint\",\"urlTemplate\":\"https:\\\/\\\/iptvkonge.com\\\/?s={search_term_string}\"},\"query-input\":{\"@type\":\"PropertyValueSpecification\",\"valueRequired\":true,\"valueName\":\"search_term_string\"}}],\"inLanguage\":\"da-DK\"}]}<\/script>\n<!-- \/ Yoast SEO plugin. -->","yoast_head_json":{"title":"Blogs - IPTV Tips og Guides | IPTVKonge","description":"Udforsk IPTVKonge blogs for IPTV guides, tips og streaming indsigt i Danmark. L\u00e6r at v\u00e6lge det bedste IPTV abonnement og stream i h\u00f8j kvalitet.","robots":{"index":"index","follow":"follow","max-snippet":"max-snippet:-1","max-image-preview":"max-image-preview:large","max-video-preview":"max-video-preview:-1"},"canonical":"https:\/\/iptvkonge.com\/da\/blogs\/","og_locale":"da_DK","og_type":"article","og_title":"Blogs - IPTV Tips og Guides | IPTVKonge","og_description":"Udforsk IPTVKonge blogs for IPTV guides, tips og streaming indsigt i Danmark. L\u00e6r at v\u00e6lge det bedste IPTV abonnement og stream i h\u00f8j kvalitet.","og_url":"https:\/\/iptvkonge.com\/da\/blogs\/","og_site_name":"IPTV Konge","article_modified_time":"2026-04-13T07:00:24+00:00","og_image":[{"url":"https:\/\/iptvkonge.com\/wp-content\/uploads\/2026\/04\/Gemini_Generated_Image_7x6gbz7x6gbz7x6g-1-e1775820045428-300x161.png","type":"","width":"","height":""}],"twitter_card":"summary_large_image","twitter_misc":{"Estimeret l\u00e6setid":"1 minut"},"schema":{"@context":"https:\/\/schema.org","@graph":[{"@type":"WebPage","@id":"https:\/\/iptvkonge.com\/blogs\/","url":"https:\/\/iptvkonge.com\/blogs\/","name":"Blogs - IPTV Tips og Guides | IPTVKonge","isPartOf":{"@id":"https:\/\/iptvkonge.com\/#website"},"primaryImageOfPage":{"@id":"https:\/\/iptvkonge.com\/blogs\/#primaryimage"},"image":{"@id":"https:\/\/iptvkonge.com\/blogs\/#primaryimage"},"thumbnailUrl":"https:\/\/iptvkonge.com\/wp-content\/uploads\/2026\/04\/Gemini_Generated_Image_7x6gbz7x6gbz7x6g-1-e1775820045428-300x161.png","datePublished":"2026-04-10T12:42:57+00:00","dateModified":"2026-04-13T07:00:24+00:00","description":"Udforsk IPTVKonge blogs for IPTV guides, tips og streaming indsigt i Danmark. L\u00e6r at v\u00e6lge det bedste IPTV abonnement og stream i h\u00f8j kvalitet.","breadcrumb":{"@id":"https:\/\/iptvkonge.com\/blogs\/#breadcrumb"},"inLanguage":"da-DK","potentialAction":[{"@type":"ReadAction","target":["https:\/\/iptvkonge.com\/blogs\/"]}]},{"@type":"ImageObject","inLanguage":"da-DK","@id":"https:\/\/iptvkonge.com\/blogs\/#primaryimage","url":"https:\/\/iptvkonge.com\/wp-content\/uploads\/2026\/04\/Gemini_Generated_Image_7x6gbz7x6gbz7x6g-1-e1775820045428-300x161.png","contentUrl":"https:\/\/iptvkonge.com\/wp-content\/uploads\/2026\/04\/Gemini_Generated_Image_7x6gbz7x6gbz7x6g-1-e1775820045428-300x161.png"},{"@type":"BreadcrumbList","@id":"https:\/\/iptvkonge.com\/blogs\/#breadcrumb","itemListElement":[{"@type":"ListItem","position":1,"name":"Home","item":"https:\/\/iptvkonge.com\/"},{"@type":"ListItem","position":2,"name":"Blogs"}]},{"@type":"WebSite","@id":"https:\/\/iptvkonge.com\/#website","url":"https:\/\/iptvkonge.com\/","name":"IPTV Konge","description":"","potentialAction":[{"@type":"SearchAction","target":{"@type":"EntryPoint","urlTemplate":"https:\/\/iptvkonge.com\/?s={search_term_string}"},"query-input":{"@type":"PropertyValueSpecification","valueRequired":true,"valueName":"search_term_string"}}],"inLanguage":"da-DK"}]}},"_links":{"self":[{"href":"https:\/\/iptvkonge.com\/da\/wp-json\/wp\/v2\/pages\/733","targetHints":{"allow":["GET"]}}],"collection":[{"href":"https:\/\/iptvkonge.com\/da\/wp-json\/wp\/v2\/pages"}],"about":[{"href":"https:\/\/iptvkonge.com\/da\/wp-json\/wp\/v2\/types\/page"}],"author":[{"embeddable":true,"href":"https:\/\/iptvkonge.com\/da\/wp-json\/wp\/v2\/users\/2"}],"replies":[{"embeddable":true,"href":"https:\/\/iptvkonge.com\/da\/wp-json\/wp\/v2\/comments?post=733"}],"version-history":[{"count":15,"href":"https:\/\/iptvkonge.com\/da\/wp-json\/wp\/v2\/pages\/733\/revisions"}],"predecessor-version":[{"id":756,"href":"https:\/\/iptvkonge.com\/da\/wp-json\/wp\/v2\/pages\/733\/revisions\/756"}],"wp:attachment":[{"href":"https:\/\/iptvkonge.com\/da\/wp-json\/wp\/v2\/media?parent=733"}],"curies":[{"name":"wp","href":"https:\/\/api.w.org\/{rel}","templated":true}]}}