{"id":130,"date":"2025-03-23T21:23:46","date_gmt":"2025-03-23T21:23:46","guid":{"rendered":"https:\/\/iptvkonge.com\/?post_type=product&#038;p=130"},"modified":"2025-03-23T21:23:48","modified_gmt":"2025-03-23T21:23:48","slug":"tvip-705-med-4k-og-wifi-12-maneders-abonnement-inkluderet","status":"publish","type":"product","link":"https:\/\/iptvkonge.com\/da\/vare\/tvip-705-med-4k-og-wifi-12-maneders-abonnement-inkluderet\/","title":{"rendered":"TVIP 705 med 4K og wifi, 12 m\u00e5neders abonnement inkluderet"},"content":{"rendered":"<p><span class=\"tlid-translation translation\" lang=\"da\"><strong><span class=\"\" title=\"\">12 m\u00e5neder er inkluderet i dette abonnement!<\/span><\/strong><\/span><\/p>\n<p><span class=\"\" title=\"\">Bestil en af \u200b\u200bvores forprogrammerede TVIP-bokse.<\/span> <span class=\"\" title=\"\">Boksen fungerer b\u00e5de p\u00e5 wifi og via kabel, den h\u00e5ndterer udsendelser i HD og ultra HD samt automatiske undertekster, der ikke skuffer.<\/span> <span class=\"\" title=\"\">Hvis du har g\u00e5et glip af et program, kan du nemt g\u00e5 tilbage med Catchup-funktionen.<\/span><\/p>","protected":false},"excerpt":{"rendered":"<div class=\"desc\">\n<p><span class=\"tlid-translation translation\" lang=\"da\"><span class=\"\" title=\"\">Bestil en af \u200b\u200bvores forprogrammerede TVIP-bokse.<\/span> <span class=\"\" title=\"\">Boksen fungerer b\u00e5de p\u00e5 wifi og via kabel, den h\u00e5ndterer udsendelser i HD og ultra HD samt automatiske undertekster, der ikke skuffer.<\/span> <span class=\"\" title=\"\">Hvis du har g\u00e5et glip af et program, kan du nemt g\u00e5 tilbage med Catchup-funktionen.<\/span><\/span><\/p>\n<\/div>","protected":false},"featured_media":137,"comment_status":"open","ping_status":"closed","template":"","meta":[],"product_brand":[],"product_cat":[20],"product_tag":[],"class_list":{"0":"post-130","1":"product","2":"type-product","3":"status-publish","4":"has-post-thumbnail","6":"product_cat-ip-tv","8":"first","9":"instock","10":"shipping-taxable","11":"purchasable","12":"product-type-simple"},"yoast_head":"<!-- This site is optimized with the Yoast SEO plugin v27.5 - https:\/\/yoast.com\/product\/yoast-seo-wordpress\/ -->\n<title>TVIP 705 med 4K og wifi, 12 m\u00e5neders abonnement inkluderet - IPTV Konge<\/title>\n<meta name=\"robots\" content=\"index, follow, max-snippet:-1, max-image-preview:large, max-video-preview:-1\" \/>\n<link rel=\"canonical\" href=\"https:\/\/iptvkonge.com\/da\/vare\/tvip-705-med-4k-og-wifi-12-maneders-abonnement-inkluderet\/\" \/>\n<meta property=\"og:locale\" content=\"da_DK\" \/>\n<meta property=\"og:type\" content=\"article\" \/>\n<meta property=\"og:title\" content=\"TVIP 705 med 4K og wifi, 12 m\u00e5neders abonnement inkluderet - IPTV Konge\" \/>\n<meta property=\"og:description\" content=\"Bestil en af \u200b\u200bvores forprogrammerede TVIP-bokse. Boksen fungerer b\u00e5de p\u00e5 wifi og via kabel, den h\u00e5ndterer udsendelser i HD og ultra HD samt automatiske undertekster, der ikke skuffer. Hvis du har g\u00e5et glip af et program, kan du nemt g\u00e5 tilbage med Catchup-funktionen.\" \/>\n<meta property=\"og:url\" content=\"https:\/\/iptvkonge.com\/da\/vare\/tvip-705-med-4k-og-wifi-12-maneders-abonnement-inkluderet\/\" \/>\n<meta property=\"og:site_name\" content=\"IPTV Konge\" \/>\n<meta property=\"article:modified_time\" content=\"2025-03-23T21:23:48+00:00\" \/>\n<meta property=\"og:image\" content=\"https:\/\/iptvkonge.com\/wp-content\/uploads\/2025\/03\/iptv605-1.png\" \/>\n\t<meta property=\"og:image:width\" content=\"600\" \/>\n\t<meta property=\"og:image:height\" content=\"309\" \/>\n\t<meta property=\"og:image:type\" content=\"image\/png\" \/>\n<meta name=\"twitter:card\" content=\"summary_large_image\" \/>\n<script type=\"application\/ld+json\" class=\"yoast-schema-graph\">{\"@context\":\"https:\\\/\\\/schema.org\",\"@graph\":[{\"@type\":\"WebPage\",\"@id\":\"https:\\\/\\\/iptvkonge.com\\\/product\\\/tvip-705-med-4k-og-wifi-12-maneders-abonnement-inkluderet\\\/\",\"url\":\"https:\\\/\\\/iptvkonge.com\\\/product\\\/tvip-705-med-4k-og-wifi-12-maneders-abonnement-inkluderet\\\/\",\"name\":\"TVIP 705 med 4K og wifi, 12 m\u00e5neders abonnement inkluderet - IPTV Konge\",\"isPartOf\":{\"@id\":\"https:\\\/\\\/iptvkonge.com\\\/#website\"},\"primaryImageOfPage\":{\"@id\":\"https:\\\/\\\/iptvkonge.com\\\/product\\\/tvip-705-med-4k-og-wifi-12-maneders-abonnement-inkluderet\\\/#primaryimage\"},\"image\":{\"@id\":\"https:\\\/\\\/iptvkonge.com\\\/product\\\/tvip-705-med-4k-og-wifi-12-maneders-abonnement-inkluderet\\\/#primaryimage\"},\"thumbnailUrl\":\"https:\\\/\\\/iptvkonge.com\\\/wp-content\\\/uploads\\\/2025\\\/03\\\/iptv605-1.png\",\"datePublished\":\"2025-03-23T21:23:46+00:00\",\"dateModified\":\"2025-03-23T21:23:48+00:00\",\"breadcrumb\":{\"@id\":\"https:\\\/\\\/iptvkonge.com\\\/product\\\/tvip-705-med-4k-og-wifi-12-maneders-abonnement-inkluderet\\\/#breadcrumb\"},\"inLanguage\":\"da-DK\",\"potentialAction\":[{\"@type\":\"ReadAction\",\"target\":[\"https:\\\/\\\/iptvkonge.com\\\/product\\\/tvip-705-med-4k-og-wifi-12-maneders-abonnement-inkluderet\\\/\"]}]},{\"@type\":\"ImageObject\",\"inLanguage\":\"da-DK\",\"@id\":\"https:\\\/\\\/iptvkonge.com\\\/product\\\/tvip-705-med-4k-og-wifi-12-maneders-abonnement-inkluderet\\\/#primaryimage\",\"url\":\"https:\\\/\\\/iptvkonge.com\\\/wp-content\\\/uploads\\\/2025\\\/03\\\/iptv605-1.png\",\"contentUrl\":\"https:\\\/\\\/iptvkonge.com\\\/wp-content\\\/uploads\\\/2025\\\/03\\\/iptv605-1.png\",\"width\":600,\"height\":309},{\"@type\":\"BreadcrumbList\",\"@id\":\"https:\\\/\\\/iptvkonge.com\\\/product\\\/tvip-705-med-4k-og-wifi-12-maneders-abonnement-inkluderet\\\/#breadcrumb\",\"itemListElement\":[{\"@type\":\"ListItem\",\"position\":1,\"name\":\"Home\",\"item\":\"https:\\\/\\\/iptvkonge.com\\\/\"},{\"@type\":\"ListItem\",\"position\":2,\"name\":\"Shop\",\"item\":\"https:\\\/\\\/iptvkonge.com\\\/shop\\\/\"},{\"@type\":\"ListItem\",\"position\":3,\"name\":\"TVIP 705 med 4K og wifi, 12 m\u00e5neders abonnement inkluderet\"}]},{\"@type\":\"WebSite\",\"@id\":\"https:\\\/\\\/iptvkonge.com\\\/#website\",\"url\":\"https:\\\/\\\/iptvkonge.com\\\/\",\"name\":\"IPTV Konge\",\"description\":\"\",\"potentialAction\":[{\"@type\":\"SearchAction\",\"target\":{\"@type\":\"EntryPoint\",\"urlTemplate\":\"https:\\\/\\\/iptvkonge.com\\\/?s={search_term_string}\"},\"query-input\":{\"@type\":\"PropertyValueSpecification\",\"valueRequired\":true,\"valueName\":\"search_term_string\"}}],\"inLanguage\":\"da-DK\"}]}<\/script>\n<!-- \/ Yoast SEO plugin. -->","yoast_head_json":{"title":"TVIP 705 med 4K og wifi, 12 m\u00e5neders abonnement inkluderet - IPTV Konge","robots":{"index":"index","follow":"follow","max-snippet":"max-snippet:-1","max-image-preview":"max-image-preview:large","max-video-preview":"max-video-preview:-1"},"canonical":"https:\/\/iptvkonge.com\/da\/vare\/tvip-705-med-4k-og-wifi-12-maneders-abonnement-inkluderet\/","og_locale":"da_DK","og_type":"article","og_title":"TVIP 705 med 4K og wifi, 12 m\u00e5neders abonnement inkluderet - IPTV Konge","og_description":"Bestil en af \u200b\u200bvores forprogrammerede TVIP-bokse. Boksen fungerer b\u00e5de p\u00e5 wifi og via kabel, den h\u00e5ndterer udsendelser i HD og ultra HD samt automatiske undertekster, der ikke skuffer. Hvis du har g\u00e5et glip af et program, kan du nemt g\u00e5 tilbage med Catchup-funktionen.","og_url":"https:\/\/iptvkonge.com\/da\/vare\/tvip-705-med-4k-og-wifi-12-maneders-abonnement-inkluderet\/","og_site_name":"IPTV Konge","article_modified_time":"2025-03-23T21:23:48+00:00","og_image":[{"width":600,"height":309,"url":"https:\/\/iptvkonge.com\/wp-content\/uploads\/2025\/03\/iptv605-1.png","type":"image\/png"}],"twitter_card":"summary_large_image","schema":{"@context":"https:\/\/schema.org","@graph":[{"@type":"WebPage","@id":"https:\/\/iptvkonge.com\/product\/tvip-705-med-4k-og-wifi-12-maneders-abonnement-inkluderet\/","url":"https:\/\/iptvkonge.com\/product\/tvip-705-med-4k-og-wifi-12-maneders-abonnement-inkluderet\/","name":"TVIP 705 med 4K og wifi, 12 m\u00e5neders abonnement inkluderet - IPTV Konge","isPartOf":{"@id":"https:\/\/iptvkonge.com\/#website"},"primaryImageOfPage":{"@id":"https:\/\/iptvkonge.com\/product\/tvip-705-med-4k-og-wifi-12-maneders-abonnement-inkluderet\/#primaryimage"},"image":{"@id":"https:\/\/iptvkonge.com\/product\/tvip-705-med-4k-og-wifi-12-maneders-abonnement-inkluderet\/#primaryimage"},"thumbnailUrl":"https:\/\/iptvkonge.com\/wp-content\/uploads\/2025\/03\/iptv605-1.png","datePublished":"2025-03-23T21:23:46+00:00","dateModified":"2025-03-23T21:23:48+00:00","breadcrumb":{"@id":"https:\/\/iptvkonge.com\/product\/tvip-705-med-4k-og-wifi-12-maneders-abonnement-inkluderet\/#breadcrumb"},"inLanguage":"da-DK","potentialAction":[{"@type":"ReadAction","target":["https:\/\/iptvkonge.com\/product\/tvip-705-med-4k-og-wifi-12-maneders-abonnement-inkluderet\/"]}]},{"@type":"ImageObject","inLanguage":"da-DK","@id":"https:\/\/iptvkonge.com\/product\/tvip-705-med-4k-og-wifi-12-maneders-abonnement-inkluderet\/#primaryimage","url":"https:\/\/iptvkonge.com\/wp-content\/uploads\/2025\/03\/iptv605-1.png","contentUrl":"https:\/\/iptvkonge.com\/wp-content\/uploads\/2025\/03\/iptv605-1.png","width":600,"height":309},{"@type":"BreadcrumbList","@id":"https:\/\/iptvkonge.com\/product\/tvip-705-med-4k-og-wifi-12-maneders-abonnement-inkluderet\/#breadcrumb","itemListElement":[{"@type":"ListItem","position":1,"name":"Home","item":"https:\/\/iptvkonge.com\/"},{"@type":"ListItem","position":2,"name":"Shop","item":"https:\/\/iptvkonge.com\/shop\/"},{"@type":"ListItem","position":3,"name":"TVIP 705 med 4K og wifi, 12 m\u00e5neders abonnement inkluderet"}]},{"@type":"WebSite","@id":"https:\/\/iptvkonge.com\/#website","url":"https:\/\/iptvkonge.com\/","name":"IPTV Konge","description":"","potentialAction":[{"@type":"SearchAction","target":{"@type":"EntryPoint","urlTemplate":"https:\/\/iptvkonge.com\/?s={search_term_string}"},"query-input":{"@type":"PropertyValueSpecification","valueRequired":true,"valueName":"search_term_string"}}],"inLanguage":"da-DK"}]}},"_links":{"self":[{"href":"https:\/\/iptvkonge.com\/da\/wp-json\/wp\/v2\/product\/130","targetHints":{"allow":["GET"]}}],"collection":[{"href":"https:\/\/iptvkonge.com\/da\/wp-json\/wp\/v2\/product"}],"about":[{"href":"https:\/\/iptvkonge.com\/da\/wp-json\/wp\/v2\/types\/product"}],"replies":[{"embeddable":true,"href":"https:\/\/iptvkonge.com\/da\/wp-json\/wp\/v2\/comments?post=130"}],"wp:featuredmedia":[{"embeddable":true,"href":"https:\/\/iptvkonge.com\/da\/wp-json\/wp\/v2\/media\/137"}],"wp:attachment":[{"href":"https:\/\/iptvkonge.com\/da\/wp-json\/wp\/v2\/media?parent=130"}],"wp:term":[{"taxonomy":"product_brand","embeddable":true,"href":"https:\/\/iptvkonge.com\/da\/wp-json\/wp\/v2\/product_brand?post=130"},{"taxonomy":"product_cat","embeddable":true,"href":"https:\/\/iptvkonge.com\/da\/wp-json\/wp\/v2\/product_cat?post=130"},{"taxonomy":"product_tag","embeddable":true,"href":"https:\/\/iptvkonge.com\/da\/wp-json\/wp\/v2\/product_tag?post=130"}],"curies":[{"name":"wp","href":"https:\/\/api.w.org\/{rel}","templated":true}]}}