{"id":133,"date":"2025-03-23T21:23:46","date_gmt":"2025-03-23T21:23:46","guid":{"rendered":"https:\/\/iptvkonge.com\/?post_type=product&#038;p=133"},"modified":"2025-03-23T21:23:49","modified_gmt":"2025-03-23T21:23:49","slug":"3-maneder","status":"publish","type":"product","link":"https:\/\/iptvkonge.com\/da\/vare\/3-maneder\/","title":{"rendered":"3 m\u00e5neder"},"content":{"rendered":"<div class=\"desc\">\n<div class=\"desc\">\n<div class=\"desc\">\n<div class=\"desc\">\n<div class=\"desc\">\n<p>Danmarks st\u00f8rste og mest popul\u00e6re kanalpakke, alle kanaler i en pakke. Nyd film, serier, fakta, sport, nyheder og masser af tv til familien.<\/p>\n<\/div>\n<\/div>\n<\/div>\n<\/div>\n<\/div>","protected":false},"excerpt":{"rendered":"<div class=\"desc\">\n<div class=\"desc\">\n<div class=\"desc\">\n<div class=\"desc\">\n<div class=\"desc\">\n<div class=\"desc\">\n<div class=\"desc\">\n<div class=\"desc\">\n<div class=\"desc\">\n<p>Danmarks st\u00f8rste og mest popul\u00e6re kanalpakke, alle kanaler i en pakke. Nyd film, serier, fakta, sport, nyheder og masser af tv til familien.<\/p>\n<\/div>\n<\/div>\n<\/div>\n<\/div>\n<\/div>\n<\/div>\n<\/div>\n<\/div>\n<\/div>","protected":false},"featured_media":138,"comment_status":"open","ping_status":"closed","template":"","meta":[],"product_brand":[],"product_cat":[20],"product_tag":[],"class_list":{"0":"post-133","1":"product","2":"type-product","3":"status-publish","4":"has-post-thumbnail","6":"product_cat-ip-tv","8":"first","9":"instock","10":"shipping-taxable","11":"purchasable","12":"product-type-simple"},"yoast_head":"<!-- This site is optimized with the Yoast SEO plugin v27.5 - https:\/\/yoast.com\/product\/yoast-seo-wordpress\/ -->\n<title>3 m\u00e5neder - IPTV Konge<\/title>\n<meta name=\"robots\" content=\"index, follow, max-snippet:-1, max-image-preview:large, max-video-preview:-1\" \/>\n<link rel=\"canonical\" href=\"https:\/\/iptvkonge.com\/da\/vare\/3-maneder\/\" \/>\n<meta property=\"og:locale\" content=\"da_DK\" \/>\n<meta property=\"og:type\" content=\"article\" \/>\n<meta property=\"og:title\" content=\"3 m\u00e5neder - IPTV Konge\" \/>\n<meta property=\"og:description\" content=\"Danmarks st\u00f8rste og mest popul\u00e6re kanalpakke, alle kanaler i en pakke. Nyd film, serier, fakta, sport, nyheder og masser af tv til familien.\" \/>\n<meta property=\"og:url\" content=\"https:\/\/iptvkonge.com\/da\/vare\/3-maneder\/\" \/>\n<meta property=\"og:site_name\" content=\"IPTV Konge\" \/>\n<meta property=\"article:modified_time\" content=\"2025-03-23T21:23:49+00:00\" \/>\n<meta property=\"og:image\" content=\"https:\/\/iptvkonge.com\/wp-content\/uploads\/2025\/03\/product-final-iptv-konge.jpg\" \/>\n\t<meta property=\"og:image:width\" content=\"1000\" \/>\n\t<meta property=\"og:image:height\" content=\"910\" \/>\n\t<meta property=\"og:image:type\" content=\"image\/jpeg\" \/>\n<meta name=\"twitter:card\" content=\"summary_large_image\" \/>\n<script type=\"application\/ld+json\" class=\"yoast-schema-graph\">{\"@context\":\"https:\\\/\\\/schema.org\",\"@graph\":[{\"@type\":\"WebPage\",\"@id\":\"https:\\\/\\\/iptvkonge.com\\\/product\\\/3-maneder\\\/\",\"url\":\"https:\\\/\\\/iptvkonge.com\\\/product\\\/3-maneder\\\/\",\"name\":\"3 m\u00e5neder - IPTV Konge\",\"isPartOf\":{\"@id\":\"https:\\\/\\\/iptvkonge.com\\\/#website\"},\"primaryImageOfPage\":{\"@id\":\"https:\\\/\\\/iptvkonge.com\\\/product\\\/3-maneder\\\/#primaryimage\"},\"image\":{\"@id\":\"https:\\\/\\\/iptvkonge.com\\\/product\\\/3-maneder\\\/#primaryimage\"},\"thumbnailUrl\":\"https:\\\/\\\/iptvkonge.com\\\/wp-content\\\/uploads\\\/2025\\\/03\\\/product-final-iptv-konge.jpg\",\"datePublished\":\"2025-03-23T21:23:46+00:00\",\"dateModified\":\"2025-03-23T21:23:49+00:00\",\"breadcrumb\":{\"@id\":\"https:\\\/\\\/iptvkonge.com\\\/product\\\/3-maneder\\\/#breadcrumb\"},\"inLanguage\":\"da-DK\",\"potentialAction\":[{\"@type\":\"ReadAction\",\"target\":[\"https:\\\/\\\/iptvkonge.com\\\/product\\\/3-maneder\\\/\"]}]},{\"@type\":\"ImageObject\",\"inLanguage\":\"da-DK\",\"@id\":\"https:\\\/\\\/iptvkonge.com\\\/product\\\/3-maneder\\\/#primaryimage\",\"url\":\"https:\\\/\\\/iptvkonge.com\\\/wp-content\\\/uploads\\\/2025\\\/03\\\/product-final-iptv-konge.jpg\",\"contentUrl\":\"https:\\\/\\\/iptvkonge.com\\\/wp-content\\\/uploads\\\/2025\\\/03\\\/product-final-iptv-konge.jpg\",\"width\":1000,\"height\":910},{\"@type\":\"BreadcrumbList\",\"@id\":\"https:\\\/\\\/iptvkonge.com\\\/product\\\/3-maneder\\\/#breadcrumb\",\"itemListElement\":[{\"@type\":\"ListItem\",\"position\":1,\"name\":\"Home\",\"item\":\"https:\\\/\\\/iptvkonge.com\\\/\"},{\"@type\":\"ListItem\",\"position\":2,\"name\":\"Shop\",\"item\":\"https:\\\/\\\/iptvkonge.com\\\/shop\\\/\"},{\"@type\":\"ListItem\",\"position\":3,\"name\":\"3 m\u00e5neder\"}]},{\"@type\":\"WebSite\",\"@id\":\"https:\\\/\\\/iptvkonge.com\\\/#website\",\"url\":\"https:\\\/\\\/iptvkonge.com\\\/\",\"name\":\"IPTV Konge\",\"description\":\"\",\"potentialAction\":[{\"@type\":\"SearchAction\",\"target\":{\"@type\":\"EntryPoint\",\"urlTemplate\":\"https:\\\/\\\/iptvkonge.com\\\/?s={search_term_string}\"},\"query-input\":{\"@type\":\"PropertyValueSpecification\",\"valueRequired\":true,\"valueName\":\"search_term_string\"}}],\"inLanguage\":\"da-DK\"}]}<\/script>\n<!-- \/ Yoast SEO plugin. -->","yoast_head_json":{"title":"3 m\u00e5neder - IPTV Konge","robots":{"index":"index","follow":"follow","max-snippet":"max-snippet:-1","max-image-preview":"max-image-preview:large","max-video-preview":"max-video-preview:-1"},"canonical":"https:\/\/iptvkonge.com\/da\/vare\/3-maneder\/","og_locale":"da_DK","og_type":"article","og_title":"3 m\u00e5neder - IPTV Konge","og_description":"Danmarks st\u00f8rste og mest popul\u00e6re kanalpakke, alle kanaler i en pakke. Nyd film, serier, fakta, sport, nyheder og masser af tv til familien.","og_url":"https:\/\/iptvkonge.com\/da\/vare\/3-maneder\/","og_site_name":"IPTV Konge","article_modified_time":"2025-03-23T21:23:49+00:00","og_image":[{"width":1000,"height":910,"url":"https:\/\/iptvkonge.com\/wp-content\/uploads\/2025\/03\/product-final-iptv-konge.jpg","type":"image\/jpeg"}],"twitter_card":"summary_large_image","schema":{"@context":"https:\/\/schema.org","@graph":[{"@type":"WebPage","@id":"https:\/\/iptvkonge.com\/product\/3-maneder\/","url":"https:\/\/iptvkonge.com\/product\/3-maneder\/","name":"3 m\u00e5neder - IPTV Konge","isPartOf":{"@id":"https:\/\/iptvkonge.com\/#website"},"primaryImageOfPage":{"@id":"https:\/\/iptvkonge.com\/product\/3-maneder\/#primaryimage"},"image":{"@id":"https:\/\/iptvkonge.com\/product\/3-maneder\/#primaryimage"},"thumbnailUrl":"https:\/\/iptvkonge.com\/wp-content\/uploads\/2025\/03\/product-final-iptv-konge.jpg","datePublished":"2025-03-23T21:23:46+00:00","dateModified":"2025-03-23T21:23:49+00:00","breadcrumb":{"@id":"https:\/\/iptvkonge.com\/product\/3-maneder\/#breadcrumb"},"inLanguage":"da-DK","potentialAction":[{"@type":"ReadAction","target":["https:\/\/iptvkonge.com\/product\/3-maneder\/"]}]},{"@type":"ImageObject","inLanguage":"da-DK","@id":"https:\/\/iptvkonge.com\/product\/3-maneder\/#primaryimage","url":"https:\/\/iptvkonge.com\/wp-content\/uploads\/2025\/03\/product-final-iptv-konge.jpg","contentUrl":"https:\/\/iptvkonge.com\/wp-content\/uploads\/2025\/03\/product-final-iptv-konge.jpg","width":1000,"height":910},{"@type":"BreadcrumbList","@id":"https:\/\/iptvkonge.com\/product\/3-maneder\/#breadcrumb","itemListElement":[{"@type":"ListItem","position":1,"name":"Home","item":"https:\/\/iptvkonge.com\/"},{"@type":"ListItem","position":2,"name":"Shop","item":"https:\/\/iptvkonge.com\/shop\/"},{"@type":"ListItem","position":3,"name":"3 m\u00e5neder"}]},{"@type":"WebSite","@id":"https:\/\/iptvkonge.com\/#website","url":"https:\/\/iptvkonge.com\/","name":"IPTV Konge","description":"","potentialAction":[{"@type":"SearchAction","target":{"@type":"EntryPoint","urlTemplate":"https:\/\/iptvkonge.com\/?s={search_term_string}"},"query-input":{"@type":"PropertyValueSpecification","valueRequired":true,"valueName":"search_term_string"}}],"inLanguage":"da-DK"}]}},"_links":{"self":[{"href":"https:\/\/iptvkonge.com\/da\/wp-json\/wp\/v2\/product\/133","targetHints":{"allow":["GET"]}}],"collection":[{"href":"https:\/\/iptvkonge.com\/da\/wp-json\/wp\/v2\/product"}],"about":[{"href":"https:\/\/iptvkonge.com\/da\/wp-json\/wp\/v2\/types\/product"}],"replies":[{"embeddable":true,"href":"https:\/\/iptvkonge.com\/da\/wp-json\/wp\/v2\/comments?post=133"}],"wp:featuredmedia":[{"embeddable":true,"href":"https:\/\/iptvkonge.com\/da\/wp-json\/wp\/v2\/media\/138"}],"wp:attachment":[{"href":"https:\/\/iptvkonge.com\/da\/wp-json\/wp\/v2\/media?parent=133"}],"wp:term":[{"taxonomy":"product_brand","embeddable":true,"href":"https:\/\/iptvkonge.com\/da\/wp-json\/wp\/v2\/product_brand?post=133"},{"taxonomy":"product_cat","embeddable":true,"href":"https:\/\/iptvkonge.com\/da\/wp-json\/wp\/v2\/product_cat?post=133"},{"taxonomy":"product_tag","embeddable":true,"href":"https:\/\/iptvkonge.com\/da\/wp-json\/wp\/v2\/product_tag?post=133"}],"curies":[{"name":"wp","href":"https:\/\/api.w.org\/{rel}","templated":true}]}}