{"id":135,"date":"2025-03-23T21:23:47","date_gmt":"2025-03-23T21:23:47","guid":{"rendered":"https:\/\/iptvkonge.com\/?post_type=product&#038;p=135"},"modified":"2025-03-23T21:23:50","modified_gmt":"2025-03-23T21:23:50","slug":"formula-z11-pro-4k-android-iptv-med-12-maneders-abonnement","status":"publish","type":"product","link":"https:\/\/iptvkonge.com\/da\/vare\/formula-z11-pro-4k-android-iptv-med-12-maneders-abonnement\/","title":{"rendered":"Formula Z11 Pro 4K Android IPTV med 12 m\u00e5neders abonnement"},"content":{"rendered":"<p id=\"tw-target-text\" class=\"tw-data-text tw-text-large tw-ta\" dir=\"ltr\" data-placeholder=\"\u00d6vers\u00e4ttning\"><span class=\"Y2IQFc\" lang=\"da\">12 m\u00e5neder er inkluderet i dette abonnement! FORMEL Z11 Pro Den helt nye Formula Z10 Pro er den nye standard for IPTV og OTT Android-enheder med avancerede funktioner s\u00e5som AV1-afkodning, Android 10 OS og Formulas eksklusive MYTVOnline3 medievisningsplatform. Enkel og elegant startsk\u00e6rm Startsk\u00e6rmen p\u00e5 Formula Z11 Pro er ikke rodet med nogen annoncer, hvilket g\u00f8r det nemt at finde og starte dine yndlingsapps og -indhold. Juster placeringen af \u200b\u200bdine yndlingsapps, og tilf\u00f8j indhold fra MYTVOnline2 direkte til startsk\u00e6rmen. MYTVOnline3 Formulers eksklusive MYTVOnline3 er den bedste medievisningsplatform p\u00e5 markedet, der giver brugerne en raffineret og professionel brugergr\u00e6nseflade. Omfattende optimering og problemfri integration med Android-systemer og indbyggede afspillere giver brugerne mulighed for at afspille stort set alle medieformater og zoome ubesv\u00e6ret gennem menuerne i tophastighed. Kraftig multi-sk\u00e6rm Billede-i-billede (PiP) Se to livebegivenheder samtidigt og j\u00e6vnt p\u00e5 tv-sk\u00e6rmen. Skift nemt hoved- og PiP-kanaler p\u00e5 farten for at f\u00f8lge med i begivenheder p\u00e5 to forskellige kanaler. Real-Life HDR-farve F\u00e5 rige, realistiske farvedetaljer &#8211; selv i de m\u00f8rkeste skygger og lyseste h\u00f8jlys &#8211; n\u00e5r du streamer HDR-indhold p\u00e5 et kompatibelt HDR-tv. HDR viser et bredere udvalg af farver, lysere hvide og dybere sorte for at skabe mere naturlige, smukke og naturtro billeder. Hvad er der i kassen? Mediemodtager Fjernbetjening TV kabel Fjernbetjeningsudvidelse Str\u00f8madapter Batterier Hurtig guide TEKNISKE SPECIFIKATIONER specifikationer Udgangsopl\u00f8sning: 4K (3840 x 2160) CPU: RealTek RTD1319 GPU: ARM G31 MP2 RAM: 2GB DDR4 @ 2400MHz Lagerplads: 16GB eMMC Operativsystem: Android 10 Netv\u00e6rk Tr\u00e5dl\u00f8s: Dual-Band 2 \u00d7 2 AC tr\u00e5dl\u00f8s BT: 5,0 Ethernet: 100M Dekoder Videodekoder: 4K @ 60fps, AV1, H.265 (HEVC), AVS, H.264 (AVC, MVC), Real, MPEG1 \/ 2\/4, VC-1 Lyddekoder: MPEG-1 Layer 1,2,3 (2-CH), MPEG-2 Layer 1,2, HE AAC V1 \/ V2 Supportsprog: Globalt DRM: Widevine L1, L3 M\u00e5le L\u00e6ngde: 94mm Bredde: 94mm Tykkelse: 16mm Sort farve Havne Nuv\u00e6rende input: 1 USB3.0: 1 HDMI: 1 LAN: 1 Micro SD-kort: 1 IR-udvidelse: 1 Str\u00f8mindgang Str\u00f8m: 12VDC \/ 1A Str\u00f8mforbrug: Maks. 12W Standby effekt: Maks. 0,5W (Ultra lav effekt)<\/span><\/p>","protected":false},"excerpt":{"rendered":"<pre id=\"tw-target-text\" class=\"tw-data-text tw-text-large tw-ta\" dir=\"ltr\" data-placeholder=\"\u00d6vers\u00e4ttning\"><span class=\"Y2IQFc\" lang=\"da\">Formula Z10 Pro 4K Android IPTV med 12 m\u00e5neders abonnement<\/span><\/pre>","protected":false},"featured_media":139,"comment_status":"open","ping_status":"closed","template":"","meta":[],"product_brand":[],"product_cat":[20],"product_tag":[],"class_list":{"0":"post-135","1":"product","2":"type-product","3":"status-publish","4":"has-post-thumbnail","6":"product_cat-ip-tv","8":"first","9":"instock","10":"shipping-taxable","11":"purchasable","12":"product-type-simple"},"yoast_head":"<!-- This site is optimized with the Yoast SEO plugin v27.5 - https:\/\/yoast.com\/product\/yoast-seo-wordpress\/ -->\n<title>Formula Z11 Pro 4K Android IPTV med 12 m\u00e5neders abonnement - IPTV Konge<\/title>\n<meta name=\"robots\" content=\"index, follow, max-snippet:-1, max-image-preview:large, max-video-preview:-1\" \/>\n<link rel=\"canonical\" href=\"https:\/\/iptvkonge.com\/da\/vare\/formula-z11-pro-4k-android-iptv-med-12-maneders-abonnement\/\" \/>\n<meta property=\"og:locale\" content=\"da_DK\" \/>\n<meta property=\"og:type\" content=\"article\" \/>\n<meta property=\"og:title\" content=\"Formula Z11 Pro 4K Android IPTV med 12 m\u00e5neders abonnement - IPTV Konge\" \/>\n<meta property=\"og:description\" content=\"Formula Z10 Pro 4K Android IPTV med 12 m\u00e5neders abonnement\" \/>\n<meta property=\"og:url\" content=\"https:\/\/iptvkonge.com\/da\/vare\/formula-z11-pro-4k-android-iptv-med-12-maneders-abonnement\/\" \/>\n<meta property=\"og:site_name\" content=\"IPTV Konge\" \/>\n<meta property=\"article:modified_time\" content=\"2025-03-23T21:23:50+00:00\" \/>\n<meta property=\"og:image\" content=\"https:\/\/iptvkonge.com\/wp-content\/uploads\/2025\/03\/FORMULER_Z10Pro_homepage12.webp\" \/>\n\t<meta property=\"og:image:width\" content=\"762\" \/>\n\t<meta property=\"og:image:height\" content=\"762\" \/>\n\t<meta property=\"og:image:type\" content=\"image\/webp\" \/>\n<meta name=\"twitter:card\" content=\"summary_large_image\" \/>\n<meta name=\"twitter:label1\" content=\"Estimeret l\u00e6setid\" \/>\n\t<meta name=\"twitter:data1\" content=\"2 minutter\" \/>\n<script type=\"application\/ld+json\" class=\"yoast-schema-graph\">{\"@context\":\"https:\\\/\\\/schema.org\",\"@graph\":[{\"@type\":\"WebPage\",\"@id\":\"https:\\\/\\\/iptvkonge.com\\\/product\\\/formula-z11-pro-4k-android-iptv-med-12-maneders-abonnement\\\/\",\"url\":\"https:\\\/\\\/iptvkonge.com\\\/product\\\/formula-z11-pro-4k-android-iptv-med-12-maneders-abonnement\\\/\",\"name\":\"Formula Z11 Pro 4K Android IPTV med 12 m\u00e5neders abonnement - IPTV Konge\",\"isPartOf\":{\"@id\":\"https:\\\/\\\/iptvkonge.com\\\/#website\"},\"primaryImageOfPage\":{\"@id\":\"https:\\\/\\\/iptvkonge.com\\\/product\\\/formula-z11-pro-4k-android-iptv-med-12-maneders-abonnement\\\/#primaryimage\"},\"image\":{\"@id\":\"https:\\\/\\\/iptvkonge.com\\\/product\\\/formula-z11-pro-4k-android-iptv-med-12-maneders-abonnement\\\/#primaryimage\"},\"thumbnailUrl\":\"https:\\\/\\\/iptvkonge.com\\\/wp-content\\\/uploads\\\/2025\\\/03\\\/FORMULER_Z10Pro_homepage12.webp\",\"datePublished\":\"2025-03-23T21:23:47+00:00\",\"dateModified\":\"2025-03-23T21:23:50+00:00\",\"breadcrumb\":{\"@id\":\"https:\\\/\\\/iptvkonge.com\\\/product\\\/formula-z11-pro-4k-android-iptv-med-12-maneders-abonnement\\\/#breadcrumb\"},\"inLanguage\":\"da-DK\",\"potentialAction\":[{\"@type\":\"ReadAction\",\"target\":[\"https:\\\/\\\/iptvkonge.com\\\/product\\\/formula-z11-pro-4k-android-iptv-med-12-maneders-abonnement\\\/\"]}]},{\"@type\":\"ImageObject\",\"inLanguage\":\"da-DK\",\"@id\":\"https:\\\/\\\/iptvkonge.com\\\/product\\\/formula-z11-pro-4k-android-iptv-med-12-maneders-abonnement\\\/#primaryimage\",\"url\":\"https:\\\/\\\/iptvkonge.com\\\/wp-content\\\/uploads\\\/2025\\\/03\\\/FORMULER_Z10Pro_homepage12.webp\",\"contentUrl\":\"https:\\\/\\\/iptvkonge.com\\\/wp-content\\\/uploads\\\/2025\\\/03\\\/FORMULER_Z10Pro_homepage12.webp\",\"width\":762,\"height\":762},{\"@type\":\"BreadcrumbList\",\"@id\":\"https:\\\/\\\/iptvkonge.com\\\/product\\\/formula-z11-pro-4k-android-iptv-med-12-maneders-abonnement\\\/#breadcrumb\",\"itemListElement\":[{\"@type\":\"ListItem\",\"position\":1,\"name\":\"Home\",\"item\":\"https:\\\/\\\/iptvkonge.com\\\/\"},{\"@type\":\"ListItem\",\"position\":2,\"name\":\"Shop\",\"item\":\"https:\\\/\\\/iptvkonge.com\\\/shop\\\/\"},{\"@type\":\"ListItem\",\"position\":3,\"name\":\"Formula Z11 Pro 4K Android IPTV med 12 m\u00e5neders abonnement\"}]},{\"@type\":\"WebSite\",\"@id\":\"https:\\\/\\\/iptvkonge.com\\\/#website\",\"url\":\"https:\\\/\\\/iptvkonge.com\\\/\",\"name\":\"IPTV Konge\",\"description\":\"\",\"potentialAction\":[{\"@type\":\"SearchAction\",\"target\":{\"@type\":\"EntryPoint\",\"urlTemplate\":\"https:\\\/\\\/iptvkonge.com\\\/?s={search_term_string}\"},\"query-input\":{\"@type\":\"PropertyValueSpecification\",\"valueRequired\":true,\"valueName\":\"search_term_string\"}}],\"inLanguage\":\"da-DK\"}]}<\/script>\n<!-- \/ Yoast SEO plugin. -->","yoast_head_json":{"title":"Formula Z11 Pro 4K Android IPTV med 12 m\u00e5neders abonnement - IPTV Konge","robots":{"index":"index","follow":"follow","max-snippet":"max-snippet:-1","max-image-preview":"max-image-preview:large","max-video-preview":"max-video-preview:-1"},"canonical":"https:\/\/iptvkonge.com\/da\/vare\/formula-z11-pro-4k-android-iptv-med-12-maneders-abonnement\/","og_locale":"da_DK","og_type":"article","og_title":"Formula Z11 Pro 4K Android IPTV med 12 m\u00e5neders abonnement - IPTV Konge","og_description":"Formula Z10 Pro 4K Android IPTV med 12 m\u00e5neders abonnement","og_url":"https:\/\/iptvkonge.com\/da\/vare\/formula-z11-pro-4k-android-iptv-med-12-maneders-abonnement\/","og_site_name":"IPTV Konge","article_modified_time":"2025-03-23T21:23:50+00:00","og_image":[{"width":762,"height":762,"url":"https:\/\/iptvkonge.com\/wp-content\/uploads\/2025\/03\/FORMULER_Z10Pro_homepage12.webp","type":"image\/webp"}],"twitter_card":"summary_large_image","twitter_misc":{"Estimeret l\u00e6setid":"2 minutter"},"schema":{"@context":"https:\/\/schema.org","@graph":[{"@type":"WebPage","@id":"https:\/\/iptvkonge.com\/product\/formula-z11-pro-4k-android-iptv-med-12-maneders-abonnement\/","url":"https:\/\/iptvkonge.com\/product\/formula-z11-pro-4k-android-iptv-med-12-maneders-abonnement\/","name":"Formula Z11 Pro 4K Android IPTV med 12 m\u00e5neders abonnement - IPTV Konge","isPartOf":{"@id":"https:\/\/iptvkonge.com\/#website"},"primaryImageOfPage":{"@id":"https:\/\/iptvkonge.com\/product\/formula-z11-pro-4k-android-iptv-med-12-maneders-abonnement\/#primaryimage"},"image":{"@id":"https:\/\/iptvkonge.com\/product\/formula-z11-pro-4k-android-iptv-med-12-maneders-abonnement\/#primaryimage"},"thumbnailUrl":"https:\/\/iptvkonge.com\/wp-content\/uploads\/2025\/03\/FORMULER_Z10Pro_homepage12.webp","datePublished":"2025-03-23T21:23:47+00:00","dateModified":"2025-03-23T21:23:50+00:00","breadcrumb":{"@id":"https:\/\/iptvkonge.com\/product\/formula-z11-pro-4k-android-iptv-med-12-maneders-abonnement\/#breadcrumb"},"inLanguage":"da-DK","potentialAction":[{"@type":"ReadAction","target":["https:\/\/iptvkonge.com\/product\/formula-z11-pro-4k-android-iptv-med-12-maneders-abonnement\/"]}]},{"@type":"ImageObject","inLanguage":"da-DK","@id":"https:\/\/iptvkonge.com\/product\/formula-z11-pro-4k-android-iptv-med-12-maneders-abonnement\/#primaryimage","url":"https:\/\/iptvkonge.com\/wp-content\/uploads\/2025\/03\/FORMULER_Z10Pro_homepage12.webp","contentUrl":"https:\/\/iptvkonge.com\/wp-content\/uploads\/2025\/03\/FORMULER_Z10Pro_homepage12.webp","width":762,"height":762},{"@type":"BreadcrumbList","@id":"https:\/\/iptvkonge.com\/product\/formula-z11-pro-4k-android-iptv-med-12-maneders-abonnement\/#breadcrumb","itemListElement":[{"@type":"ListItem","position":1,"name":"Home","item":"https:\/\/iptvkonge.com\/"},{"@type":"ListItem","position":2,"name":"Shop","item":"https:\/\/iptvkonge.com\/shop\/"},{"@type":"ListItem","position":3,"name":"Formula Z11 Pro 4K Android IPTV med 12 m\u00e5neders abonnement"}]},{"@type":"WebSite","@id":"https:\/\/iptvkonge.com\/#website","url":"https:\/\/iptvkonge.com\/","name":"IPTV Konge","description":"","potentialAction":[{"@type":"SearchAction","target":{"@type":"EntryPoint","urlTemplate":"https:\/\/iptvkonge.com\/?s={search_term_string}"},"query-input":{"@type":"PropertyValueSpecification","valueRequired":true,"valueName":"search_term_string"}}],"inLanguage":"da-DK"}]}},"_links":{"self":[{"href":"https:\/\/iptvkonge.com\/da\/wp-json\/wp\/v2\/product\/135","targetHints":{"allow":["GET"]}}],"collection":[{"href":"https:\/\/iptvkonge.com\/da\/wp-json\/wp\/v2\/product"}],"about":[{"href":"https:\/\/iptvkonge.com\/da\/wp-json\/wp\/v2\/types\/product"}],"replies":[{"embeddable":true,"href":"https:\/\/iptvkonge.com\/da\/wp-json\/wp\/v2\/comments?post=135"}],"wp:featuredmedia":[{"embeddable":true,"href":"https:\/\/iptvkonge.com\/da\/wp-json\/wp\/v2\/media\/139"}],"wp:attachment":[{"href":"https:\/\/iptvkonge.com\/da\/wp-json\/wp\/v2\/media?parent=135"}],"wp:term":[{"taxonomy":"product_brand","embeddable":true,"href":"https:\/\/iptvkonge.com\/da\/wp-json\/wp\/v2\/product_brand?post=135"},{"taxonomy":"product_cat","embeddable":true,"href":"https:\/\/iptvkonge.com\/da\/wp-json\/wp\/v2\/product_cat?post=135"},{"taxonomy":"product_tag","embeddable":true,"href":"https:\/\/iptvkonge.com\/da\/wp-json\/wp\/v2\/product_tag?post=135"}],"curies":[{"name":"wp","href":"https:\/\/api.w.org\/{rel}","templated":true}]}}